{"id":2234,"date":"2024-07-26T08:21:36","date_gmt":"2024-07-26T08:21:36","guid":{"rendered":"https:\/\/check.metastic.world\/?page_id=2234"},"modified":"2024-11-30T10:40:28","modified_gmt":"2024-11-30T10:40:28","slug":"build-muscle","status":"publish","type":"page","link":"https:\/\/bodyshapenutrition.eu\/pt\/build-muscle\/","title":{"rendered":"Build Muscle"},"content":{"rendered":"\t\t<div data-elementor-type=\"wp-page\" data-elementor-id=\"2234\" class=\"elementor elementor-2234\">\n\t\t\t\t\t\t<section class=\"elementor-section elementor-top-section elementor-element elementor-element-b437775 elementor-section-full_width elementor-section-stretched elementor-section-height-default elementor-section-height-default\" data-id=\"b437775\" data-element_type=\"section\" data-settings=\"{&quot;stretch_section&quot;:&quot;section-stretched&quot;,&quot;background_background&quot;:&quot;classic&quot;}\">\n\t\t\t\t\t\t<div class=\"elementor-container elementor-column-gap-default\">\n\t\t\t\t\t<div class=\"elementor-column elementor-col-100 elementor-top-column elementor-element elementor-element-51b505d\" data-id=\"51b505d\" data-element_type=\"column\">\n\t\t\t<div class=\"elementor-widget-wrap elementor-element-populated\">\n\t\t\t\t\t\t<div class=\"elementor-element elementor-element-d2531a6 elementor-widget elementor-widget-heading\" data-id=\"d2531a6\" data-element_type=\"widget\" data-widget_type=\"heading.default\">\n\t\t\t\t<div class=\"elementor-widget-container\">\n\t\t\t<style>\/*! elementor - v3.21.0 - 26-05-2024 *\/\n.elementor-heading-title{padding:0;margin:0;line-height:1}.elementor-widget-heading .elementor-heading-title[class*=elementor-size-]>a{color:inherit;font-size:inherit;line-height:inherit}.elementor-widget-heading .elementor-heading-title.elementor-size-small{font-size:15px}.elementor-widget-heading .elementor-heading-title.elementor-size-medium{font-size:19px}.elementor-widget-heading .elementor-heading-title.elementor-size-large{font-size:29px}.elementor-widget-heading .elementor-heading-title.elementor-size-xl{font-size:39px}.elementor-widget-heading .elementor-heading-title.elementor-size-xxl{font-size:59px}<\/style><h2 class=\"elementor-heading-title elementor-size-default\">Construir M\u00fasculo<\/h2>\t\t<\/div>\n\t\t\t\t<\/div>\n\t\t\t\t\t<\/div>\n\t\t<\/div>\n\t\t\t\t\t<\/div>\n\t\t<\/section>\n\t\t\t\t<section class=\"elementor-section elementor-top-section elementor-element elementor-element-2b25536 elementor-section-boxed elementor-section-height-default elementor-section-height-default\" data-id=\"2b25536\" data-element_type=\"section\">\n\t\t\t\t\t\t<div class=\"elementor-container elementor-column-gap-default\">\n\t\t\t\t\t<div class=\"elementor-column elementor-col-100 elementor-top-column elementor-element elementor-element-7378d62\" data-id=\"7378d62\" data-element_type=\"column\">\n\t\t\t<div class=\"elementor-widget-wrap elementor-element-populated\">\n\t\t\t\t\t\t<div class=\"elementor-element elementor-element-fff1df4 elementor-widget elementor-widget-int-sec-title\" data-id=\"fff1df4\" data-element_type=\"widget\" data-widget_type=\"int-sec-title.default\">\n\t\t\t\t<div class=\"elementor-widget-container\">\n\t\t\t\r\n                <div class=\"sec-title sec-title--two\">\r\n                            <span class=\"sub-title\">Por Objetivo<\/span>\r\n                            <h2 class=\"title\">Transforme a for\u00e7a, construa m\u00fasculos rapidamente<\/h2>\r\n                    <\/div>\r\n    \t\t<\/div>\n\t\t\t\t<\/div>\n\t\t\t\t<div class=\"elementor-element elementor-element-dc5ca6a elementor-widget elementor-widget-text-editor\" data-id=\"dc5ca6a\" data-element_type=\"widget\" data-widget_type=\"text-editor.default\">\n\t\t\t\t<div class=\"elementor-widget-container\">\n\t\t\t<style>\/*! elementor - v3.21.0 - 26-05-2024 *\/\n.elementor-widget-text-editor.elementor-drop-cap-view-stacked .elementor-drop-cap{background-color:#69727d;color:#fff}.elementor-widget-text-editor.elementor-drop-cap-view-framed .elementor-drop-cap{color:#69727d;border:3px solid;background-color:transparent}.elementor-widget-text-editor:not(.elementor-drop-cap-view-default) .elementor-drop-cap{margin-top:8px}.elementor-widget-text-editor:not(.elementor-drop-cap-view-default) .elementor-drop-cap-letter{width:1em;height:1em}.elementor-widget-text-editor .elementor-drop-cap{float:left;text-align:center;line-height:1;font-size:50px}.elementor-widget-text-editor .elementor-drop-cap-letter{display:inline-block}<\/style>\t\t\t\t<p><strong><span style=\"color: #000000;\">Vis\u00e3o geral:<\/span><\/strong><br \/><span style=\"color: #000000;\">Na BodyShape Nutrition, nos dedicamos a ajudar voc\u00ea a atingir seus objetivos de condicionamento f\u00edsico com precis\u00e3o e efici\u00eancia. Nossa cole\u00e7\u00e3o Build Muscle Fast foi projetada para aqueles que querem maximizar sua for\u00e7a e ganhos musculares. De suplementos premium a equipamentos de treino de primeira linha, cada produto \u00e9 cuidadosamente selecionado para dar suporte \u00e0 sua jornada de constru\u00e7\u00e3o muscular. Seja voc\u00ea um atleta experiente ou apenas come\u00e7ando, a BodyShape Nutrition fornece os melhores shakes e itens essenciais para constru\u00e7\u00e3o muscular de que voc\u00ea precisa para transformar sua for\u00e7a e esculpir o f\u00edsico que sempre desejou.<\/span><\/p>\t\t\t\t\t\t<\/div>\n\t\t\t\t<\/div>\n\t\t\t\t\t<\/div>\n\t\t<\/div>\n\t\t\t\t\t<\/div>\n\t\t<\/section>\n\t\t\t\t<section class=\"elementor-section elementor-top-section elementor-element elementor-element-aae4163 elementor-section-boxed elementor-section-height-default elementor-section-height-default\" data-id=\"aae4163\" data-element_type=\"section\">\n\t\t\t\t\t\t<div class=\"elementor-container elementor-column-gap-default\">\n\t\t\t\t\t<div class=\"elementor-column elementor-col-100 elementor-top-column elementor-element elementor-element-2f40884\" data-id=\"2f40884\" data-element_type=\"column\">\n\t\t\t<div class=\"elementor-widget-wrap elementor-element-populated\">\n\t\t\t\t\t\t<div class=\"elementor-element elementor-element-1109d92 elementor-widget elementor-widget-int-products\" data-id=\"1109d92\" data-element_type=\"widget\" data-widget_type=\"int-products.default\">\n\t\t\t\t<div class=\"elementor-widget-container\">\n\t\t\t        <div class=\"product-slider swiper-container\">\r\n            <div class=\"swiper-wrapper\">\r\n\r\n                                    <div class=\"swiper-slide product-item text-center\">\r\n                        <div class=\"xb-item--img\">\r\n                            <a href=\"https:\/\/bodyshapenutrition.eu\/pt\/product\/power-whey-protein-shake-banana\/\"><img decoding=\"async\" src=\"https:\/\/bodyshapenutrition.eu\/pt\/wp-content\/uploads\/2024\/08\/BodyShape-Protein-Bag-Banana-mock-up-2.png\" alt=\"img\"><\/a>\r\n                        <\/div>\r\n                        <div class=\"xb-item--holder\">\r\n                            <h3 class=\"xb-item--title\"><a href=\"https:\/\/bodyshapenutrition.eu\/pt\/product\/power-whey-protein-shake-banana\/\">Power Whey Protein Shake Banana<\/a><\/h3>\r\n                            <div class=\"xb-item--rating-inner ul_li_center\">\r\n                                <div class=\"xb-item--rating ul_li\">\r\n                                    <i class=\"far fa-star\"><\/i><i class=\"far fa-star\"><\/i><i class=\"far fa-star\"><\/i><i class=\"far fa-star\"><\/i><i class=\"far fa-star\"><\/i>                                <\/div>\r\n                                <span>(0)<\/span>\r\n                            <\/div>\r\n                                                    <\/div>\r\n                        <div class=\"xb-item--action ul_li mt-20\">\r\n                            <span class=\"xb-item--price\"><span class=\"woocommerce-Price-amount amount\"><span class=\"woocommerce-Price-currencySymbol\">&#107;&#114;<\/span>230.00<\/span><\/span>\r\n                            <a href=\"https:\/\/bodyshapenutrition.eu\/pt\/product\/power-whey-protein-shake-banana\/\"><span class=\"xb-item--cart-icon\"><img decoding=\"async\"\r\n                                            src=\"https:\/\/bodyshapenutrition.eu\/pt\/wp-content\/plugins\/purefit-core\/assets\/img\/bag.svg\" alt=\"\"><\/span><span class=\"xb-item--cart\">add to cart<\/span><\/a>\r\n                        <\/div>\r\n                    <\/div>\r\n                                    <div class=\"swiper-slide product-item text-center\">\r\n                        <div class=\"xb-item--img\">\r\n                            <a href=\"https:\/\/bodyshapenutrition.eu\/pt\/product\/power-vegan-protein-shake-salted-caramel\/\"><img decoding=\"async\" src=\"https:\/\/bodyshapenutrition.eu\/pt\/wp-content\/uploads\/2024\/08\/BodyShape-Protein-Bag-Vegan-Salted-Caramel-mock-up-1.png\" alt=\"img\"><\/a>\r\n                        <\/div>\r\n                        <div class=\"xb-item--holder\">\r\n                            <h3 class=\"xb-item--title\"><a href=\"https:\/\/bodyshapenutrition.eu\/pt\/product\/power-vegan-protein-shake-salted-caramel\/\">Power Vegan Protein Shake Salted Caramel<\/a><\/h3>\r\n                            <div class=\"xb-item--rating-inner ul_li_center\">\r\n                                <div class=\"xb-item--rating ul_li\">\r\n                                    <i class=\"far fa-star\"><\/i><i class=\"far fa-star\"><\/i><i class=\"far fa-star\"><\/i><i class=\"far fa-star\"><\/i><i class=\"far fa-star\"><\/i>                                <\/div>\r\n                                <span>(0)<\/span>\r\n                            <\/div>\r\n                                                    <\/div>\r\n                        <div class=\"xb-item--action ul_li mt-20\">\r\n                            <span class=\"xb-item--price\"><span class=\"woocommerce-Price-amount amount\"><span class=\"woocommerce-Price-currencySymbol\">&#107;&#114;<\/span>400.00<\/span><\/span>\r\n                            <a href=\"https:\/\/bodyshapenutrition.eu\/pt\/product\/power-vegan-protein-shake-salted-caramel\/\"><span class=\"xb-item--cart-icon\"><img decoding=\"async\"\r\n                                            src=\"https:\/\/bodyshapenutrition.eu\/pt\/wp-content\/plugins\/purefit-core\/assets\/img\/bag.svg\" alt=\"\"><\/span><span class=\"xb-item--cart\">add to cart<\/span><\/a>\r\n                        <\/div>\r\n                    <\/div>\r\n                                    <div class=\"swiper-slide product-item text-center\">\r\n                        <div class=\"xb-item--img\">\r\n                            <a href=\"https:\/\/bodyshapenutrition.eu\/pt\/product\/power-vegan-protein-shake-banana\/\"><img decoding=\"async\" src=\"https:\/\/bodyshapenutrition.eu\/pt\/wp-content\/uploads\/2024\/08\/BodyShape-Protein-Bag-Vegan-Banana-mock-up-1.png\" alt=\"img\"><\/a>\r\n                        <\/div>\r\n                        <div class=\"xb-item--holder\">\r\n                            <h3 class=\"xb-item--title\"><a href=\"https:\/\/bodyshapenutrition.eu\/pt\/product\/power-vegan-protein-shake-banana\/\">Power Vegan Protein Shake Banana<\/a><\/h3>\r\n                            <div class=\"xb-item--rating-inner ul_li_center\">\r\n                                <div class=\"xb-item--rating ul_li\">\r\n                                    <i class=\"far fa-star\"><\/i><i class=\"far fa-star\"><\/i><i class=\"far fa-star\"><\/i><i class=\"far fa-star\"><\/i><i class=\"far fa-star\"><\/i>                                <\/div>\r\n                                <span>(0)<\/span>\r\n                            <\/div>\r\n                                                    <\/div>\r\n                        <div class=\"xb-item--action ul_li mt-20\">\r\n                            <span class=\"xb-item--price\"><span class=\"woocommerce-Price-amount amount\"><span class=\"woocommerce-Price-currencySymbol\">&#107;&#114;<\/span>300.00<\/span><\/span>\r\n                            <a href=\"https:\/\/bodyshapenutrition.eu\/pt\/product\/power-vegan-protein-shake-banana\/\"><span class=\"xb-item--cart-icon\"><img decoding=\"async\"\r\n                                            src=\"https:\/\/bodyshapenutrition.eu\/pt\/wp-content\/plugins\/purefit-core\/assets\/img\/bag.svg\" alt=\"\"><\/span><span class=\"xb-item--cart\">add to cart<\/span><\/a>\r\n                        <\/div>\r\n                    <\/div>\r\n                                    <div class=\"swiper-slide product-item text-center\">\r\n                        <div class=\"xb-item--img\">\r\n                            <a href=\"https:\/\/bodyshapenutrition.eu\/pt\/product\/collagen-shake-strawberry\/\"><img decoding=\"async\" src=\"https:\/\/bodyshapenutrition.eu\/pt\/wp-content\/uploads\/2024\/08\/BodyShape-Protein-Bag-Collagen-Strawberry-mock-up-1.png\" alt=\"img\"><\/a>\r\n                        <\/div>\r\n                        <div class=\"xb-item--holder\">\r\n                            <h3 class=\"xb-item--title\"><a href=\"https:\/\/bodyshapenutrition.eu\/pt\/product\/collagen-shake-strawberry\/\">Collagen Shake Strawberry<\/a><\/h3>\r\n                            <div class=\"xb-item--rating-inner ul_li_center\">\r\n                                <div class=\"xb-item--rating ul_li\">\r\n                                    <i class=\"far fa-star\"><\/i><i class=\"far fa-star\"><\/i><i class=\"far fa-star\"><\/i><i class=\"far fa-star\"><\/i><i class=\"far fa-star\"><\/i>                                <\/div>\r\n                                <span>(0)<\/span>\r\n                            <\/div>\r\n                                                    <\/div>\r\n                        <div class=\"xb-item--action ul_li mt-20\">\r\n                            <span class=\"xb-item--price\"><span class=\"woocommerce-Price-amount amount\"><span class=\"woocommerce-Price-currencySymbol\">&#107;&#114;<\/span>300.00<\/span><\/span>\r\n                            <a href=\"https:\/\/bodyshapenutrition.eu\/pt\/product\/collagen-shake-strawberry\/\"><span class=\"xb-item--cart-icon\"><img decoding=\"async\"\r\n                                            src=\"https:\/\/bodyshapenutrition.eu\/pt\/wp-content\/plugins\/purefit-core\/assets\/img\/bag.svg\" alt=\"\"><\/span><span class=\"xb-item--cart\">add to cart<\/span><\/a>\r\n                        <\/div>\r\n                    <\/div>\r\n                            <\/div>\r\n        <\/div>\r\n        \t\t<\/div>\n\t\t\t\t<\/div>\n\t\t\t\t<div class=\"elementor-element elementor-element-7c87088 elementor-widget elementor-widget-text-editor\" data-id=\"7c87088\" data-element_type=\"widget\" data-widget_type=\"text-editor.default\">\n\t\t\t\t<div class=\"elementor-widget-container\">\n\t\t\t\t\t\t\t<p><span style=\"color: #000000;\"><b>Por que voc\u00ea deve escolher os suplementos de constru\u00e7\u00e3o muscular da BodyShape Nutrition?<br \/><\/b>Na BodyShape Nutrition, entendemos que construir m\u00fasculos \u00e9 mais do que apenas uma meta; \u00e9 um compromisso com sua jornada fitness. Nossa linha de suplementos de constru\u00e7\u00e3o muscular, incluindo nossos melhores shakes de prote\u00edna para construir m\u00fasculos, \u00e9 meticulosamente elaborada para atender \u00e0s necessidades do seu corpo. Quer voc\u00ea esteja se perguntando se os shakes de prote\u00edna ajudam a construir m\u00fasculos ou esteja confiante nos benef\u00edcios, escolher nossos produtos garante que seu corpo obtenha os nutrientes necess\u00e1rios para reparar e desenvolver o tecido muscular. Isso melhora os resultados do seu treino e ajuda voc\u00ea a atingir suas metas de condicionamento f\u00edsico de forma mais r\u00e1pida e eficaz.<\/span><\/p><p><span style=\"color: #000000;\"><b>Como nossos suplementos melhoram seu crescimento muscular?<br \/><\/b>Na BodyShape Nutrition, entendemos que construir m\u00fasculos \u00e9 mais do que apenas uma meta; \u00e9 um compromisso com sua jornada fitness. Nossa linha de suplementos de constru\u00e7\u00e3o muscular, incluindo nossos melhores shakes de prote\u00edna para construir m\u00fasculos, \u00e9 meticulosamente elaborada para atender \u00e0s necessidades do seu corpo. Quer voc\u00ea esteja se perguntando se os shakes de prote\u00edna ajudam a construir m\u00fasculos ou esteja confiante nos benef\u00edcios, escolher nossos produtos garante que seu corpo receba os nutrientes necess\u00e1rios para reparar e desenvolver o tecido muscular. Isso melhora os resultados do seu treino e ajuda voc\u00ea a atingir seus objetivos de condicionamento f\u00edsico de forma mais r\u00e1pida e eficaz.<\/span><\/p><p><span style=\"color: #000000;\"><b>O que torna os shakes de nutri\u00e7\u00e3o BodyShape ideais para a constru\u00e7\u00e3o muscular?<br \/><\/b>Nossos shakes de constru\u00e7\u00e3o muscular n\u00e3o s\u00e3o apenas uma op\u00e7\u00e3o conveniente p\u00f3s-treino; eles s\u00e3o uma fonte de nutrientes que desempenham um papel crucial na recupera\u00e7\u00e3o e no crescimento muscular. Repletos de prote\u00ednas, vitaminas e minerais de alta qualidade, os shakes de nutri\u00e7\u00e3o BodyShape s\u00e3o projetados para serem rapidamente absorvidos pelo corpo, fornecendo nutri\u00e7\u00e3o imediata aos seus m\u00fasculos. Quer voc\u00ea esteja procurando uma substitui\u00e7\u00e3o de refei\u00e7\u00e3o ou um r\u00e1pido aumento de energia, nossos melhores shakes de prote\u00edna para construir m\u00fasculos s\u00e3o personalizados para ajud\u00e1-lo a manter o controle de seus objetivos de constru\u00e7\u00e3o muscular sem comprometer o sabor ou a nutri\u00e7\u00e3o.<\/span><\/p><p><span style=\"color: #000000;\"><b>Nossos produtos podem ajud\u00e1-lo a superar os plat\u00f4s em sua jornada de constru\u00e7\u00e3o muscular?<br \/><\/b>Chegar a um plat\u00f4 em sua jornada de constru\u00e7\u00e3o muscular pode ser frustrante, mas com a BodyShape Nutrition, voc\u00ea tem as ferramentas para seguir em frente e continuar progredindo. Nossos suplementos e shakes de constru\u00e7\u00e3o muscular s\u00e3o formulados para dar suporte a processos metab\u00f3licos que podem ajudar a superar esses plat\u00f4s, oferecendo aos seus m\u00fasculos o combust\u00edvel extra de que precisam para continuar crescendo. Ao incorporar nossos melhores shakes de constru\u00e7\u00e3o muscular em sua rotina, voc\u00ea pode manter ganhos consistentes e manter sua motiva\u00e7\u00e3o alta, garantindo que nada atrapalhe a obten\u00e7\u00e3o do f\u00edsico desejado.<\/span><\/p><p><span style=\"color: #000000;\"><b>Os shakes de prote\u00edna s\u00e3o necess\u00e1rios para construir m\u00fasculos?<\/b><\/span><\/p><p><span style=\"color: #000000;\">Embora os shakes de prote\u00edna n\u00e3o sejam absolutamente necess\u00e1rios para construir m\u00fasculos, eles s\u00e3o uma maneira incrivelmente conveniente e eficaz de garantir que voc\u00ea esteja obtendo prote\u00edna suficiente em sua dieta. Para aqueles que lutam para atender \u00e0s suas necessidades di\u00e1rias de prote\u00edna apenas com alimentos, os shakes de prote\u00edna podem fornecer o impulso extra necess\u00e1rio para apoiar o crescimento e a recupera\u00e7\u00e3o muscular, tornando-os uma adi\u00e7\u00e3o valiosa \u00e0 sua rotina de exerc\u00edcios.<\/span><\/p><p><span style=\"color: #000000;\"><b>Os shakes de prote\u00edna ajudam a construir m\u00fasculos?<\/b><\/span><\/p><p><span style=\"color: #000000;\">Sim, os shakes de prote\u00edna ajudam a construir m\u00fasculos, fornecendo ao seu corpo os amino\u00e1cidos necess\u00e1rios que apoiam o reparo e o crescimento muscular ap\u00f3s o exerc\u00edcio. Consumir um shake de prote\u00edna ap\u00f3s o treino garante que seus m\u00fasculos recebam os nutrientes necess\u00e1rios para se recuperar e ficar mais fortes.<\/span><\/p>\t\t\t\t\t\t<\/div>\n\t\t\t\t<\/div>\n\t\t\t\t\t<\/div>\n\t\t<\/div>\n\t\t\t\t\t<\/div>\n\t\t<\/section>\n\t\t\t\t<\/div>\n\t\t","protected":false},"excerpt":{"rendered":"<p>Construir M\u00fasculo Por Objetivo Transforme a for\u00e7a, construa m\u00fasculos rapidamente Vis\u00e3o geral:Na BodyShape Nutrition, nos dedicamos a ajudar voc\u00ea a atingir seus objetivos de condicionamento f\u00edsico com precis\u00e3o e efici\u00eancia. Nossa cole\u00e7\u00e3o Build Muscle Fast foi projetada para aqueles que querem maximizar sua for\u00e7a e ganhos musculares. De suplementos premium a equipamentos de treino de [&hellip;]<\/p>\n","protected":false},"author":1,"featured_media":0,"parent":0,"menu_order":0,"comment_status":"closed","ping_status":"closed","template":"","meta":{"inline_featured_image":false,"_uag_custom_page_level_css":"","footnotes":""},"class_list":["post-2234","page","type-page","status-publish","hentry"],"uagb_featured_image_src":{"full":false,"thumbnail":false,"medium":false,"medium_large":false,"large":false,"1536x1536":false,"2048x2048":false,"purefit-large":false,"purefit-medium":false,"purefit-blog":false,"woocommerce_thumbnail":false,"woocommerce_single":false,"woocommerce_gallery_thumbnail":false},"uagb_author_info":{"display_name":"metasticworld","author_link":"https:\/\/bodyshapenutrition.eu\/pt\/author\/metasticworld\/"},"uagb_comment_info":0,"uagb_excerpt":"Construir M\u00fasculo Por Objetivo Transforme a for\u00e7a, construa m\u00fasculos rapidamente Vis\u00e3o geral:Na BodyShape Nutrition, nos dedicamos a ajudar voc\u00ea a atingir seus objetivos de condicionamento f\u00edsico com precis\u00e3o e efici\u00eancia. Nossa cole\u00e7\u00e3o Build Muscle Fast foi projetada para aqueles que querem maximizar sua for\u00e7a e ganhos musculares. De suplementos premium a equipamentos de treino de&hellip;","_links":{"self":[{"href":"https:\/\/bodyshapenutrition.eu\/pt\/wp-json\/wp\/v2\/pages\/2234"}],"collection":[{"href":"https:\/\/bodyshapenutrition.eu\/pt\/wp-json\/wp\/v2\/pages"}],"about":[{"href":"https:\/\/bodyshapenutrition.eu\/pt\/wp-json\/wp\/v2\/types\/page"}],"author":[{"embeddable":true,"href":"https:\/\/bodyshapenutrition.eu\/pt\/wp-json\/wp\/v2\/users\/1"}],"replies":[{"embeddable":true,"href":"https:\/\/bodyshapenutrition.eu\/pt\/wp-json\/wp\/v2\/comments?post=2234"}],"version-history":[{"count":40,"href":"https:\/\/bodyshapenutrition.eu\/pt\/wp-json\/wp\/v2\/pages\/2234\/revisions"}],"predecessor-version":[{"id":2804,"href":"https:\/\/bodyshapenutrition.eu\/pt\/wp-json\/wp\/v2\/pages\/2234\/revisions\/2804"}],"wp:attachment":[{"href":"https:\/\/bodyshapenutrition.eu\/pt\/wp-json\/wp\/v2\/media?parent=2234"}],"curies":[{"name":"wp","href":"https:\/\/api.w.org\/{rel}","templated":true}]}}