{"id":2225,"date":"2024-07-26T08:17:31","date_gmt":"2024-07-26T08:17:31","guid":{"rendered":"https:\/\/check.metastic.world\/?page_id=2225"},"modified":"2024-11-30T10:40:59","modified_gmt":"2024-11-30T10:40:59","slug":"loose-weight","status":"publish","type":"page","link":"https:\/\/bodyshapenutrition.eu\/pt\/loose-weight\/","title":{"rendered":"Loose Weight"},"content":{"rendered":"\t\t<div data-elementor-type=\"wp-page\" data-elementor-id=\"2225\" class=\"elementor elementor-2225\">\n\t\t\t\t\t\t<section class=\"elementor-section elementor-top-section elementor-element elementor-element-cf11b01 elementor-section-full_width elementor-section-stretched elementor-section-height-default elementor-section-height-default\" data-id=\"cf11b01\" data-element_type=\"section\" data-settings=\"{&quot;stretch_section&quot;:&quot;section-stretched&quot;,&quot;background_background&quot;:&quot;classic&quot;}\">\n\t\t\t\t\t\t<div class=\"elementor-container elementor-column-gap-default\">\n\t\t\t\t\t<div class=\"elementor-column elementor-col-100 elementor-top-column elementor-element elementor-element-bf51373\" data-id=\"bf51373\" data-element_type=\"column\">\n\t\t\t<div class=\"elementor-widget-wrap elementor-element-populated\">\n\t\t\t\t\t\t<div class=\"elementor-element elementor-element-2018a2a elementor-widget elementor-widget-heading\" data-id=\"2018a2a\" data-element_type=\"widget\" data-widget_type=\"heading.default\">\n\t\t\t\t<div class=\"elementor-widget-container\">\n\t\t\t<style>\/*! elementor - v3.21.0 - 26-05-2024 *\/\n.elementor-heading-title{padding:0;margin:0;line-height:1}.elementor-widget-heading .elementor-heading-title[class*=elementor-size-]>a{color:inherit;font-size:inherit;line-height:inherit}.elementor-widget-heading .elementor-heading-title.elementor-size-small{font-size:15px}.elementor-widget-heading .elementor-heading-title.elementor-size-medium{font-size:19px}.elementor-widget-heading .elementor-heading-title.elementor-size-large{font-size:29px}.elementor-widget-heading .elementor-heading-title.elementor-size-xl{font-size:39px}.elementor-widget-heading .elementor-heading-title.elementor-size-xxl{font-size:59px}<\/style><h2 class=\"elementor-heading-title elementor-size-default\">Loose weight<\/h2>\t\t<\/div>\n\t\t\t\t<\/div>\n\t\t\t\t\t<\/div>\n\t\t<\/div>\n\t\t\t\t\t<\/div>\n\t\t<\/section>\n\t\t\t\t<section class=\"elementor-section elementor-top-section elementor-element elementor-element-eb9eab3 elementor-section-boxed elementor-section-height-default elementor-section-height-default\" data-id=\"eb9eab3\" data-element_type=\"section\">\n\t\t\t\t\t\t<div class=\"elementor-container elementor-column-gap-default\">\n\t\t\t\t\t<div class=\"elementor-column elementor-col-100 elementor-top-column elementor-element elementor-element-9963a04\" data-id=\"9963a04\" data-element_type=\"column\">\n\t\t\t<div class=\"elementor-widget-wrap elementor-element-populated\">\n\t\t\t\t\t\t<div class=\"elementor-element elementor-element-a4a4aba elementor-widget elementor-widget-int-sec-title\" data-id=\"a4a4aba\" data-element_type=\"widget\" data-widget_type=\"int-sec-title.default\">\n\t\t\t\t<div class=\"elementor-widget-container\">\n\t\t\t\r\n                <div class=\"sec-title sec-title--two\">\r\n                            <span class=\"sub-title\">Por Objetivo<\/span>\r\n                            <h2 class=\"title\">Perca Peso, Ganhe Confian\u00e7a Rapidamente<\/h2>\r\n                    <\/div>\r\n    \t\t<\/div>\n\t\t\t\t<\/div>\n\t\t\t\t<div class=\"elementor-element elementor-element-2403ce3 elementor-widget elementor-widget-text-editor\" data-id=\"2403ce3\" data-element_type=\"widget\" data-widget_type=\"text-editor.default\">\n\t\t\t\t<div class=\"elementor-widget-container\">\n\t\t\t<style>\/*! elementor - v3.21.0 - 26-05-2024 *\/\n.elementor-widget-text-editor.elementor-drop-cap-view-stacked .elementor-drop-cap{background-color:#69727d;color:#fff}.elementor-widget-text-editor.elementor-drop-cap-view-framed .elementor-drop-cap{color:#69727d;border:3px solid;background-color:transparent}.elementor-widget-text-editor:not(.elementor-drop-cap-view-default) .elementor-drop-cap{margin-top:8px}.elementor-widget-text-editor:not(.elementor-drop-cap-view-default) .elementor-drop-cap-letter{width:1em;height:1em}.elementor-widget-text-editor .elementor-drop-cap{float:left;text-align:center;line-height:1;font-size:50px}.elementor-widget-text-editor .elementor-drop-cap-letter{display:inline-block}<\/style>\t\t\t\t<p><span style=\"color: #000000;\"><strong>Vis\u00e3o geral:<\/strong><br \/>Na BodyShape Nutrition, nossa cole\u00e7\u00e3o \u201cLose Weight\u201d \u00e9 feita sob medida para aqueles comprometidos em perder quilos extras e atingir seu peso corporal ideal. Esta linha cuidadosamente selecionada inclui suplementos para queima de gordura, substitutos de refei\u00e7\u00f5es saud\u00e1veis, shakes para perda de peso, equipamentos de gin\u00e1stica e guias de estilo de vida projetados para ajudar voc\u00ea a perder peso de forma eficaz e sustent\u00e1vel. Quer voc\u00ea esteja procurando dar um salto inicial em sua jornada de perda de peso, romper um plat\u00f4 ou manter seu progresso, nossos produtos est\u00e3o aqui para dar suporte a cada passo do caminho. Com a BodyShape Nutrition, perder peso se torna uma experi\u00eancia administr\u00e1vel e gratificante.<\/span><\/p>\t\t\t\t\t\t<\/div>\n\t\t\t\t<\/div>\n\t\t\t\t\t<\/div>\n\t\t<\/div>\n\t\t\t\t\t<\/div>\n\t\t<\/section>\n\t\t\t\t<section class=\"elementor-section elementor-top-section elementor-element elementor-element-006d16a elementor-section-boxed elementor-section-height-default elementor-section-height-default\" data-id=\"006d16a\" data-element_type=\"section\">\n\t\t\t\t\t\t<div class=\"elementor-container elementor-column-gap-default\">\n\t\t\t\t\t<div class=\"elementor-column elementor-col-100 elementor-top-column elementor-element elementor-element-7112b4c\" data-id=\"7112b4c\" data-element_type=\"column\">\n\t\t\t<div class=\"elementor-widget-wrap elementor-element-populated\">\n\t\t\t\t\t\t<div class=\"elementor-element elementor-element-e2ee992 elementor-widget elementor-widget-int-products\" data-id=\"e2ee992\" data-element_type=\"widget\" data-widget_type=\"int-products.default\">\n\t\t\t\t<div class=\"elementor-widget-container\">\n\t\t\t        <div class=\"product-slider swiper-container\">\r\n            <div class=\"swiper-wrapper\">\r\n\r\n                                    <div class=\"swiper-slide product-item text-center\">\r\n                        <div class=\"xb-item--img\">\r\n                            <a href=\"https:\/\/bodyshapenutrition.eu\/pt\/product\/power-whey-protein-shake-banana\/\"><img decoding=\"async\" src=\"https:\/\/bodyshapenutrition.eu\/pt\/wp-content\/uploads\/2024\/08\/BodyShape-Protein-Bag-Banana-mock-up-2.png\" alt=\"img\"><\/a>\r\n                        <\/div>\r\n                        <div class=\"xb-item--holder\">\r\n                            <h3 class=\"xb-item--title\"><a href=\"https:\/\/bodyshapenutrition.eu\/pt\/product\/power-whey-protein-shake-banana\/\">Power Whey Protein Shake Banana<\/a><\/h3>\r\n                            <div class=\"xb-item--rating-inner ul_li_center\">\r\n                                <div class=\"xb-item--rating ul_li\">\r\n                                    <i class=\"far fa-star\"><\/i><i class=\"far fa-star\"><\/i><i class=\"far fa-star\"><\/i><i class=\"far fa-star\"><\/i><i class=\"far fa-star\"><\/i>                                <\/div>\r\n                                <span>(0)<\/span>\r\n                            <\/div>\r\n                                                    <\/div>\r\n                        <div class=\"xb-item--action ul_li mt-20\">\r\n                            <span class=\"xb-item--price\"><span class=\"woocommerce-Price-amount amount\"><span class=\"woocommerce-Price-currencySymbol\">&#107;&#114;<\/span>230.00<\/span><\/span>\r\n                            <a href=\"https:\/\/bodyshapenutrition.eu\/pt\/product\/power-whey-protein-shake-banana\/\"><span class=\"xb-item--cart-icon\"><img decoding=\"async\"\r\n                                            src=\"https:\/\/bodyshapenutrition.eu\/pt\/wp-content\/plugins\/purefit-core\/assets\/img\/bag.svg\" alt=\"\"><\/span><span class=\"xb-item--cart\">add to cart<\/span><\/a>\r\n                        <\/div>\r\n                    <\/div>\r\n                                    <div class=\"swiper-slide product-item text-center\">\r\n                        <div class=\"xb-item--img\">\r\n                            <a href=\"https:\/\/bodyshapenutrition.eu\/pt\/product\/power-vegan-protein-shake-salted-caramel\/\"><img decoding=\"async\" src=\"https:\/\/bodyshapenutrition.eu\/pt\/wp-content\/uploads\/2024\/08\/BodyShape-Protein-Bag-Vegan-Salted-Caramel-mock-up-1.png\" alt=\"img\"><\/a>\r\n                        <\/div>\r\n                        <div class=\"xb-item--holder\">\r\n                            <h3 class=\"xb-item--title\"><a href=\"https:\/\/bodyshapenutrition.eu\/pt\/product\/power-vegan-protein-shake-salted-caramel\/\">Power Vegan Protein Shake Salted Caramel<\/a><\/h3>\r\n                            <div class=\"xb-item--rating-inner ul_li_center\">\r\n                                <div class=\"xb-item--rating ul_li\">\r\n                                    <i class=\"far fa-star\"><\/i><i class=\"far fa-star\"><\/i><i class=\"far fa-star\"><\/i><i class=\"far fa-star\"><\/i><i class=\"far fa-star\"><\/i>                                <\/div>\r\n                                <span>(0)<\/span>\r\n                            <\/div>\r\n                                                    <\/div>\r\n                        <div class=\"xb-item--action ul_li mt-20\">\r\n                            <span class=\"xb-item--price\"><span class=\"woocommerce-Price-amount amount\"><span class=\"woocommerce-Price-currencySymbol\">&#107;&#114;<\/span>400.00<\/span><\/span>\r\n                            <a href=\"https:\/\/bodyshapenutrition.eu\/pt\/product\/power-vegan-protein-shake-salted-caramel\/\"><span class=\"xb-item--cart-icon\"><img decoding=\"async\"\r\n                                            src=\"https:\/\/bodyshapenutrition.eu\/pt\/wp-content\/plugins\/purefit-core\/assets\/img\/bag.svg\" alt=\"\"><\/span><span class=\"xb-item--cart\">add to cart<\/span><\/a>\r\n                        <\/div>\r\n                    <\/div>\r\n                                    <div class=\"swiper-slide product-item text-center\">\r\n                        <div class=\"xb-item--img\">\r\n                            <a href=\"https:\/\/bodyshapenutrition.eu\/pt\/product\/power-vegan-protein-shake-banana\/\"><img decoding=\"async\" src=\"https:\/\/bodyshapenutrition.eu\/pt\/wp-content\/uploads\/2024\/08\/BodyShape-Protein-Bag-Vegan-Banana-mock-up-1.png\" alt=\"img\"><\/a>\r\n                        <\/div>\r\n                        <div class=\"xb-item--holder\">\r\n                            <h3 class=\"xb-item--title\"><a href=\"https:\/\/bodyshapenutrition.eu\/pt\/product\/power-vegan-protein-shake-banana\/\">Power Vegan Protein Shake Banana<\/a><\/h3>\r\n                            <div class=\"xb-item--rating-inner ul_li_center\">\r\n                                <div class=\"xb-item--rating ul_li\">\r\n                                    <i class=\"far fa-star\"><\/i><i class=\"far fa-star\"><\/i><i class=\"far fa-star\"><\/i><i class=\"far fa-star\"><\/i><i class=\"far fa-star\"><\/i>                                <\/div>\r\n                                <span>(0)<\/span>\r\n                            <\/div>\r\n                                                    <\/div>\r\n                        <div class=\"xb-item--action ul_li mt-20\">\r\n                            <span class=\"xb-item--price\"><span class=\"woocommerce-Price-amount amount\"><span class=\"woocommerce-Price-currencySymbol\">&#107;&#114;<\/span>300.00<\/span><\/span>\r\n                            <a href=\"https:\/\/bodyshapenutrition.eu\/pt\/product\/power-vegan-protein-shake-banana\/\"><span class=\"xb-item--cart-icon\"><img decoding=\"async\"\r\n                                            src=\"https:\/\/bodyshapenutrition.eu\/pt\/wp-content\/plugins\/purefit-core\/assets\/img\/bag.svg\" alt=\"\"><\/span><span class=\"xb-item--cart\">add to cart<\/span><\/a>\r\n                        <\/div>\r\n                    <\/div>\r\n                                    <div class=\"swiper-slide product-item text-center\">\r\n                        <div class=\"xb-item--img\">\r\n                            <a href=\"https:\/\/bodyshapenutrition.eu\/pt\/product\/collagen-shake-strawberry\/\"><img decoding=\"async\" src=\"https:\/\/bodyshapenutrition.eu\/pt\/wp-content\/uploads\/2024\/08\/BodyShape-Protein-Bag-Collagen-Strawberry-mock-up-1.png\" alt=\"img\"><\/a>\r\n                        <\/div>\r\n                        <div class=\"xb-item--holder\">\r\n                            <h3 class=\"xb-item--title\"><a href=\"https:\/\/bodyshapenutrition.eu\/pt\/product\/collagen-shake-strawberry\/\">Collagen Shake Strawberry<\/a><\/h3>\r\n                            <div class=\"xb-item--rating-inner ul_li_center\">\r\n                                <div class=\"xb-item--rating ul_li\">\r\n                                    <i class=\"far fa-star\"><\/i><i class=\"far fa-star\"><\/i><i class=\"far fa-star\"><\/i><i class=\"far fa-star\"><\/i><i class=\"far fa-star\"><\/i>                                <\/div>\r\n                                <span>(0)<\/span>\r\n                            <\/div>\r\n                                                    <\/div>\r\n                        <div class=\"xb-item--action ul_li mt-20\">\r\n                            <span class=\"xb-item--price\"><span class=\"woocommerce-Price-amount amount\"><span class=\"woocommerce-Price-currencySymbol\">&#107;&#114;<\/span>300.00<\/span><\/span>\r\n                            <a href=\"https:\/\/bodyshapenutrition.eu\/pt\/product\/collagen-shake-strawberry\/\"><span class=\"xb-item--cart-icon\"><img decoding=\"async\"\r\n                                            src=\"https:\/\/bodyshapenutrition.eu\/pt\/wp-content\/plugins\/purefit-core\/assets\/img\/bag.svg\" alt=\"\"><\/span><span class=\"xb-item--cart\">add to cart<\/span><\/a>\r\n                        <\/div>\r\n                    <\/div>\r\n                            <\/div>\r\n        <\/div>\r\n        \t\t<\/div>\n\t\t\t\t<\/div>\n\t\t\t\t<div class=\"elementor-element elementor-element-160865c elementor-widget elementor-widget-text-editor\" data-id=\"160865c\" data-element_type=\"widget\" data-widget_type=\"text-editor.default\">\n\t\t\t\t<div class=\"elementor-widget-container\">\n\t\t\t\t\t\t\t<p><b><span style=\"color: #000000;\">Por que escolher a BodyShape Nutrition para sua jornada de perda de peso?<\/span><br \/><\/b><span style=\"color: #000000;\">A BodyShape Nutrition oferece suplementos cuidadosamente formulados e shakes para perda de peso projetados para dar suporte \u00e0s suas metas de perda de peso. Mas shakes de prote\u00edna s\u00e3o bons para perda de peso? Absolutamente. Nossos produtos s\u00e3o projetados para ajudar a impulsionar o metabolismo, controlar o apetite e fornecer nutrientes essenciais, garantindo que voc\u00ea perca peso de forma eficaz, mantendo a sa\u00fade geral. Com nossas solu\u00e7\u00f5es, voc\u00ea pode obter resultados sustent\u00e1veis e adotar um estilo de vida mais saud\u00e1vel.<\/span><\/p><p><b><span style=\"color: #000000;\">Como nossos produtos auxiliam na perda de peso?<\/span><br \/><\/b><span style=\"color: #000000;\">Nossos suplementos para perda de peso e shakes para perda de peso s\u00e3o elaborados com ingredientes que promovem a queima de gordura e o gasto de energia. Eles ajudam a conter os desejos e controlar a fome, tornando mais f\u00e1cil manter uma dieta saud\u00e1vel. Ao melhorar seu metabolismo, os produtos BodyShape Nutrition auxiliam seu corpo a queimar mais calorias, levando a uma perda de peso eficaz e sustent\u00e1vel. Se voc\u00ea j\u00e1 se perguntou se shakes de prote\u00edna s\u00e3o bons para perda de peso, nossos shakes cuidadosamente elaborados fornecem a resposta, oferecendo uma maneira deliciosa e satisfat\u00f3ria de manter suas calorias sob controle.<\/span><\/p><p><b><span style=\"color: #000000;\">O que torna nossos shakes ideais para controle de peso?<\/span><br \/><\/b><span style=\"color: #000000;\">Os shakes de perda de peso da BodyShape Nutrition s\u00e3o baixos em calorias, mas ricos em nutrientes essenciais, tornando-os perfeitos para aqueles que buscam controlar seu peso. Esses shakes fornecem uma op\u00e7\u00e3o de substitui\u00e7\u00e3o de refei\u00e7\u00e3o satisfat\u00f3ria que mant\u00e9m voc\u00ea satisfeito por mais tempo, ajudando a evitar lanches n\u00e3o saud\u00e1veis. Com o equil\u00edbrio certo de prote\u00edna e fibra, nossos shakes apoiam seus esfor\u00e7os de perda de peso, garantindo que voc\u00ea obtenha a nutri\u00e7\u00e3o de que precisa. Para aqueles que questionam se os shakes de prote\u00edna s\u00e3o bons para perda de peso, nossos shakes demonstram o qu\u00e3o eficazes eles podem ser quando incorporados a uma dieta balanceada.<\/span><\/p>\t\t\t\t\t\t<\/div>\n\t\t\t\t<\/div>\n\t\t\t\t\t<\/div>\n\t\t<\/div>\n\t\t\t\t\t<\/div>\n\t\t<\/section>\n\t\t\t\t<\/div>\n\t\t","protected":false},"excerpt":{"rendered":"<p>Loose weight Por Objetivo Perca Peso, Ganhe Confian\u00e7a Rapidamente Vis\u00e3o geral:Na BodyShape Nutrition, nossa cole\u00e7\u00e3o \u201cLose Weight\u201d \u00e9 feita sob medida para aqueles comprometidos em perder quilos extras e atingir seu peso corporal ideal. Esta linha cuidadosamente selecionada inclui suplementos para queima de gordura, substitutos de refei\u00e7\u00f5es saud\u00e1veis, shakes para perda de peso, equipamentos de [&hellip;]<\/p>\n","protected":false},"author":1,"featured_media":0,"parent":0,"menu_order":0,"comment_status":"closed","ping_status":"closed","template":"","meta":{"inline_featured_image":false,"_uag_custom_page_level_css":"","footnotes":""},"class_list":["post-2225","page","type-page","status-publish","hentry"],"uagb_featured_image_src":{"full":false,"thumbnail":false,"medium":false,"medium_large":false,"large":false,"1536x1536":false,"2048x2048":false,"purefit-large":false,"purefit-medium":false,"purefit-blog":false,"woocommerce_thumbnail":false,"woocommerce_single":false,"woocommerce_gallery_thumbnail":false},"uagb_author_info":{"display_name":"metasticworld","author_link":"https:\/\/bodyshapenutrition.eu\/pt\/author\/metasticworld\/"},"uagb_comment_info":0,"uagb_excerpt":"Loose weight Por Objetivo Perca Peso, Ganhe Confian\u00e7a Rapidamente Vis\u00e3o geral:Na BodyShape Nutrition, nossa cole\u00e7\u00e3o \u201cLose Weight\u201d \u00e9 feita sob medida para aqueles comprometidos em perder quilos extras e atingir seu peso corporal ideal. Esta linha cuidadosamente selecionada inclui suplementos para queima de gordura, substitutos de refei\u00e7\u00f5es saud\u00e1veis, shakes para perda de peso, equipamentos de&hellip;","_links":{"self":[{"href":"https:\/\/bodyshapenutrition.eu\/pt\/wp-json\/wp\/v2\/pages\/2225"}],"collection":[{"href":"https:\/\/bodyshapenutrition.eu\/pt\/wp-json\/wp\/v2\/pages"}],"about":[{"href":"https:\/\/bodyshapenutrition.eu\/pt\/wp-json\/wp\/v2\/types\/page"}],"author":[{"embeddable":true,"href":"https:\/\/bodyshapenutrition.eu\/pt\/wp-json\/wp\/v2\/users\/1"}],"replies":[{"embeddable":true,"href":"https:\/\/bodyshapenutrition.eu\/pt\/wp-json\/wp\/v2\/comments?post=2225"}],"version-history":[{"count":28,"href":"https:\/\/bodyshapenutrition.eu\/pt\/wp-json\/wp\/v2\/pages\/2225\/revisions"}],"predecessor-version":[{"id":2810,"href":"https:\/\/bodyshapenutrition.eu\/pt\/wp-json\/wp\/v2\/pages\/2225\/revisions\/2810"}],"wp:attachment":[{"href":"https:\/\/bodyshapenutrition.eu\/pt\/wp-json\/wp\/v2\/media?parent=2225"}],"curies":[{"name":"wp","href":"https:\/\/api.w.org\/{rel}","templated":true}]}}