{"id":2152,"date":"2024-07-24T10:11:52","date_gmt":"2024-07-24T10:11:52","guid":{"rendered":"https:\/\/check.metastic.world\/?page_id=2152"},"modified":"2024-11-30T10:40:46","modified_gmt":"2024-11-30T10:40:46","slug":"by-goal","status":"publish","type":"page","link":"https:\/\/bodyshapenutrition.eu\/pt\/by-goal\/","title":{"rendered":"By Goal cardio"},"content":{"rendered":"\t\t<div data-elementor-type=\"wp-page\" data-elementor-id=\"2152\" class=\"elementor elementor-2152\">\n\t\t\t\t\t\t<section class=\"elementor-section elementor-top-section elementor-element elementor-element-b94581d elementor-section-full_width elementor-section-stretched elementor-section-height-default elementor-section-height-default\" data-id=\"b94581d\" data-element_type=\"section\" data-settings=\"{&quot;stretch_section&quot;:&quot;section-stretched&quot;,&quot;background_background&quot;:&quot;classic&quot;}\">\n\t\t\t\t\t\t<div class=\"elementor-container elementor-column-gap-default\">\n\t\t\t\t\t<div class=\"elementor-column elementor-col-100 elementor-top-column elementor-element elementor-element-90d9e70\" data-id=\"90d9e70\" data-element_type=\"column\">\n\t\t\t<div class=\"elementor-widget-wrap elementor-element-populated\">\n\t\t\t\t\t\t<div class=\"elementor-element elementor-element-01cc545 elementor-widget elementor-widget-heading\" data-id=\"01cc545\" data-element_type=\"widget\" data-widget_type=\"heading.default\">\n\t\t\t\t<div class=\"elementor-widget-container\">\n\t\t\t<style>\/*! elementor - v3.21.0 - 26-05-2024 *\/\n.elementor-heading-title{padding:0;margin:0;line-height:1}.elementor-widget-heading .elementor-heading-title[class*=elementor-size-]>a{color:inherit;font-size:inherit;line-height:inherit}.elementor-widget-heading .elementor-heading-title.elementor-size-small{font-size:15px}.elementor-widget-heading .elementor-heading-title.elementor-size-medium{font-size:19px}.elementor-widget-heading .elementor-heading-title.elementor-size-large{font-size:29px}.elementor-widget-heading .elementor-heading-title.elementor-size-xl{font-size:39px}.elementor-widget-heading .elementor-heading-title.elementor-size-xxl{font-size:59px}<\/style><h2 class=\"elementor-heading-title elementor-size-default\">Melhore o Cardio<\/h2>\t\t<\/div>\n\t\t\t\t<\/div>\n\t\t\t\t\t<\/div>\n\t\t<\/div>\n\t\t\t\t\t<\/div>\n\t\t<\/section>\n\t\t\t\t<section class=\"elementor-section elementor-top-section elementor-element elementor-element-c06284e elementor-section-boxed elementor-section-height-default elementor-section-height-default\" data-id=\"c06284e\" data-element_type=\"section\">\n\t\t\t\t\t\t<div class=\"elementor-container elementor-column-gap-default\">\n\t\t\t\t\t<div class=\"elementor-column elementor-col-100 elementor-top-column elementor-element elementor-element-f2ffa10\" data-id=\"f2ffa10\" data-element_type=\"column\">\n\t\t\t<div class=\"elementor-widget-wrap elementor-element-populated\">\n\t\t\t\t\t\t<div class=\"elementor-element elementor-element-28a5783 elementor-widget elementor-widget-int-sec-title\" data-id=\"28a5783\" data-element_type=\"widget\" data-widget_type=\"int-sec-title.default\">\n\t\t\t\t<div class=\"elementor-widget-container\">\n\t\t\t\r\n                <div class=\"sec-title sec-title--two\">\r\n                            <span class=\"sub-title\">Por Objetivo<\/span>\r\n                            <h2 class=\"title\">Fortale\u00e7a sua energia, fortale\u00e7a seus m\u00fasculos<\/h2>\r\n                    <\/div>\r\n    \t\t<\/div>\n\t\t\t\t<\/div>\n\t\t\t\t<div class=\"elementor-element elementor-element-17a36f9 elementor-widget elementor-widget-text-editor\" data-id=\"17a36f9\" data-element_type=\"widget\" data-widget_type=\"text-editor.default\">\n\t\t\t\t<div class=\"elementor-widget-container\">\n\t\t\t<style>\/*! elementor - v3.21.0 - 26-05-2024 *\/\n.elementor-widget-text-editor.elementor-drop-cap-view-stacked .elementor-drop-cap{background-color:#69727d;color:#fff}.elementor-widget-text-editor.elementor-drop-cap-view-framed .elementor-drop-cap{color:#69727d;border:3px solid;background-color:transparent}.elementor-widget-text-editor:not(.elementor-drop-cap-view-default) .elementor-drop-cap{margin-top:8px}.elementor-widget-text-editor:not(.elementor-drop-cap-view-default) .elementor-drop-cap-letter{width:1em;height:1em}.elementor-widget-text-editor .elementor-drop-cap{float:left;text-align:center;line-height:1;font-size:50px}.elementor-widget-text-editor .elementor-drop-cap-letter{display:inline-block}<\/style>\t\t\t\t<p><span style=\"color: #000000;\"><strong>Vis\u00e3o geral:<\/strong><br \/>O exerc\u00edcio cardiovascular, comumente chamado de cardio, desempenha um papel crucial na manuten\u00e7\u00e3o da sa\u00fade card\u00edaca, melhorando a resist\u00eancia e apoiando a perda de peso. No entanto, muitas pessoas geralmente ignoram a import\u00e2ncia da nutri\u00e7\u00e3o p\u00f3s-cardio, particularmente os benef\u00edcios de consumir um shake de prote\u00edna ap\u00f3s o cardio. Entender se voc\u00ea deve beber um shake de prote\u00edna ap\u00f3s o cardio pode fazer uma diferen\u00e7a significativa no seu progresso geral de condicionamento f\u00edsico, esteja voc\u00ea buscando perder peso, construir m\u00fasculos magros ou simplesmente aumentar sua resist\u00eancia<\/span><\/p>\t\t\t\t\t\t<\/div>\n\t\t\t\t<\/div>\n\t\t\t\t\t<\/div>\n\t\t<\/div>\n\t\t\t\t\t<\/div>\n\t\t<\/section>\n\t\t\t\t<section class=\"elementor-section elementor-top-section elementor-element elementor-element-d02f255 elementor-section-boxed elementor-section-height-default elementor-section-height-default\" data-id=\"d02f255\" data-element_type=\"section\">\n\t\t\t\t\t\t<div class=\"elementor-container elementor-column-gap-default\">\n\t\t\t\t\t<div class=\"elementor-column elementor-col-100 elementor-top-column elementor-element elementor-element-60d53bb\" data-id=\"60d53bb\" data-element_type=\"column\">\n\t\t\t<div class=\"elementor-widget-wrap elementor-element-populated\">\n\t\t\t\t\t\t<div class=\"elementor-element elementor-element-d6a2b4c elementor-widget elementor-widget-int-products\" data-id=\"d6a2b4c\" data-element_type=\"widget\" data-widget_type=\"int-products.default\">\n\t\t\t\t<div class=\"elementor-widget-container\">\n\t\t\t        <div class=\"product-slider swiper-container\">\r\n            <div class=\"swiper-wrapper\">\r\n\r\n                                    <div class=\"swiper-slide product-item text-center\">\r\n                        <div class=\"xb-item--img\">\r\n                            <a href=\"https:\/\/bodyshapenutrition.eu\/pt\/product\/power-whey-protein-shake-banana\/\"><img decoding=\"async\" src=\"https:\/\/bodyshapenutrition.eu\/pt\/wp-content\/uploads\/2024\/08\/BodyShape-Protein-Bag-Banana-mock-up-2.png\" alt=\"img\"><\/a>\r\n                        <\/div>\r\n                        <div class=\"xb-item--holder\">\r\n                            <h3 class=\"xb-item--title\"><a href=\"https:\/\/bodyshapenutrition.eu\/pt\/product\/power-whey-protein-shake-banana\/\">Power Whey Protein Shake Banana<\/a><\/h3>\r\n                            <div class=\"xb-item--rating-inner ul_li_center\">\r\n                                <div class=\"xb-item--rating ul_li\">\r\n                                    <i class=\"far fa-star\"><\/i><i class=\"far fa-star\"><\/i><i class=\"far fa-star\"><\/i><i class=\"far fa-star\"><\/i><i class=\"far fa-star\"><\/i>                                <\/div>\r\n                                <span>(0)<\/span>\r\n                            <\/div>\r\n                                                    <\/div>\r\n                        <div class=\"xb-item--action ul_li mt-20\">\r\n                            <span class=\"xb-item--price\"><span class=\"woocommerce-Price-amount amount\"><span class=\"woocommerce-Price-currencySymbol\">&#107;&#114;<\/span>230.00<\/span><\/span>\r\n                            <a href=\"https:\/\/bodyshapenutrition.eu\/pt\/product\/power-whey-protein-shake-banana\/\"><span class=\"xb-item--cart-icon\"><img decoding=\"async\"\r\n                                            src=\"https:\/\/bodyshapenutrition.eu\/pt\/wp-content\/plugins\/purefit-core\/assets\/img\/bag.svg\" alt=\"\"><\/span><span class=\"xb-item--cart\">add to cart<\/span><\/a>\r\n                        <\/div>\r\n                    <\/div>\r\n                                    <div class=\"swiper-slide product-item text-center\">\r\n                        <div class=\"xb-item--img\">\r\n                            <a href=\"https:\/\/bodyshapenutrition.eu\/pt\/product\/power-vegan-protein-shake-salted-caramel\/\"><img decoding=\"async\" src=\"https:\/\/bodyshapenutrition.eu\/pt\/wp-content\/uploads\/2024\/08\/BodyShape-Protein-Bag-Vegan-Salted-Caramel-mock-up-1.png\" alt=\"img\"><\/a>\r\n                        <\/div>\r\n                        <div class=\"xb-item--holder\">\r\n                            <h3 class=\"xb-item--title\"><a href=\"https:\/\/bodyshapenutrition.eu\/pt\/product\/power-vegan-protein-shake-salted-caramel\/\">Power Vegan Protein Shake Salted Caramel<\/a><\/h3>\r\n                            <div class=\"xb-item--rating-inner ul_li_center\">\r\n                                <div class=\"xb-item--rating ul_li\">\r\n                                    <i class=\"far fa-star\"><\/i><i class=\"far fa-star\"><\/i><i class=\"far fa-star\"><\/i><i class=\"far fa-star\"><\/i><i class=\"far fa-star\"><\/i>                                <\/div>\r\n                                <span>(0)<\/span>\r\n                            <\/div>\r\n                                                    <\/div>\r\n                        <div class=\"xb-item--action ul_li mt-20\">\r\n                            <span class=\"xb-item--price\"><span class=\"woocommerce-Price-amount amount\"><span class=\"woocommerce-Price-currencySymbol\">&#107;&#114;<\/span>400.00<\/span><\/span>\r\n                            <a href=\"https:\/\/bodyshapenutrition.eu\/pt\/product\/power-vegan-protein-shake-salted-caramel\/\"><span class=\"xb-item--cart-icon\"><img decoding=\"async\"\r\n                                            src=\"https:\/\/bodyshapenutrition.eu\/pt\/wp-content\/plugins\/purefit-core\/assets\/img\/bag.svg\" alt=\"\"><\/span><span class=\"xb-item--cart\">add to cart<\/span><\/a>\r\n                        <\/div>\r\n                    <\/div>\r\n                                    <div class=\"swiper-slide product-item text-center\">\r\n                        <div class=\"xb-item--img\">\r\n                            <a href=\"https:\/\/bodyshapenutrition.eu\/pt\/product\/power-vegan-protein-shake-banana\/\"><img decoding=\"async\" src=\"https:\/\/bodyshapenutrition.eu\/pt\/wp-content\/uploads\/2024\/08\/BodyShape-Protein-Bag-Vegan-Banana-mock-up-1.png\" alt=\"img\"><\/a>\r\n                        <\/div>\r\n                        <div class=\"xb-item--holder\">\r\n                            <h3 class=\"xb-item--title\"><a href=\"https:\/\/bodyshapenutrition.eu\/pt\/product\/power-vegan-protein-shake-banana\/\">Power Vegan Protein Shake Banana<\/a><\/h3>\r\n                            <div class=\"xb-item--rating-inner ul_li_center\">\r\n                                <div class=\"xb-item--rating ul_li\">\r\n                                    <i class=\"far fa-star\"><\/i><i class=\"far fa-star\"><\/i><i class=\"far fa-star\"><\/i><i class=\"far fa-star\"><\/i><i class=\"far fa-star\"><\/i>                                <\/div>\r\n                                <span>(0)<\/span>\r\n                            <\/div>\r\n                                                    <\/div>\r\n                        <div class=\"xb-item--action ul_li mt-20\">\r\n                            <span class=\"xb-item--price\"><span class=\"woocommerce-Price-amount amount\"><span class=\"woocommerce-Price-currencySymbol\">&#107;&#114;<\/span>300.00<\/span><\/span>\r\n                            <a href=\"https:\/\/bodyshapenutrition.eu\/pt\/product\/power-vegan-protein-shake-banana\/\"><span class=\"xb-item--cart-icon\"><img decoding=\"async\"\r\n                                            src=\"https:\/\/bodyshapenutrition.eu\/pt\/wp-content\/plugins\/purefit-core\/assets\/img\/bag.svg\" alt=\"\"><\/span><span class=\"xb-item--cart\">add to cart<\/span><\/a>\r\n                        <\/div>\r\n                    <\/div>\r\n                                    <div class=\"swiper-slide product-item text-center\">\r\n                        <div class=\"xb-item--img\">\r\n                            <a href=\"https:\/\/bodyshapenutrition.eu\/pt\/product\/collagen-shake-strawberry\/\"><img decoding=\"async\" src=\"https:\/\/bodyshapenutrition.eu\/pt\/wp-content\/uploads\/2024\/08\/BodyShape-Protein-Bag-Collagen-Strawberry-mock-up-1.png\" alt=\"img\"><\/a>\r\n                        <\/div>\r\n                        <div class=\"xb-item--holder\">\r\n                            <h3 class=\"xb-item--title\"><a href=\"https:\/\/bodyshapenutrition.eu\/pt\/product\/collagen-shake-strawberry\/\">Collagen Shake Strawberry<\/a><\/h3>\r\n                            <div class=\"xb-item--rating-inner ul_li_center\">\r\n                                <div class=\"xb-item--rating ul_li\">\r\n                                    <i class=\"far fa-star\"><\/i><i class=\"far fa-star\"><\/i><i class=\"far fa-star\"><\/i><i class=\"far fa-star\"><\/i><i class=\"far fa-star\"><\/i>                                <\/div>\r\n                                <span>(0)<\/span>\r\n                            <\/div>\r\n                                                    <\/div>\r\n                        <div class=\"xb-item--action ul_li mt-20\">\r\n                            <span class=\"xb-item--price\"><span class=\"woocommerce-Price-amount amount\"><span class=\"woocommerce-Price-currencySymbol\">&#107;&#114;<\/span>300.00<\/span><\/span>\r\n                            <a href=\"https:\/\/bodyshapenutrition.eu\/pt\/product\/collagen-shake-strawberry\/\"><span class=\"xb-item--cart-icon\"><img decoding=\"async\"\r\n                                            src=\"https:\/\/bodyshapenutrition.eu\/pt\/wp-content\/plugins\/purefit-core\/assets\/img\/bag.svg\" alt=\"\"><\/span><span class=\"xb-item--cart\">add to cart<\/span><\/a>\r\n                        <\/div>\r\n                    <\/div>\r\n                            <\/div>\r\n        <\/div>\r\n        \t\t<\/div>\n\t\t\t\t<\/div>\n\t\t\t\t<div class=\"elementor-element elementor-element-b1cf1e0 elementor-widget elementor-widget-text-editor\" data-id=\"b1cf1e0\" data-element_type=\"widget\" data-widget_type=\"text-editor.default\">\n\t\t\t\t<div class=\"elementor-widget-container\">\n\t\t\t\t\t\t\t<p><span style=\"color: #000000;\"><strong>Por que escolher a BodyShape Nutrition para seus objetivos de constru\u00e7\u00e3o muscular?<\/strong><\/span><\/p><p><span style=\"color: #000000;\">Os exerc\u00edcios cardiovasculares, especialmente as sess\u00f5es de alta intensidade, podem ser desgastantes para os m\u00fasculos. Embora o cardio esteja principalmente associado \u00e0 queima de calorias e \u00e0 melhoria da sa\u00fade cardiovascular, ele tamb\u00e9m coloca estresse nos m\u00fasculos, levando \u00e0 potencial quebra muscular se n\u00e3o for reabastecido adequadamente. \u00c9 aqui que um shake de prote\u00edna ap\u00f3s o cardio entra em cena.<\/span><\/p><p><span style=\"color: #000000;\">Consumir um shake de prote\u00edna para exerc\u00edcios cardiovasculares ajuda a repor os amino\u00e1cidos que seus m\u00fasculos precisam para reparar e reconstruir. Esse processo \u00e9 essencial para manter a massa muscular magra, o que, por sua vez, apoia um metabolismo saud\u00e1vel. Ao beber um shake de prote\u00edna ap\u00f3s o cardio, voc\u00ea fornece ao seu corpo os nutrientes necess\u00e1rios para se recuperar rapidamente, reduzindo a dor muscular e melhorando seu desempenho geral nos treinos subsequentes<\/span><\/p>\t\t\t\t\t\t<\/div>\n\t\t\t\t<\/div>\n\t\t\t\t<div class=\"elementor-element elementor-element-5719827 elementor-widget elementor-widget-text-editor\" data-id=\"5719827\" data-element_type=\"widget\" data-widget_type=\"text-editor.default\">\n\t\t\t\t<div class=\"elementor-widget-container\">\n\t\t\t\t\t\t\t<p><b><span style=\"color: #000000;\">Benef\u00edcios de beber um shake de prote\u00edna ap\u00f3s o cardio<\/span><br \/><\/b><span style=\"color: #000000;\"><b>1. Recupera\u00e7\u00e3o e reparo muscular:<\/b> Um dos principais benef\u00edcios de consumir um shake de prote\u00edna ap\u00f3s o cardio \u00e9 sua capacidade de auxiliar na recupera\u00e7\u00e3o e reparo muscular. Exerc\u00edcios cardiovasculares, especialmente aqueles que envolvem treinamento intervalado ou movimentos de resist\u00eancia, podem levar a microfissuras nas fibras musculares. Os shakes de prote\u00edna fornecem os amino\u00e1cidos essenciais necess\u00e1rios para reparar essas rupturas, ajudando a reconstruir m\u00fasculos mais fortes e resistentes.<\/span><br \/><span style=\"color: #000000;\"><b>2. N\u00edveis de energia sustentados: <\/b>Ap\u00f3s uma sess\u00e3o de cardio, seus estoques de glicog\u00eanio s\u00e3o esgotados, o que pode deix\u00e1-lo cansado. Um shake de prote\u00edna para cardio n\u00e3o s\u00f3 ajuda na recupera\u00e7\u00e3o muscular, mas tamb\u00e9m estabiliza seus n\u00edveis de energia, evitando uma queda no a\u00e7\u00facar no sangue. Isso pode ser particularmente ben\u00e9fico se voc\u00ea tiver um dia agitado pela frente ou planeja se envolver em atividades f\u00edsicas adicionais.<\/span><br \/><span style=\"color: #000000;\"><b>3. Suporte \u00e0 massa muscular magra:<\/b> Para aqueles que est\u00e3o preocupados em manter ou construir massa muscular magra enquanto fazem cardio regularmente, incorporar um shake de prote\u00edna ap\u00f3s o cardio \u00e9 crucial. A prote\u00edna ajuda a preservar a massa muscular, fornecendo ao corpo os blocos de constru\u00e7\u00e3o de que ele precisa para evitar o catabolismo muscular (quebra). Isso \u00e9 especialmente importante para indiv\u00edduos que est\u00e3o combinando cardio com um d\u00e9ficit cal\u00f3rico para perda de peso.<\/span><br \/><span style=\"color: #000000;\"><b>4. Hidrata\u00e7\u00e3o e absor\u00e7\u00e3o de nutrientes:<\/b> muitos shakes de prote\u00edna s\u00e3o misturados com l\u00edquidos como \u00e1gua ou leite, que contribuem para suas necessidades de hidrata\u00e7\u00e3o. Manter-se hidratado \u00e9 essencial para a recupera\u00e7\u00e3o geral, e consumir um shake de prote\u00edna ap\u00f3s o cardio pode ajudar a atender \u00e0s suas necessidades de hidrata\u00e7\u00e3o e nutri\u00e7\u00e3o de uma s\u00f3 vez. Al\u00e9m disso, os shakes de prote\u00edna geralmente cont\u00eam outros nutrientes ben\u00e9ficos, como vitaminas e minerais, que apoiam a sa\u00fade geral e a recupera\u00e7\u00e3o.<\/span><\/p>\t\t\t\t\t\t<\/div>\n\t\t\t\t<\/div>\n\t\t\t\t<div class=\"elementor-element elementor-element-eb9238e elementor-widget elementor-widget-text-editor\" data-id=\"eb9238e\" data-element_type=\"widget\" data-widget_type=\"text-editor.default\">\n\t\t\t\t<div class=\"elementor-widget-container\">\n\t\t\t\t\t\t\t<p><span style=\"color: #000000;\"><strong>Voc\u00ea deve beber um shake de prote\u00edna ap\u00f3s o cardio?<\/strong><\/span><br \/><span style=\"color: #000000;\">A quest\u00e3o se voc\u00ea deve beber um shake de prote\u00edna ap\u00f3s o cardio surge frequentemente entre os entusiastas do fitness, e a resposta geralmente \u00e9 sim. Embora o foco principal do cardio seja a sa\u00fade cardiovascular e a queima de calorias, a ingest\u00e3o de prote\u00edna p\u00f3s-cardio desempenha um papel cr\u00edtico na recupera\u00e7\u00e3o e preserva\u00e7\u00e3o muscular. Se seu objetivo \u00e9 melhorar seu condicionamento f\u00edsico, apoiar a sa\u00fade muscular e manter os n\u00edveis de energia, incorporar um shake de prote\u00edna ap\u00f3s o cardio pode ser altamente ben\u00e9fico.<\/span><\/p>\t\t\t\t\t\t<\/div>\n\t\t\t\t<\/div>\n\t\t\t\t\t<\/div>\n\t\t<\/div>\n\t\t\t\t\t<\/div>\n\t\t<\/section>\n\t\t\t\t<\/div>\n\t\t","protected":false},"excerpt":{"rendered":"<p>Melhore o Cardio Por Objetivo Fortale\u00e7a sua energia, fortale\u00e7a seus m\u00fasculos Vis\u00e3o geral:O exerc\u00edcio cardiovascular, comumente chamado de cardio, desempenha um papel crucial na manuten\u00e7\u00e3o da sa\u00fade card\u00edaca, melhorando a resist\u00eancia e apoiando a perda de peso. No entanto, muitas pessoas geralmente ignoram a import\u00e2ncia da nutri\u00e7\u00e3o p\u00f3s-cardio, particularmente os benef\u00edcios de consumir um shake [&hellip;]<\/p>\n","protected":false},"author":1,"featured_media":0,"parent":0,"menu_order":0,"comment_status":"closed","ping_status":"closed","template":"","meta":{"inline_featured_image":false,"_uag_custom_page_level_css":"","footnotes":""},"class_list":["post-2152","page","type-page","status-publish","hentry"],"uagb_featured_image_src":{"full":false,"thumbnail":false,"medium":false,"medium_large":false,"large":false,"1536x1536":false,"2048x2048":false,"purefit-large":false,"purefit-medium":false,"purefit-blog":false,"woocommerce_thumbnail":false,"woocommerce_single":false,"woocommerce_gallery_thumbnail":false},"uagb_author_info":{"display_name":"metasticworld","author_link":"https:\/\/bodyshapenutrition.eu\/pt\/author\/metasticworld\/"},"uagb_comment_info":0,"uagb_excerpt":"Melhore o Cardio Por Objetivo Fortale\u00e7a sua energia, fortale\u00e7a seus m\u00fasculos Vis\u00e3o geral:O exerc\u00edcio cardiovascular, comumente chamado de cardio, desempenha um papel crucial na manuten\u00e7\u00e3o da sa\u00fade card\u00edaca, melhorando a resist\u00eancia e apoiando a perda de peso. No entanto, muitas pessoas geralmente ignoram a import\u00e2ncia da nutri\u00e7\u00e3o p\u00f3s-cardio, particularmente os benef\u00edcios de consumir um shake&hellip;","_links":{"self":[{"href":"https:\/\/bodyshapenutrition.eu\/pt\/wp-json\/wp\/v2\/pages\/2152"}],"collection":[{"href":"https:\/\/bodyshapenutrition.eu\/pt\/wp-json\/wp\/v2\/pages"}],"about":[{"href":"https:\/\/bodyshapenutrition.eu\/pt\/wp-json\/wp\/v2\/types\/page"}],"author":[{"embeddable":true,"href":"https:\/\/bodyshapenutrition.eu\/pt\/wp-json\/wp\/v2\/users\/1"}],"replies":[{"embeddable":true,"href":"https:\/\/bodyshapenutrition.eu\/pt\/wp-json\/wp\/v2\/comments?post=2152"}],"version-history":[{"count":29,"href":"https:\/\/bodyshapenutrition.eu\/pt\/wp-json\/wp\/v2\/pages\/2152\/revisions"}],"predecessor-version":[{"id":2807,"href":"https:\/\/bodyshapenutrition.eu\/pt\/wp-json\/wp\/v2\/pages\/2152\/revisions\/2807"}],"wp:attachment":[{"href":"https:\/\/bodyshapenutrition.eu\/pt\/wp-json\/wp\/v2\/media?parent=2152"}],"curies":[{"name":"wp","href":"https:\/\/api.w.org\/{rel}","templated":true}]}}