{"id":2376,"date":"2024-07-31T06:14:41","date_gmt":"2024-07-31T06:14:41","guid":{"rendered":"https:\/\/check.metastic.world\/?page_id=2376"},"modified":"2024-11-30T10:26:05","modified_gmt":"2024-11-30T10:26:05","slug":"sport-nutrition","status":"publish","type":"page","link":"https:\/\/bodyshapenutrition.eu\/fr\/sport-nutrition\/","title":{"rendered":"Sport Nutrition"},"content":{"rendered":"\t\t<div data-elementor-type=\"wp-page\" data-elementor-id=\"2376\" class=\"elementor elementor-2376\">\n\t\t\t\t\t\t<section class=\"elementor-section elementor-top-section elementor-element elementor-element-eb3b896 elementor-section-full_width elementor-section-stretched elementor-section-height-default elementor-section-height-default\" data-id=\"eb3b896\" data-element_type=\"section\" data-settings=\"{&quot;stretch_section&quot;:&quot;section-stretched&quot;,&quot;background_background&quot;:&quot;classic&quot;}\">\n\t\t\t\t\t\t\t<div class=\"elementor-background-overlay\"><\/div>\n\t\t\t\t\t\t\t<div class=\"elementor-container elementor-column-gap-default\">\n\t\t\t\t\t<div class=\"elementor-column elementor-col-100 elementor-top-column elementor-element elementor-element-268a398\" data-id=\"268a398\" data-element_type=\"column\">\n\t\t\t<div class=\"elementor-widget-wrap elementor-element-populated\">\n\t\t\t\t\t\t<div class=\"elementor-element elementor-element-f365427 elementor-widget elementor-widget-heading\" data-id=\"f365427\" data-element_type=\"widget\" data-widget_type=\"heading.default\">\n\t\t\t\t<div class=\"elementor-widget-container\">\n\t\t\t<style>\/*! elementor - v3.21.0 - 26-05-2024 *\/\n.elementor-heading-title{padding:0;margin:0;line-height:1}.elementor-widget-heading .elementor-heading-title[class*=elementor-size-]>a{color:inherit;font-size:inherit;line-height:inherit}.elementor-widget-heading .elementor-heading-title.elementor-size-small{font-size:15px}.elementor-widget-heading .elementor-heading-title.elementor-size-medium{font-size:19px}.elementor-widget-heading .elementor-heading-title.elementor-size-large{font-size:29px}.elementor-widget-heading .elementor-heading-title.elementor-size-xl{font-size:39px}.elementor-widget-heading .elementor-heading-title.elementor-size-xxl{font-size:59px}<\/style><h2 class=\"elementor-heading-title elementor-size-default\">Sport Nutrition<\/h2>\t\t<\/div>\n\t\t\t\t<\/div>\n\t\t\t\t\t<\/div>\n\t\t<\/div>\n\t\t\t\t\t<\/div>\n\t\t<\/section>\n\t\t\t\t<section class=\"elementor-section elementor-top-section elementor-element elementor-element-34c763c elementor-section-boxed elementor-section-height-default elementor-section-height-default\" data-id=\"34c763c\" data-element_type=\"section\">\n\t\t\t\t\t\t<div class=\"elementor-container elementor-column-gap-default\">\n\t\t\t\t\t<div class=\"elementor-column elementor-col-100 elementor-top-column elementor-element elementor-element-6753aae\" data-id=\"6753aae\" data-element_type=\"column\">\n\t\t\t<div class=\"elementor-widget-wrap elementor-element-populated\">\n\t\t\t\t\t\t<div class=\"elementor-element elementor-element-5b01e01 elementor-widget elementor-widget-int-sec-title\" data-id=\"5b01e01\" data-element_type=\"widget\" data-widget_type=\"int-sec-title.default\">\n\t\t\t\t<div class=\"elementor-widget-container\">\n\t\t\t\r\n                <div class=\"sec-title sec-title--two\">\r\n                            <span class=\"sub-title\">Par cat\u00e9gorie<\/span>\r\n                            <h2 class=\"title\">Augmentez votre endurance et am\u00e9liorez votre nutrition<\/h2>\r\n                    <\/div>\r\n    \t\t<\/div>\n\t\t\t\t<\/div>\n\t\t\t\t<div class=\"elementor-element elementor-element-476d12f elementor-widget elementor-widget-text-editor\" data-id=\"476d12f\" data-element_type=\"widget\" data-widget_type=\"text-editor.default\">\n\t\t\t\t<div class=\"elementor-widget-container\">\n\t\t\t<style>\/*! elementor - v3.21.0 - 26-05-2024 *\/\n.elementor-widget-text-editor.elementor-drop-cap-view-stacked .elementor-drop-cap{background-color:#69727d;color:#fff}.elementor-widget-text-editor.elementor-drop-cap-view-framed .elementor-drop-cap{color:#69727d;border:3px solid;background-color:transparent}.elementor-widget-text-editor:not(.elementor-drop-cap-view-default) .elementor-drop-cap{margin-top:8px}.elementor-widget-text-editor:not(.elementor-drop-cap-view-default) .elementor-drop-cap-letter{width:1em;height:1em}.elementor-widget-text-editor .elementor-drop-cap{float:left;text-align:center;line-height:1;font-size:50px}.elementor-widget-text-editor .elementor-drop-cap-letter{display:inline-block}<\/style>\t\t\t\t<p><span style=\"color: #000000;\"><strong>Pr\u00e9sentation\u00a0:<\/strong><br \/>Chez BodyhSape Nutrition, notre collection \u00ab\u00a0Nutrition sportive\u00a0\u00bb est con\u00e7ue pour ceux qui souhaitent s\u00e9rieusement am\u00e9liorer leur sant\u00e9 cardiovasculaire et leur endurance. Cette cat\u00e9gorie comprend des compl\u00e9ments alimentaires, des \u00e9quipements de fitness et des programmes d\u2019entra\u00eenement haut de gamme sp\u00e9cialement con\u00e7us pour am\u00e9liorer votre sant\u00e9 cardiaque, votre endurance et votre niveau de forme physique g\u00e9n\u00e9ral. Que vous soyez un athl\u00e8te souhaitant am\u00e9liorer ses performances ou une personne cherchant \u00e0 maintenir un c\u0153ur en bonne sant\u00e9, nos produits offrent la meilleure nutrition sportive pour vous aider \u00e0 repousser vos limites et \u00e0 atteindre vos objectifs cardio. Avec BodyShape Nutrition, am\u00e9liorer votre cardio n\u2019a jamais \u00e9t\u00e9 aussi accessible ni aussi efficace.<\/span><\/p>\t\t\t\t\t\t<\/div>\n\t\t\t\t<\/div>\n\t\t\t\t\t<\/div>\n\t\t<\/div>\n\t\t\t\t\t<\/div>\n\t\t<\/section>\n\t\t\t\t<section class=\"elementor-section elementor-top-section elementor-element elementor-element-52582a3 elementor-section-boxed elementor-section-height-default elementor-section-height-default\" data-id=\"52582a3\" data-element_type=\"section\">\n\t\t\t\t\t\t<div class=\"elementor-container elementor-column-gap-default\">\n\t\t\t\t\t<div class=\"elementor-column elementor-col-100 elementor-top-column elementor-element elementor-element-771baf2\" data-id=\"771baf2\" data-element_type=\"column\">\n\t\t\t<div class=\"elementor-widget-wrap elementor-element-populated\">\n\t\t\t\t\t\t<div class=\"elementor-element elementor-element-c6c79fc elementor-widget elementor-widget-int-products\" data-id=\"c6c79fc\" data-element_type=\"widget\" data-widget_type=\"int-products.default\">\n\t\t\t\t<div class=\"elementor-widget-container\">\n\t\t\t        <div class=\"product-slider swiper-container\">\r\n            <div class=\"swiper-wrapper\">\r\n\r\n                                    <div class=\"swiper-slide product-item text-center\">\r\n                        <div class=\"xb-item--img\">\r\n                            <a href=\"https:\/\/bodyshapenutrition.eu\/fr\/product\/power-whey-protein-shake-banana\/\"><img decoding=\"async\" src=\"https:\/\/bodyshapenutrition.eu\/fr\/wp-content\/uploads\/2024\/08\/BodyShape-Protein-Bag-Banana-mock-up-2.png\" alt=\"img\"><\/a>\r\n                        <\/div>\r\n                        <div class=\"xb-item--holder\">\r\n                            <h3 class=\"xb-item--title\"><a href=\"https:\/\/bodyshapenutrition.eu\/fr\/product\/power-whey-protein-shake-banana\/\">Power Whey Protein Shake Banana<\/a><\/h3>\r\n                            <div class=\"xb-item--rating-inner ul_li_center\">\r\n                                <div class=\"xb-item--rating ul_li\">\r\n                                    <i class=\"far fa-star\"><\/i><i class=\"far fa-star\"><\/i><i class=\"far fa-star\"><\/i><i class=\"far fa-star\"><\/i><i class=\"far fa-star\"><\/i>                                <\/div>\r\n                                <span>(0)<\/span>\r\n                            <\/div>\r\n                                                    <\/div>\r\n                        <div class=\"xb-item--action ul_li mt-20\">\r\n                            <span class=\"xb-item--price\"><span class=\"woocommerce-Price-amount amount\"><span class=\"woocommerce-Price-currencySymbol\">&euro;<\/span>230.00<\/span><\/span>\r\n                            <a href=\"https:\/\/bodyshapenutrition.eu\/fr\/product\/power-whey-protein-shake-banana\/\"><span class=\"xb-item--cart-icon\"><img decoding=\"async\"\r\n                                            src=\"https:\/\/bodyshapenutrition.eu\/fr\/wp-content\/plugins\/purefit-core\/assets\/img\/bag.svg\" alt=\"\"><\/span><span class=\"xb-item--cart\">add to cart<\/span><\/a>\r\n                        <\/div>\r\n                    <\/div>\r\n                                    <div class=\"swiper-slide product-item text-center\">\r\n                        <div class=\"xb-item--img\">\r\n                            <a href=\"https:\/\/bodyshapenutrition.eu\/fr\/product\/power-vegan-protein-shake-salted-caramel\/\"><img decoding=\"async\" src=\"https:\/\/bodyshapenutrition.eu\/fr\/wp-content\/uploads\/2024\/08\/BodyShape-Protein-Bag-Vegan-Salted-Caramel-mock-up-1.png\" alt=\"img\"><\/a>\r\n                        <\/div>\r\n                        <div class=\"xb-item--holder\">\r\n                            <h3 class=\"xb-item--title\"><a href=\"https:\/\/bodyshapenutrition.eu\/fr\/product\/power-vegan-protein-shake-salted-caramel\/\">Power Vegan Protein Shake Salted Caramel<\/a><\/h3>\r\n                            <div class=\"xb-item--rating-inner ul_li_center\">\r\n                                <div class=\"xb-item--rating ul_li\">\r\n                                    <i class=\"far fa-star\"><\/i><i class=\"far fa-star\"><\/i><i class=\"far fa-star\"><\/i><i class=\"far fa-star\"><\/i><i class=\"far fa-star\"><\/i>                                <\/div>\r\n                                <span>(0)<\/span>\r\n                            <\/div>\r\n                                                    <\/div>\r\n                        <div class=\"xb-item--action ul_li mt-20\">\r\n                            <span class=\"xb-item--price\"><span class=\"woocommerce-Price-amount amount\"><span class=\"woocommerce-Price-currencySymbol\">&euro;<\/span>400.00<\/span><\/span>\r\n                            <a href=\"https:\/\/bodyshapenutrition.eu\/fr\/product\/power-vegan-protein-shake-salted-caramel\/\"><span class=\"xb-item--cart-icon\"><img decoding=\"async\"\r\n                                            src=\"https:\/\/bodyshapenutrition.eu\/fr\/wp-content\/plugins\/purefit-core\/assets\/img\/bag.svg\" alt=\"\"><\/span><span class=\"xb-item--cart\">add to cart<\/span><\/a>\r\n                        <\/div>\r\n                    <\/div>\r\n                                    <div class=\"swiper-slide product-item text-center\">\r\n                        <div class=\"xb-item--img\">\r\n                            <a href=\"https:\/\/bodyshapenutrition.eu\/fr\/product\/power-vegan-protein-shake-banana\/\"><img decoding=\"async\" src=\"https:\/\/bodyshapenutrition.eu\/fr\/wp-content\/uploads\/2024\/08\/BodyShape-Protein-Bag-Vegan-Banana-mock-up-1.png\" alt=\"img\"><\/a>\r\n                        <\/div>\r\n                        <div class=\"xb-item--holder\">\r\n                            <h3 class=\"xb-item--title\"><a href=\"https:\/\/bodyshapenutrition.eu\/fr\/product\/power-vegan-protein-shake-banana\/\">Power Vegan Protein Shake Banana<\/a><\/h3>\r\n                            <div class=\"xb-item--rating-inner ul_li_center\">\r\n                                <div class=\"xb-item--rating ul_li\">\r\n                                    <i class=\"far fa-star\"><\/i><i class=\"far fa-star\"><\/i><i class=\"far fa-star\"><\/i><i class=\"far fa-star\"><\/i><i class=\"far fa-star\"><\/i>                                <\/div>\r\n                                <span>(0)<\/span>\r\n                            <\/div>\r\n                                                    <\/div>\r\n                        <div class=\"xb-item--action ul_li mt-20\">\r\n                            <span class=\"xb-item--price\"><span class=\"woocommerce-Price-amount amount\"><span class=\"woocommerce-Price-currencySymbol\">&euro;<\/span>300.00<\/span><\/span>\r\n                            <a href=\"https:\/\/bodyshapenutrition.eu\/fr\/product\/power-vegan-protein-shake-banana\/\"><span class=\"xb-item--cart-icon\"><img decoding=\"async\"\r\n                                            src=\"https:\/\/bodyshapenutrition.eu\/fr\/wp-content\/plugins\/purefit-core\/assets\/img\/bag.svg\" alt=\"\"><\/span><span class=\"xb-item--cart\">add to cart<\/span><\/a>\r\n                        <\/div>\r\n                    <\/div>\r\n                                    <div class=\"swiper-slide product-item text-center\">\r\n                        <div class=\"xb-item--img\">\r\n                            <a href=\"https:\/\/bodyshapenutrition.eu\/fr\/product\/collagen-shake-strawberry\/\"><img decoding=\"async\" src=\"https:\/\/bodyshapenutrition.eu\/fr\/wp-content\/uploads\/2024\/08\/BodyShape-Protein-Bag-Collagen-Strawberry-mock-up-1.png\" alt=\"img\"><\/a>\r\n                        <\/div>\r\n                        <div class=\"xb-item--holder\">\r\n                            <h3 class=\"xb-item--title\"><a href=\"https:\/\/bodyshapenutrition.eu\/fr\/product\/collagen-shake-strawberry\/\">Collagen Shake Strawberry<\/a><\/h3>\r\n                            <div class=\"xb-item--rating-inner ul_li_center\">\r\n                                <div class=\"xb-item--rating ul_li\">\r\n                                    <i class=\"far fa-star\"><\/i><i class=\"far fa-star\"><\/i><i class=\"far fa-star\"><\/i><i class=\"far fa-star\"><\/i><i class=\"far fa-star\"><\/i>                                <\/div>\r\n                                <span>(0)<\/span>\r\n                            <\/div>\r\n                                                    <\/div>\r\n                        <div class=\"xb-item--action ul_li mt-20\">\r\n                            <span class=\"xb-item--price\"><span class=\"woocommerce-Price-amount amount\"><span class=\"woocommerce-Price-currencySymbol\">&euro;<\/span>300.00<\/span><\/span>\r\n                            <a href=\"https:\/\/bodyshapenutrition.eu\/fr\/product\/collagen-shake-strawberry\/\"><span class=\"xb-item--cart-icon\"><img decoding=\"async\"\r\n                                            src=\"https:\/\/bodyshapenutrition.eu\/fr\/wp-content\/plugins\/purefit-core\/assets\/img\/bag.svg\" alt=\"\"><\/span><span class=\"xb-item--cart\">add to cart<\/span><\/a>\r\n                        <\/div>\r\n                    <\/div>\r\n                            <\/div>\r\n        <\/div>\r\n        \t\t<\/div>\n\t\t\t\t<\/div>\n\t\t\t\t<div class=\"elementor-element elementor-element-90ba7c4 elementor-widget elementor-widget-text-editor\" data-id=\"90ba7c4\" data-element_type=\"widget\" data-widget_type=\"text-editor.default\">\n\t\t\t\t<div class=\"elementor-widget-container\">\n\t\t\t\t\t\t\t<p><span style=\"color: #000000;\"><strong>Pourquoi choisir BodyShape Nutrition Nutrition Sportive ?<\/strong><\/span><br \/><span style=\"color: #000000;\">BodyShape Nutrition propose des produits de nutrition sportive pour athl\u00e8tes sp\u00e9cialement con\u00e7us pour am\u00e9liorer les performances et la r\u00e9cup\u00e9ration athl\u00e9tiques. Nos produits fournissent le carburant n\u00e9cessaire \u00e0 votre corps pour s&#8217;entra\u00eener plus dur, r\u00e9cup\u00e9rer plus vite et donner le meilleur de vous-m\u00eame. Que vous soyez un athl\u00e8te professionnel ou un passionn\u00e9 de fitness, nos meilleures solutions de nutrition sportive sont con\u00e7ues pour soutenir vos objectifs.<\/span><\/p><p><span style=\"color: #000000;\"><b>Comment nos produits de nutrition sportive profitent-ils aux athl\u00e8tes ?<br \/><\/b>Nos produits de nutrition sportive sont riches en nutriments essentiels qui sont essentiels \u00e0 la nutrition des sportifs. Ils aident \u00e0 stimuler l&#8217;\u00e9nergie, l&#8217;endurance et la r\u00e9cup\u00e9ration musculaire, favorisant ainsi des performances de pointe. Cela les rend id\u00e9aux pour les athl\u00e8tes qui prennent leur sport au s\u00e9rieux, ainsi que pour les passionn\u00e9s de fitness qui souhaitent obtenir les meilleurs r\u00e9sultats.<\/span><\/p><p><span style=\"color: #000000;\"><b>Qu&#8217;est-ce qui distingue nos produits de nutrition sportive ?<br \/><\/b>Les produits de nutrition sportive BodyShape Nutrition sont \u00e9labor\u00e9s \u00e0 partir d&#8217;ingr\u00e9dients de haute qualit\u00e9, soutenus par la science. Ils sont con\u00e7us pour r\u00e9pondre aux exigences uniques des athl\u00e8tes, vous garantissant ainsi la meilleure nutrition sportive n\u00e9cessaire pour exceller dans votre sport. Notre concentration sur la nutrition sportive des athl\u00e8tes signifie que chaque produit est adapt\u00e9 pour r\u00e9pondre \u00e0 vos besoins sp\u00e9cifiques, de l&#8217;entra\u00eenement \u00e0 la r\u00e9cup\u00e9ration.<\/span><\/p>\t\t\t\t\t\t<\/div>\n\t\t\t\t<\/div>\n\t\t\t\t\t<\/div>\n\t\t<\/div>\n\t\t\t\t\t<\/div>\n\t\t<\/section>\n\t\t\t\t<\/div>\n\t\t","protected":false},"excerpt":{"rendered":"<p>Sport Nutrition Par cat\u00e9gorie Augmentez votre endurance et am\u00e9liorez votre nutrition Pr\u00e9sentation\u00a0:Chez BodyhSape Nutrition, notre collection \u00ab\u00a0Nutrition sportive\u00a0\u00bb est con\u00e7ue pour ceux qui souhaitent s\u00e9rieusement am\u00e9liorer leur sant\u00e9 cardiovasculaire et leur endurance. Cette cat\u00e9gorie comprend des compl\u00e9ments alimentaires, des \u00e9quipements de fitness et des programmes d\u2019entra\u00eenement haut de gamme sp\u00e9cialement con\u00e7us pour am\u00e9liorer votre sant\u00e9 [&hellip;]<\/p>\n","protected":false},"author":1,"featured_media":0,"parent":0,"menu_order":0,"comment_status":"closed","ping_status":"closed","template":"","meta":{"inline_featured_image":false,"_uag_custom_page_level_css":"","footnotes":""},"class_list":["post-2376","page","type-page","status-publish","hentry"],"uagb_featured_image_src":{"full":false,"thumbnail":false,"medium":false,"medium_large":false,"large":false,"1536x1536":false,"2048x2048":false,"purefit-large":false,"purefit-medium":false,"purefit-blog":false,"woocommerce_thumbnail":false,"woocommerce_single":false,"woocommerce_gallery_thumbnail":false},"uagb_author_info":{"display_name":"metasticworld","author_link":"https:\/\/bodyshapenutrition.eu\/fr\/author\/metasticworld\/"},"uagb_comment_info":0,"uagb_excerpt":"Sport Nutrition Par cat\u00e9gorie Augmentez votre endurance et am\u00e9liorez votre nutrition Pr\u00e9sentation\u00a0:Chez BodyhSape Nutrition, notre collection \u00ab\u00a0Nutrition sportive\u00a0\u00bb est con\u00e7ue pour ceux qui souhaitent s\u00e9rieusement am\u00e9liorer leur sant\u00e9 cardiovasculaire et leur endurance. Cette cat\u00e9gorie comprend des compl\u00e9ments alimentaires, des \u00e9quipements de fitness et des programmes d\u2019entra\u00eenement haut de gamme sp\u00e9cialement con\u00e7us pour am\u00e9liorer votre sant\u00e9&hellip;","_links":{"self":[{"href":"https:\/\/bodyshapenutrition.eu\/fr\/wp-json\/wp\/v2\/pages\/2376"}],"collection":[{"href":"https:\/\/bodyshapenutrition.eu\/fr\/wp-json\/wp\/v2\/pages"}],"about":[{"href":"https:\/\/bodyshapenutrition.eu\/fr\/wp-json\/wp\/v2\/types\/page"}],"author":[{"embeddable":true,"href":"https:\/\/bodyshapenutrition.eu\/fr\/wp-json\/wp\/v2\/users\/1"}],"replies":[{"embeddable":true,"href":"https:\/\/bodyshapenutrition.eu\/fr\/wp-json\/wp\/v2\/comments?post=2376"}],"version-history":[{"count":25,"href":"https:\/\/bodyshapenutrition.eu\/fr\/wp-json\/wp\/v2\/pages\/2376\/revisions"}],"predecessor-version":[{"id":2774,"href":"https:\/\/bodyshapenutrition.eu\/fr\/wp-json\/wp\/v2\/pages\/2376\/revisions\/2774"}],"wp:attachment":[{"href":"https:\/\/bodyshapenutrition.eu\/fr\/wp-json\/wp\/v2\/media?parent=2376"}],"curies":[{"name":"wp","href":"https:\/\/api.w.org\/{rel}","templated":true}]}}