{"id":2234,"date":"2024-07-26T08:21:36","date_gmt":"2024-07-26T08:21:36","guid":{"rendered":"https:\/\/check.metastic.world\/?page_id=2234"},"modified":"2024-11-30T10:27:25","modified_gmt":"2024-11-30T10:27:25","slug":"build-muscle","status":"publish","type":"page","link":"https:\/\/bodyshapenutrition.eu\/fr\/build-muscle\/","title":{"rendered":"Build Muscle"},"content":{"rendered":"\t\t<div data-elementor-type=\"wp-page\" data-elementor-id=\"2234\" class=\"elementor elementor-2234\">\n\t\t\t\t\t\t<section class=\"elementor-section elementor-top-section elementor-element elementor-element-b437775 elementor-section-full_width elementor-section-stretched elementor-section-height-default elementor-section-height-default\" data-id=\"b437775\" data-element_type=\"section\" data-settings=\"{&quot;stretch_section&quot;:&quot;section-stretched&quot;,&quot;background_background&quot;:&quot;classic&quot;}\">\n\t\t\t\t\t\t<div class=\"elementor-container elementor-column-gap-default\">\n\t\t\t\t\t<div class=\"elementor-column elementor-col-100 elementor-top-column elementor-element elementor-element-51b505d\" data-id=\"51b505d\" data-element_type=\"column\">\n\t\t\t<div class=\"elementor-widget-wrap elementor-element-populated\">\n\t\t\t\t\t\t<div class=\"elementor-element elementor-element-d2531a6 elementor-widget elementor-widget-heading\" data-id=\"d2531a6\" data-element_type=\"widget\" data-widget_type=\"heading.default\">\n\t\t\t\t<div class=\"elementor-widget-container\">\n\t\t\t<style>\/*! elementor - v3.21.0 - 26-05-2024 *\/\n.elementor-heading-title{padding:0;margin:0;line-height:1}.elementor-widget-heading .elementor-heading-title[class*=elementor-size-]>a{color:inherit;font-size:inherit;line-height:inherit}.elementor-widget-heading .elementor-heading-title.elementor-size-small{font-size:15px}.elementor-widget-heading .elementor-heading-title.elementor-size-medium{font-size:19px}.elementor-widget-heading .elementor-heading-title.elementor-size-large{font-size:29px}.elementor-widget-heading .elementor-heading-title.elementor-size-xl{font-size:39px}.elementor-widget-heading .elementor-heading-title.elementor-size-xxl{font-size:59px}<\/style><h2 class=\"elementor-heading-title elementor-size-default\">Build Muscle<\/h2>\t\t<\/div>\n\t\t\t\t<\/div>\n\t\t\t\t\t<\/div>\n\t\t<\/div>\n\t\t\t\t\t<\/div>\n\t\t<\/section>\n\t\t\t\t<section class=\"elementor-section elementor-top-section elementor-element elementor-element-2b25536 elementor-section-boxed elementor-section-height-default elementor-section-height-default\" data-id=\"2b25536\" data-element_type=\"section\">\n\t\t\t\t\t\t<div class=\"elementor-container elementor-column-gap-default\">\n\t\t\t\t\t<div class=\"elementor-column elementor-col-100 elementor-top-column elementor-element elementor-element-7378d62\" data-id=\"7378d62\" data-element_type=\"column\">\n\t\t\t<div class=\"elementor-widget-wrap elementor-element-populated\">\n\t\t\t\t\t\t<div class=\"elementor-element elementor-element-fff1df4 elementor-widget elementor-widget-int-sec-title\" data-id=\"fff1df4\" data-element_type=\"widget\" data-widget_type=\"int-sec-title.default\">\n\t\t\t\t<div class=\"elementor-widget-container\">\n\t\t\t\r\n                <div class=\"sec-title sec-title--two\">\r\n                            <span class=\"sub-title\">By Goal <\/span>\r\n                            <h2 class=\"title\">Transformez votre force et d\u00e9veloppez vos muscles rapidement<\/h2>\r\n                    <\/div>\r\n    \t\t<\/div>\n\t\t\t\t<\/div>\n\t\t\t\t<div class=\"elementor-element elementor-element-dc5ca6a elementor-widget elementor-widget-text-editor\" data-id=\"dc5ca6a\" data-element_type=\"widget\" data-widget_type=\"text-editor.default\">\n\t\t\t\t<div class=\"elementor-widget-container\">\n\t\t\t<style>\/*! elementor - v3.21.0 - 26-05-2024 *\/\n.elementor-widget-text-editor.elementor-drop-cap-view-stacked .elementor-drop-cap{background-color:#69727d;color:#fff}.elementor-widget-text-editor.elementor-drop-cap-view-framed .elementor-drop-cap{color:#69727d;border:3px solid;background-color:transparent}.elementor-widget-text-editor:not(.elementor-drop-cap-view-default) .elementor-drop-cap{margin-top:8px}.elementor-widget-text-editor:not(.elementor-drop-cap-view-default) .elementor-drop-cap-letter{width:1em;height:1em}.elementor-widget-text-editor .elementor-drop-cap{float:left;text-align:center;line-height:1;font-size:50px}.elementor-widget-text-editor .elementor-drop-cap-letter{display:inline-block}<\/style>\t\t\t\t<p><span style=\"color: #000000;\"><strong>Overview:<\/strong><br \/>Chez BodyShape Nutrition, nous nous engageons \u00e0 vous aider \u00e0 atteindre vos objectifs de remise en forme avec pr\u00e9cision et efficacit\u00e9. Notre collection Build Muscle Fast est con\u00e7ue pour ceux qui souhaitent maximiser leur force et leurs gains musculaires. Des suppl\u00e9ments haut de gamme aux \u00e9quipements d&#8217;entra\u00eenement haut de gamme, chaque produit est soigneusement s\u00e9lectionn\u00e9 pour soutenir votre parcours de renforcement musculaire. Que vous soyez un athl\u00e8te chevronn\u00e9 ou que vous d\u00e9butiez, BodyShape Nutrition propose les meilleurs shakes de renforcement musculaire et les \u00e9l\u00e9ments essentiels dont vous avez besoin pour transformer votre force et sculpter le physique dont vous avez toujours r\u00eav\u00e9.<br \/><\/span><\/p>\t\t\t\t\t\t<\/div>\n\t\t\t\t<\/div>\n\t\t\t\t\t<\/div>\n\t\t<\/div>\n\t\t\t\t\t<\/div>\n\t\t<\/section>\n\t\t\t\t<section class=\"elementor-section elementor-top-section elementor-element elementor-element-aae4163 elementor-section-boxed elementor-section-height-default elementor-section-height-default\" data-id=\"aae4163\" data-element_type=\"section\">\n\t\t\t\t\t\t<div class=\"elementor-container elementor-column-gap-default\">\n\t\t\t\t\t<div class=\"elementor-column elementor-col-100 elementor-top-column elementor-element elementor-element-2f40884\" data-id=\"2f40884\" data-element_type=\"column\">\n\t\t\t<div class=\"elementor-widget-wrap elementor-element-populated\">\n\t\t\t\t\t\t<div class=\"elementor-element elementor-element-1109d92 elementor-widget elementor-widget-int-products\" data-id=\"1109d92\" data-element_type=\"widget\" data-widget_type=\"int-products.default\">\n\t\t\t\t<div class=\"elementor-widget-container\">\n\t\t\t        <div class=\"product-slider swiper-container\">\r\n            <div class=\"swiper-wrapper\">\r\n\r\n                                    <div class=\"swiper-slide product-item text-center\">\r\n                        <div class=\"xb-item--img\">\r\n                            <a href=\"https:\/\/bodyshapenutrition.eu\/fr\/product\/power-whey-protein-shake-banana\/\"><img decoding=\"async\" src=\"https:\/\/bodyshapenutrition.eu\/fr\/wp-content\/uploads\/2024\/08\/BodyShape-Protein-Bag-Banana-mock-up-2.png\" alt=\"img\"><\/a>\r\n                        <\/div>\r\n                        <div class=\"xb-item--holder\">\r\n                            <h3 class=\"xb-item--title\"><a href=\"https:\/\/bodyshapenutrition.eu\/fr\/product\/power-whey-protein-shake-banana\/\">Power Whey Protein Shake Banana<\/a><\/h3>\r\n                            <div class=\"xb-item--rating-inner ul_li_center\">\r\n                                <div class=\"xb-item--rating ul_li\">\r\n                                    <i class=\"far fa-star\"><\/i><i class=\"far fa-star\"><\/i><i class=\"far fa-star\"><\/i><i class=\"far fa-star\"><\/i><i class=\"far fa-star\"><\/i>                                <\/div>\r\n                                <span>(0)<\/span>\r\n                            <\/div>\r\n                                                    <\/div>\r\n                        <div class=\"xb-item--action ul_li mt-20\">\r\n                            <span class=\"xb-item--price\"><span class=\"woocommerce-Price-amount amount\"><span class=\"woocommerce-Price-currencySymbol\">&euro;<\/span>230.00<\/span><\/span>\r\n                            <a href=\"https:\/\/bodyshapenutrition.eu\/fr\/product\/power-whey-protein-shake-banana\/\"><span class=\"xb-item--cart-icon\"><img decoding=\"async\"\r\n                                            src=\"https:\/\/bodyshapenutrition.eu\/fr\/wp-content\/plugins\/purefit-core\/assets\/img\/bag.svg\" alt=\"\"><\/span><span class=\"xb-item--cart\">add to cart<\/span><\/a>\r\n                        <\/div>\r\n                    <\/div>\r\n                                    <div class=\"swiper-slide product-item text-center\">\r\n                        <div class=\"xb-item--img\">\r\n                            <a href=\"https:\/\/bodyshapenutrition.eu\/fr\/product\/power-vegan-protein-shake-salted-caramel\/\"><img decoding=\"async\" src=\"https:\/\/bodyshapenutrition.eu\/fr\/wp-content\/uploads\/2024\/08\/BodyShape-Protein-Bag-Vegan-Salted-Caramel-mock-up-1.png\" alt=\"img\"><\/a>\r\n                        <\/div>\r\n                        <div class=\"xb-item--holder\">\r\n                            <h3 class=\"xb-item--title\"><a href=\"https:\/\/bodyshapenutrition.eu\/fr\/product\/power-vegan-protein-shake-salted-caramel\/\">Power Vegan Protein Shake Salted Caramel<\/a><\/h3>\r\n                            <div class=\"xb-item--rating-inner ul_li_center\">\r\n                                <div class=\"xb-item--rating ul_li\">\r\n                                    <i class=\"far fa-star\"><\/i><i class=\"far fa-star\"><\/i><i class=\"far fa-star\"><\/i><i class=\"far fa-star\"><\/i><i class=\"far fa-star\"><\/i>                                <\/div>\r\n                                <span>(0)<\/span>\r\n                            <\/div>\r\n                                                    <\/div>\r\n                        <div class=\"xb-item--action ul_li mt-20\">\r\n                            <span class=\"xb-item--price\"><span class=\"woocommerce-Price-amount amount\"><span class=\"woocommerce-Price-currencySymbol\">&euro;<\/span>400.00<\/span><\/span>\r\n                            <a href=\"https:\/\/bodyshapenutrition.eu\/fr\/product\/power-vegan-protein-shake-salted-caramel\/\"><span class=\"xb-item--cart-icon\"><img decoding=\"async\"\r\n                                            src=\"https:\/\/bodyshapenutrition.eu\/fr\/wp-content\/plugins\/purefit-core\/assets\/img\/bag.svg\" alt=\"\"><\/span><span class=\"xb-item--cart\">add to cart<\/span><\/a>\r\n                        <\/div>\r\n                    <\/div>\r\n                                    <div class=\"swiper-slide product-item text-center\">\r\n                        <div class=\"xb-item--img\">\r\n                            <a href=\"https:\/\/bodyshapenutrition.eu\/fr\/product\/power-vegan-protein-shake-banana\/\"><img decoding=\"async\" src=\"https:\/\/bodyshapenutrition.eu\/fr\/wp-content\/uploads\/2024\/08\/BodyShape-Protein-Bag-Vegan-Banana-mock-up-1.png\" alt=\"img\"><\/a>\r\n                        <\/div>\r\n                        <div class=\"xb-item--holder\">\r\n                            <h3 class=\"xb-item--title\"><a href=\"https:\/\/bodyshapenutrition.eu\/fr\/product\/power-vegan-protein-shake-banana\/\">Power Vegan Protein Shake Banana<\/a><\/h3>\r\n                            <div class=\"xb-item--rating-inner ul_li_center\">\r\n                                <div class=\"xb-item--rating ul_li\">\r\n                                    <i class=\"far fa-star\"><\/i><i class=\"far fa-star\"><\/i><i class=\"far fa-star\"><\/i><i class=\"far fa-star\"><\/i><i class=\"far fa-star\"><\/i>                                <\/div>\r\n                                <span>(0)<\/span>\r\n                            <\/div>\r\n                                                    <\/div>\r\n                        <div class=\"xb-item--action ul_li mt-20\">\r\n                            <span class=\"xb-item--price\"><span class=\"woocommerce-Price-amount amount\"><span class=\"woocommerce-Price-currencySymbol\">&euro;<\/span>300.00<\/span><\/span>\r\n                            <a href=\"https:\/\/bodyshapenutrition.eu\/fr\/product\/power-vegan-protein-shake-banana\/\"><span class=\"xb-item--cart-icon\"><img decoding=\"async\"\r\n                                            src=\"https:\/\/bodyshapenutrition.eu\/fr\/wp-content\/plugins\/purefit-core\/assets\/img\/bag.svg\" alt=\"\"><\/span><span class=\"xb-item--cart\">add to cart<\/span><\/a>\r\n                        <\/div>\r\n                    <\/div>\r\n                                    <div class=\"swiper-slide product-item text-center\">\r\n                        <div class=\"xb-item--img\">\r\n                            <a href=\"https:\/\/bodyshapenutrition.eu\/fr\/product\/collagen-shake-strawberry\/\"><img decoding=\"async\" src=\"https:\/\/bodyshapenutrition.eu\/fr\/wp-content\/uploads\/2024\/08\/BodyShape-Protein-Bag-Collagen-Strawberry-mock-up-1.png\" alt=\"img\"><\/a>\r\n                        <\/div>\r\n                        <div class=\"xb-item--holder\">\r\n                            <h3 class=\"xb-item--title\"><a href=\"https:\/\/bodyshapenutrition.eu\/fr\/product\/collagen-shake-strawberry\/\">Collagen Shake Strawberry<\/a><\/h3>\r\n                            <div class=\"xb-item--rating-inner ul_li_center\">\r\n                                <div class=\"xb-item--rating ul_li\">\r\n                                    <i class=\"far fa-star\"><\/i><i class=\"far fa-star\"><\/i><i class=\"far fa-star\"><\/i><i class=\"far fa-star\"><\/i><i class=\"far fa-star\"><\/i>                                <\/div>\r\n                                <span>(0)<\/span>\r\n                            <\/div>\r\n                                                    <\/div>\r\n                        <div class=\"xb-item--action ul_li mt-20\">\r\n                            <span class=\"xb-item--price\"><span class=\"woocommerce-Price-amount amount\"><span class=\"woocommerce-Price-currencySymbol\">&euro;<\/span>300.00<\/span><\/span>\r\n                            <a href=\"https:\/\/bodyshapenutrition.eu\/fr\/product\/collagen-shake-strawberry\/\"><span class=\"xb-item--cart-icon\"><img decoding=\"async\"\r\n                                            src=\"https:\/\/bodyshapenutrition.eu\/fr\/wp-content\/plugins\/purefit-core\/assets\/img\/bag.svg\" alt=\"\"><\/span><span class=\"xb-item--cart\">add to cart<\/span><\/a>\r\n                        <\/div>\r\n                    <\/div>\r\n                            <\/div>\r\n        <\/div>\r\n        \t\t<\/div>\n\t\t\t\t<\/div>\n\t\t\t\t<div class=\"elementor-element elementor-element-c5e378b elementor-widget elementor-widget-text-editor\" data-id=\"c5e378b\" data-element_type=\"widget\" data-widget_type=\"text-editor.default\">\n\t\t\t\t<div class=\"elementor-widget-container\">\n\t\t\t\t\t\t\t<p><strong><span style=\"color: #000000;\">Pourquoi choisir les compl\u00e9ments alimentaires de BodyShape Nutrition pour la musculation ?<\/span><\/strong><br \/><span style=\"color: #000000;\">Chez BodyShape Nutrition, nous comprenons que la musculation est plus qu\u2019un simple objectif ; c\u2019est un engagement envers votre parcours de remise en forme. Notre gamme de compl\u00e9ments alimentaires pour la musculation, y compris nos meilleurs shakes prot\u00e9in\u00e9s pour la musculation, est m\u00e9ticuleusement con\u00e7ue pour r\u00e9pondre aux besoins de votre corps. Que vous vous demandiez si les shakes prot\u00e9in\u00e9s aident \u00e0 d\u00e9velopper vos muscles ou que vous ayez confiance en leurs bienfaits, le choix de nos produits garantit \u00e0 votre corps les nutriments n\u00e9cessaires pour r\u00e9parer et d\u00e9velopper les tissus musculaires. Cela am\u00e9liore les r\u00e9sultats de votre entra\u00eenement et vous aide \u00e0 atteindre vos objectifs de remise en forme plus rapidement et plus efficacement.<\/span><\/p><p><b><span style=\"color: #000000;\">Comment nos compl\u00e9ments am\u00e9liorent-ils votre croissance musculaire ?<\/span><br \/><\/b><span style=\"color: #000000;\">Chez BodyShape Nutrition, nous comprenons que la musculation est plus qu\u2019un simple objectif ; c\u2019est un engagement envers votre parcours de remise en forme. Notre gamme de compl\u00e9ments alimentaires pour la musculation, y compris nos meilleurs shakes prot\u00e9in\u00e9s pour la musculation, est m\u00e9ticuleusement con\u00e7ue pour r\u00e9pondre aux besoins de votre corps. Que vous vous demandiez si les shakes prot\u00e9in\u00e9s aident \u00e0 d\u00e9velopper vos muscles ou que vous soyez s\u00fbr de leurs bienfaits, le choix de nos produits garantit que votre corps re\u00e7oit les nutriments n\u00e9cessaires pour r\u00e9parer et d\u00e9velopper les tissus musculaires. Cela am\u00e9liore les r\u00e9sultats de votre entra\u00eenement et vous aide \u00e0 atteindre vos objectifs de remise en forme plus rapidement et plus efficacement.<\/span><\/p><p><b><span style=\"color: #000000;\">Qu&#8217;est-ce qui rend les shakes BodyShape Nutrition id\u00e9aux pour la musculation ?<\/span><br \/><\/b><span style=\"color: #000000;\">Nos shakes de renforcement musculaire ne sont pas seulement une option pratique apr\u00e8s l&#8217;entra\u00eenement ; ils sont une source de nutriments qui jouent un r\u00f4le crucial dans la r\u00e9cup\u00e9ration et la croissance musculaire. Remplis de prot\u00e9ines, de vitamines et de min\u00e9raux de haute qualit\u00e9, les shakes BodyShape Nutrition sont con\u00e7us pour \u00eatre rapidement absorb\u00e9s par le corps, fournissant une alimentation imm\u00e9diate \u00e0 vos muscles. Que vous recherchiez un substitut de repas ou un regain d&#8217;\u00e9nergie rapide, nos meilleurs shakes prot\u00e9in\u00e9s pour d\u00e9velopper vos muscles sont con\u00e7us pour vous aider \u00e0 rester sur la bonne voie avec vos objectifs de renforcement musculaire sans compromettre le go\u00fbt ou la nutrition.<\/span><\/p><p><b><span style=\"color: #000000;\">Nos produits peuvent-ils vous aider \u00e0 surmonter les plateaux dans votre parcours de renforcement musculaire ?<\/span><br \/><\/b><span style=\"color: #000000;\">Il peut \u00eatre frustrant d\u2019atteindre un palier dans votre parcours de d\u00e9veloppement musculaire, mais avec BodyShape Nutrition, vous avez les outils pour vous en sortir et continuer \u00e0 progresser. Nos suppl\u00e9ments et nos shakes de renforcement musculaire sont formul\u00e9s pour soutenir les processus m\u00e9taboliques qui peuvent aider \u00e0 franchir ces paliers, offrant \u00e0 vos muscles le carburant suppl\u00e9mentaire dont ils ont besoin pour continuer \u00e0 se d\u00e9velopper. En incorporant nos meilleurs shakes de renforcement musculaire \u00e0 votre routine, vous pouvez maintenir des gains constants et garder votre motivation \u00e9lev\u00e9e, en vous assurant que rien ne s\u2019oppose \u00e0 l\u2019obtention du physique souhait\u00e9.<\/span><\/p><p><span style=\"color: #000000;\"><b>Les shakes prot\u00e9in\u00e9s sont-ils n\u00e9cessaires pour d\u00e9velopper les muscles ?<\/b><\/span><\/p><p><span style=\"color: #000000;\">Bien que les shakes prot\u00e9in\u00e9s ne soient pas absolument n\u00e9cessaires pour d\u00e9velopper les muscles, ils constituent un moyen incroyablement pratique et efficace de vous assurer que vous consommez suffisamment de prot\u00e9ines dans votre alimentation. Pour ceux qui ont du mal \u00e0 r\u00e9pondre \u00e0 leurs besoins quotidiens en prot\u00e9ines par la seule alimentation, les shakes prot\u00e9in\u00e9s peuvent fournir le coup de pouce suppl\u00e9mentaire n\u00e9cessaire pour soutenir la croissance et la r\u00e9cup\u00e9ration musculaires, ce qui en fait un ajout pr\u00e9cieux \u00e0 votre routine de remise en forme.<\/span><\/p><p><span style=\"color: #000000;\"><b>Les shakes prot\u00e9in\u00e9s aident-ils \u00e0 d\u00e9velopper les muscles ?<\/b><\/span><\/p><p><span style=\"color: #000000;\">Oui, les shakes prot\u00e9in\u00e9s aident \u00e0 d\u00e9velopper les muscles en fournissant \u00e0 votre corps les acides amin\u00e9s n\u00e9cessaires qui soutiennent la r\u00e9paration et la croissance musculaires apr\u00e8s l\u2019exercice. Consommer un shake prot\u00e9in\u00e9 apr\u00e8s l\u2019entra\u00eenement garantit que vos muscles re\u00e7oivent les nutriments dont ils ont besoin pour r\u00e9cup\u00e9rer et devenir plus forts.<\/span><\/p>\t\t\t\t\t\t<\/div>\n\t\t\t\t<\/div>\n\t\t\t\t\t<\/div>\n\t\t<\/div>\n\t\t\t\t\t<\/div>\n\t\t<\/section>\n\t\t\t\t<\/div>\n\t\t","protected":false},"excerpt":{"rendered":"<p>Build Muscle By Goal Transformez votre force et d\u00e9veloppez vos muscles rapidement Overview:Chez BodyShape Nutrition, nous nous engageons \u00e0 vous aider \u00e0 atteindre vos objectifs de remise en forme avec pr\u00e9cision et efficacit\u00e9. Notre collection Build Muscle Fast est con\u00e7ue pour ceux qui souhaitent maximiser leur force et leurs gains musculaires. Des suppl\u00e9ments haut de [&hellip;]<\/p>\n","protected":false},"author":1,"featured_media":0,"parent":0,"menu_order":0,"comment_status":"closed","ping_status":"closed","template":"","meta":{"inline_featured_image":false,"_uag_custom_page_level_css":"","footnotes":""},"class_list":["post-2234","page","type-page","status-publish","hentry"],"uagb_featured_image_src":{"full":false,"thumbnail":false,"medium":false,"medium_large":false,"large":false,"1536x1536":false,"2048x2048":false,"purefit-large":false,"purefit-medium":false,"purefit-blog":false,"woocommerce_thumbnail":false,"woocommerce_single":false,"woocommerce_gallery_thumbnail":false},"uagb_author_info":{"display_name":"metasticworld","author_link":"https:\/\/bodyshapenutrition.eu\/fr\/author\/metasticworld\/"},"uagb_comment_info":0,"uagb_excerpt":"Build Muscle By Goal Transformez votre force et d\u00e9veloppez vos muscles rapidement Overview:Chez BodyShape Nutrition, nous nous engageons \u00e0 vous aider \u00e0 atteindre vos objectifs de remise en forme avec pr\u00e9cision et efficacit\u00e9. Notre collection Build Muscle Fast est con\u00e7ue pour ceux qui souhaitent maximiser leur force et leurs gains musculaires. Des suppl\u00e9ments haut de&hellip;","_links":{"self":[{"href":"https:\/\/bodyshapenutrition.eu\/fr\/wp-json\/wp\/v2\/pages\/2234"}],"collection":[{"href":"https:\/\/bodyshapenutrition.eu\/fr\/wp-json\/wp\/v2\/pages"}],"about":[{"href":"https:\/\/bodyshapenutrition.eu\/fr\/wp-json\/wp\/v2\/types\/page"}],"author":[{"embeddable":true,"href":"https:\/\/bodyshapenutrition.eu\/fr\/wp-json\/wp\/v2\/users\/1"}],"replies":[{"embeddable":true,"href":"https:\/\/bodyshapenutrition.eu\/fr\/wp-json\/wp\/v2\/comments?post=2234"}],"version-history":[{"count":40,"href":"https:\/\/bodyshapenutrition.eu\/fr\/wp-json\/wp\/v2\/pages\/2234\/revisions"}],"predecessor-version":[{"id":2777,"href":"https:\/\/bodyshapenutrition.eu\/fr\/wp-json\/wp\/v2\/pages\/2234\/revisions\/2777"}],"wp:attachment":[{"href":"https:\/\/bodyshapenutrition.eu\/fr\/wp-json\/wp\/v2\/media?parent=2234"}],"curies":[{"name":"wp","href":"https:\/\/api.w.org\/{rel}","templated":true}]}}