{"id":2225,"date":"2024-07-26T08:17:31","date_gmt":"2024-07-26T08:17:31","guid":{"rendered":"https:\/\/check.metastic.world\/?page_id=2225"},"modified":"2024-11-30T10:27:55","modified_gmt":"2024-11-30T10:27:55","slug":"loose-weight","status":"publish","type":"page","link":"https:\/\/bodyshapenutrition.eu\/fr\/loose-weight\/","title":{"rendered":"Loose Weight"},"content":{"rendered":"\t\t<div data-elementor-type=\"wp-page\" data-elementor-id=\"2225\" class=\"elementor elementor-2225\">\n\t\t\t\t\t\t<section class=\"elementor-section elementor-top-section elementor-element elementor-element-cf11b01 elementor-section-full_width elementor-section-stretched elementor-section-height-default elementor-section-height-default\" data-id=\"cf11b01\" data-element_type=\"section\" data-settings=\"{&quot;stretch_section&quot;:&quot;section-stretched&quot;,&quot;background_background&quot;:&quot;classic&quot;}\">\n\t\t\t\t\t\t<div class=\"elementor-container elementor-column-gap-default\">\n\t\t\t\t\t<div class=\"elementor-column elementor-col-100 elementor-top-column elementor-element elementor-element-bf51373\" data-id=\"bf51373\" data-element_type=\"column\">\n\t\t\t<div class=\"elementor-widget-wrap elementor-element-populated\">\n\t\t\t\t\t\t<div class=\"elementor-element elementor-element-2018a2a elementor-widget elementor-widget-heading\" data-id=\"2018a2a\" data-element_type=\"widget\" data-widget_type=\"heading.default\">\n\t\t\t\t<div class=\"elementor-widget-container\">\n\t\t\t<style>\/*! elementor - v3.21.0 - 26-05-2024 *\/\n.elementor-heading-title{padding:0;margin:0;line-height:1}.elementor-widget-heading .elementor-heading-title[class*=elementor-size-]>a{color:inherit;font-size:inherit;line-height:inherit}.elementor-widget-heading .elementor-heading-title.elementor-size-small{font-size:15px}.elementor-widget-heading .elementor-heading-title.elementor-size-medium{font-size:19px}.elementor-widget-heading .elementor-heading-title.elementor-size-large{font-size:29px}.elementor-widget-heading .elementor-heading-title.elementor-size-xl{font-size:39px}.elementor-widget-heading .elementor-heading-title.elementor-size-xxl{font-size:59px}<\/style><h2 class=\"elementor-heading-title elementor-size-default\">Loose weight<\/h2>\t\t<\/div>\n\t\t\t\t<\/div>\n\t\t\t\t\t<\/div>\n\t\t<\/div>\n\t\t\t\t\t<\/div>\n\t\t<\/section>\n\t\t\t\t<section class=\"elementor-section elementor-top-section elementor-element elementor-element-eb9eab3 elementor-section-boxed elementor-section-height-default elementor-section-height-default\" data-id=\"eb9eab3\" data-element_type=\"section\">\n\t\t\t\t\t\t<div class=\"elementor-container elementor-column-gap-default\">\n\t\t\t\t\t<div class=\"elementor-column elementor-col-100 elementor-top-column elementor-element elementor-element-9963a04\" data-id=\"9963a04\" data-element_type=\"column\">\n\t\t\t<div class=\"elementor-widget-wrap elementor-element-populated\">\n\t\t\t\t\t\t<div class=\"elementor-element elementor-element-a4a4aba elementor-widget elementor-widget-int-sec-title\" data-id=\"a4a4aba\" data-element_type=\"widget\" data-widget_type=\"int-sec-title.default\">\n\t\t\t\t<div class=\"elementor-widget-container\">\n\t\t\t\r\n                <div class=\"sec-title sec-title--two\">\r\n                            <span class=\"sub-title\">Par objectif<\/span>\r\n                            <h2 class=\"title\">Perdez du poids et gagnez rapidement en confiance<\/h2>\r\n                    <\/div>\r\n    \t\t<\/div>\n\t\t\t\t<\/div>\n\t\t\t\t<div class=\"elementor-element elementor-element-2403ce3 elementor-widget elementor-widget-text-editor\" data-id=\"2403ce3\" data-element_type=\"widget\" data-widget_type=\"text-editor.default\">\n\t\t\t\t<div class=\"elementor-widget-container\">\n\t\t\t<style>\/*! elementor - v3.21.0 - 26-05-2024 *\/\n.elementor-widget-text-editor.elementor-drop-cap-view-stacked .elementor-drop-cap{background-color:#69727d;color:#fff}.elementor-widget-text-editor.elementor-drop-cap-view-framed .elementor-drop-cap{color:#69727d;border:3px solid;background-color:transparent}.elementor-widget-text-editor:not(.elementor-drop-cap-view-default) .elementor-drop-cap{margin-top:8px}.elementor-widget-text-editor:not(.elementor-drop-cap-view-default) .elementor-drop-cap-letter{width:1em;height:1em}.elementor-widget-text-editor .elementor-drop-cap{float:left;text-align:center;line-height:1;font-size:50px}.elementor-widget-text-editor .elementor-drop-cap-letter{display:inline-block}<\/style>\t\t\t\t<p><span style=\"color: #000000;\"><strong>Overview:<\/strong><br \/>Chez BodyShape Nutrition, notre gamme \u00ab Perdre du poids \u00bb est con\u00e7ue pour ceux qui souhaitent perdre des kilos en trop et atteindre leur poids corporel id\u00e9al. Cette gamme soigneusement s\u00e9lectionn\u00e9e comprend des compl\u00e9ments br\u00fble-graisses, des substituts de repas sains, des shakes amaigrissants, des \u00e9quipements de fitness et des guides de style de vie con\u00e7us pour vous aider \u00e0 perdre du poids de mani\u00e8re efficace et durable. Que vous cherchiez \u00e0 d\u00e9marrer votre parcours de perte de poids, \u00e0 franchir un palier ou \u00e0 maintenir vos progr\u00e8s, nos produits sont l\u00e0 pour vous accompagner \u00e0 chaque \u00e9tape du processus. Avec BodyShape Nutrition, perdre du poids devient une exp\u00e9rience g\u00e9rable et enrichissante.<br \/><\/span><\/p>\t\t\t\t\t\t<\/div>\n\t\t\t\t<\/div>\n\t\t\t\t\t<\/div>\n\t\t<\/div>\n\t\t\t\t\t<\/div>\n\t\t<\/section>\n\t\t\t\t<section class=\"elementor-section elementor-top-section elementor-element elementor-element-006d16a elementor-section-boxed elementor-section-height-default elementor-section-height-default\" data-id=\"006d16a\" data-element_type=\"section\">\n\t\t\t\t\t\t<div class=\"elementor-container elementor-column-gap-default\">\n\t\t\t\t\t<div class=\"elementor-column elementor-col-100 elementor-top-column elementor-element elementor-element-7112b4c\" data-id=\"7112b4c\" data-element_type=\"column\">\n\t\t\t<div class=\"elementor-widget-wrap elementor-element-populated\">\n\t\t\t\t\t\t<div class=\"elementor-element elementor-element-e2ee992 elementor-widget elementor-widget-int-products\" data-id=\"e2ee992\" data-element_type=\"widget\" data-widget_type=\"int-products.default\">\n\t\t\t\t<div class=\"elementor-widget-container\">\n\t\t\t        <div class=\"product-slider swiper-container\">\r\n            <div class=\"swiper-wrapper\">\r\n\r\n                                    <div class=\"swiper-slide product-item text-center\">\r\n                        <div class=\"xb-item--img\">\r\n                            <a href=\"https:\/\/bodyshapenutrition.eu\/fr\/product\/power-whey-protein-shake-banana\/\"><img decoding=\"async\" src=\"https:\/\/bodyshapenutrition.eu\/fr\/wp-content\/uploads\/2024\/08\/BodyShape-Protein-Bag-Banana-mock-up-2.png\" alt=\"img\"><\/a>\r\n                        <\/div>\r\n                        <div class=\"xb-item--holder\">\r\n                            <h3 class=\"xb-item--title\"><a href=\"https:\/\/bodyshapenutrition.eu\/fr\/product\/power-whey-protein-shake-banana\/\">Power Whey Protein Shake Banana<\/a><\/h3>\r\n                            <div class=\"xb-item--rating-inner ul_li_center\">\r\n                                <div class=\"xb-item--rating ul_li\">\r\n                                    <i class=\"far fa-star\"><\/i><i class=\"far fa-star\"><\/i><i class=\"far fa-star\"><\/i><i class=\"far fa-star\"><\/i><i class=\"far fa-star\"><\/i>                                <\/div>\r\n                                <span>(0)<\/span>\r\n                            <\/div>\r\n                                                    <\/div>\r\n                        <div class=\"xb-item--action ul_li mt-20\">\r\n                            <span class=\"xb-item--price\"><span class=\"woocommerce-Price-amount amount\"><span class=\"woocommerce-Price-currencySymbol\">&euro;<\/span>230.00<\/span><\/span>\r\n                            <a href=\"https:\/\/bodyshapenutrition.eu\/fr\/product\/power-whey-protein-shake-banana\/\"><span class=\"xb-item--cart-icon\"><img decoding=\"async\"\r\n                                            src=\"https:\/\/bodyshapenutrition.eu\/fr\/wp-content\/plugins\/purefit-core\/assets\/img\/bag.svg\" alt=\"\"><\/span><span class=\"xb-item--cart\">add to cart<\/span><\/a>\r\n                        <\/div>\r\n                    <\/div>\r\n                                    <div class=\"swiper-slide product-item text-center\">\r\n                        <div class=\"xb-item--img\">\r\n                            <a href=\"https:\/\/bodyshapenutrition.eu\/fr\/product\/power-vegan-protein-shake-salted-caramel\/\"><img decoding=\"async\" src=\"https:\/\/bodyshapenutrition.eu\/fr\/wp-content\/uploads\/2024\/08\/BodyShape-Protein-Bag-Vegan-Salted-Caramel-mock-up-1.png\" alt=\"img\"><\/a>\r\n                        <\/div>\r\n                        <div class=\"xb-item--holder\">\r\n                            <h3 class=\"xb-item--title\"><a href=\"https:\/\/bodyshapenutrition.eu\/fr\/product\/power-vegan-protein-shake-salted-caramel\/\">Power Vegan Protein Shake Salted Caramel<\/a><\/h3>\r\n                            <div class=\"xb-item--rating-inner ul_li_center\">\r\n                                <div class=\"xb-item--rating ul_li\">\r\n                                    <i class=\"far fa-star\"><\/i><i class=\"far fa-star\"><\/i><i class=\"far fa-star\"><\/i><i class=\"far fa-star\"><\/i><i class=\"far fa-star\"><\/i>                                <\/div>\r\n                                <span>(0)<\/span>\r\n                            <\/div>\r\n                                                    <\/div>\r\n                        <div class=\"xb-item--action ul_li mt-20\">\r\n                            <span class=\"xb-item--price\"><span class=\"woocommerce-Price-amount amount\"><span class=\"woocommerce-Price-currencySymbol\">&euro;<\/span>400.00<\/span><\/span>\r\n                            <a href=\"https:\/\/bodyshapenutrition.eu\/fr\/product\/power-vegan-protein-shake-salted-caramel\/\"><span class=\"xb-item--cart-icon\"><img decoding=\"async\"\r\n                                            src=\"https:\/\/bodyshapenutrition.eu\/fr\/wp-content\/plugins\/purefit-core\/assets\/img\/bag.svg\" alt=\"\"><\/span><span class=\"xb-item--cart\">add to cart<\/span><\/a>\r\n                        <\/div>\r\n                    <\/div>\r\n                                    <div class=\"swiper-slide product-item text-center\">\r\n                        <div class=\"xb-item--img\">\r\n                            <a href=\"https:\/\/bodyshapenutrition.eu\/fr\/product\/power-vegan-protein-shake-banana\/\"><img decoding=\"async\" src=\"https:\/\/bodyshapenutrition.eu\/fr\/wp-content\/uploads\/2024\/08\/BodyShape-Protein-Bag-Vegan-Banana-mock-up-1.png\" alt=\"img\"><\/a>\r\n                        <\/div>\r\n                        <div class=\"xb-item--holder\">\r\n                            <h3 class=\"xb-item--title\"><a href=\"https:\/\/bodyshapenutrition.eu\/fr\/product\/power-vegan-protein-shake-banana\/\">Power Vegan Protein Shake Banana<\/a><\/h3>\r\n                            <div class=\"xb-item--rating-inner ul_li_center\">\r\n                                <div class=\"xb-item--rating ul_li\">\r\n                                    <i class=\"far fa-star\"><\/i><i class=\"far fa-star\"><\/i><i class=\"far fa-star\"><\/i><i class=\"far fa-star\"><\/i><i class=\"far fa-star\"><\/i>                                <\/div>\r\n                                <span>(0)<\/span>\r\n                            <\/div>\r\n                                                    <\/div>\r\n                        <div class=\"xb-item--action ul_li mt-20\">\r\n                            <span class=\"xb-item--price\"><span class=\"woocommerce-Price-amount amount\"><span class=\"woocommerce-Price-currencySymbol\">&euro;<\/span>300.00<\/span><\/span>\r\n                            <a href=\"https:\/\/bodyshapenutrition.eu\/fr\/product\/power-vegan-protein-shake-banana\/\"><span class=\"xb-item--cart-icon\"><img decoding=\"async\"\r\n                                            src=\"https:\/\/bodyshapenutrition.eu\/fr\/wp-content\/plugins\/purefit-core\/assets\/img\/bag.svg\" alt=\"\"><\/span><span class=\"xb-item--cart\">add to cart<\/span><\/a>\r\n                        <\/div>\r\n                    <\/div>\r\n                                    <div class=\"swiper-slide product-item text-center\">\r\n                        <div class=\"xb-item--img\">\r\n                            <a href=\"https:\/\/bodyshapenutrition.eu\/fr\/product\/collagen-shake-strawberry\/\"><img decoding=\"async\" src=\"https:\/\/bodyshapenutrition.eu\/fr\/wp-content\/uploads\/2024\/08\/BodyShape-Protein-Bag-Collagen-Strawberry-mock-up-1.png\" alt=\"img\"><\/a>\r\n                        <\/div>\r\n                        <div class=\"xb-item--holder\">\r\n                            <h3 class=\"xb-item--title\"><a href=\"https:\/\/bodyshapenutrition.eu\/fr\/product\/collagen-shake-strawberry\/\">Collagen Shake Strawberry<\/a><\/h3>\r\n                            <div class=\"xb-item--rating-inner ul_li_center\">\r\n                                <div class=\"xb-item--rating ul_li\">\r\n                                    <i class=\"far fa-star\"><\/i><i class=\"far fa-star\"><\/i><i class=\"far fa-star\"><\/i><i class=\"far fa-star\"><\/i><i class=\"far fa-star\"><\/i>                                <\/div>\r\n                                <span>(0)<\/span>\r\n                            <\/div>\r\n                                                    <\/div>\r\n                        <div class=\"xb-item--action ul_li mt-20\">\r\n                            <span class=\"xb-item--price\"><span class=\"woocommerce-Price-amount amount\"><span class=\"woocommerce-Price-currencySymbol\">&euro;<\/span>300.00<\/span><\/span>\r\n                            <a href=\"https:\/\/bodyshapenutrition.eu\/fr\/product\/collagen-shake-strawberry\/\"><span class=\"xb-item--cart-icon\"><img decoding=\"async\"\r\n                                            src=\"https:\/\/bodyshapenutrition.eu\/fr\/wp-content\/plugins\/purefit-core\/assets\/img\/bag.svg\" alt=\"\"><\/span><span class=\"xb-item--cart\">add to cart<\/span><\/a>\r\n                        <\/div>\r\n                    <\/div>\r\n                            <\/div>\r\n        <\/div>\r\n        \t\t<\/div>\n\t\t\t\t<\/div>\n\t\t\t\t<div class=\"elementor-element elementor-element-d7665e8 elementor-widget elementor-widget-text-editor\" data-id=\"d7665e8\" data-element_type=\"widget\" data-widget_type=\"text-editor.default\">\n\t\t\t\t<div class=\"elementor-widget-container\">\n\t\t\t\t\t\t\t<p><span style=\"color: #000000;\"><b>Pourquoi choisir BodyShape Nutrition pour votre parcours de perte de poids\u00a0?<br \/><\/b>BodyShape Nutrition propose des compl\u00e9ments alimentaires et des shakes minceur soigneusement formul\u00e9s, con\u00e7us pour soutenir vos objectifs de perte de poids. Mais les shakes prot\u00e9in\u00e9s sont-ils bons pour la perte de poids\u00a0? Absolument. Nos produits sont con\u00e7us pour aider \u00e0 stimuler le m\u00e9tabolisme, contr\u00f4ler l&#8217;app\u00e9tit et fournir des nutriments essentiels, vous assurant de perdre du poids efficacement tout en maintenant votre sant\u00e9 globale. Avec nos solutions, vous pouvez obtenir des r\u00e9sultats durables et adopter un mode de vie plus sain.<\/span><\/p><p><span style=\"color: #000000;\"><b>Comment nos produits aident-ils \u00e0 perdre du poids\u00a0?<br \/><\/b>Nos compl\u00e9ments alimentaires et shakes minceur sont \u00e9labor\u00e9s \u00e0 partir d&#8217;ingr\u00e9dients qui favorisent la combustion des graisses et la d\u00e9pense \u00e9nerg\u00e9tique. Ils aident \u00e0 freiner les envies et \u00e0 contr\u00f4ler la faim, ce qui facilite le respect d&#8217;un r\u00e9gime alimentaire sain. En am\u00e9liorant votre m\u00e9tabolisme, les produits BodyShape Nutrition aident votre corps \u00e0 br\u00fbler plus de calories, ce qui conduit \u00e0 une perte de poids efficace et durable. Si vous vous \u00eates d\u00e9j\u00e0 demand\u00e9 si les shakes prot\u00e9in\u00e9s sont bons pour la perte de poids, nos shakes soigneusement \u00e9labor\u00e9s apportent la r\u00e9ponse en offrant un moyen d\u00e9licieux et satisfaisant de contr\u00f4ler vos calories.<\/span><\/p><p><span style=\"color: #000000;\"><b>Qu&#8217;est-ce qui rend nos shakes id\u00e9aux pour la gestion du poids\u00a0?<br \/><\/b>Les shakes minceur BodyShape Nutrition sont faibles en calories mais riches en nutriments essentiels, ce qui les rend parfaits pour ceux qui cherchent \u00e0 contr\u00f4ler leur poids. Ces shakes constituent une option de remplacement de repas satisfaisante qui vous permet de rester rassasi\u00e9 plus longtemps, vous aidant \u00e0 \u00e9viter les grignotages malsains. Avec le bon \u00e9quilibre entre prot\u00e9ines et fibres, nos shakes soutiennent vos efforts de perte de poids tout en vous assurant d&#8217;obtenir la nutrition dont vous avez besoin. Pour ceux qui se demandent si les shakes prot\u00e9in\u00e9s sont bons pour la perte de poids, nos shakes d\u00e9montrent \u00e0 quel point ils peuvent \u00eatre efficaces lorsqu&#8217;ils sont int\u00e9gr\u00e9s \u00e0 une alimentation \u00e9quilibr\u00e9e.<\/span><\/p>\t\t\t\t\t\t<\/div>\n\t\t\t\t<\/div>\n\t\t\t\t\t<\/div>\n\t\t<\/div>\n\t\t\t\t\t<\/div>\n\t\t<\/section>\n\t\t\t\t<\/div>\n\t\t","protected":false},"excerpt":{"rendered":"<p>Loose weight Par objectif Perdez du poids et gagnez rapidement en confiance Overview:Chez BodyShape Nutrition, notre gamme \u00ab Perdre du poids \u00bb est con\u00e7ue pour ceux qui souhaitent perdre des kilos en trop et atteindre leur poids corporel id\u00e9al. Cette gamme soigneusement s\u00e9lectionn\u00e9e comprend des compl\u00e9ments br\u00fble-graisses, des substituts de repas sains, des shakes amaigrissants, [&hellip;]<\/p>\n","protected":false},"author":1,"featured_media":0,"parent":0,"menu_order":0,"comment_status":"closed","ping_status":"closed","template":"","meta":{"inline_featured_image":false,"_uag_custom_page_level_css":"","footnotes":""},"class_list":["post-2225","page","type-page","status-publish","hentry"],"uagb_featured_image_src":{"full":false,"thumbnail":false,"medium":false,"medium_large":false,"large":false,"1536x1536":false,"2048x2048":false,"purefit-large":false,"purefit-medium":false,"purefit-blog":false,"woocommerce_thumbnail":false,"woocommerce_single":false,"woocommerce_gallery_thumbnail":false},"uagb_author_info":{"display_name":"metasticworld","author_link":"https:\/\/bodyshapenutrition.eu\/fr\/author\/metasticworld\/"},"uagb_comment_info":0,"uagb_excerpt":"Loose weight Par objectif Perdez du poids et gagnez rapidement en confiance Overview:Chez BodyShape Nutrition, notre gamme \u00ab Perdre du poids \u00bb est con\u00e7ue pour ceux qui souhaitent perdre des kilos en trop et atteindre leur poids corporel id\u00e9al. Cette gamme soigneusement s\u00e9lectionn\u00e9e comprend des compl\u00e9ments br\u00fble-graisses, des substituts de repas sains, des shakes amaigrissants,&hellip;","_links":{"self":[{"href":"https:\/\/bodyshapenutrition.eu\/fr\/wp-json\/wp\/v2\/pages\/2225"}],"collection":[{"href":"https:\/\/bodyshapenutrition.eu\/fr\/wp-json\/wp\/v2\/pages"}],"about":[{"href":"https:\/\/bodyshapenutrition.eu\/fr\/wp-json\/wp\/v2\/types\/page"}],"author":[{"embeddable":true,"href":"https:\/\/bodyshapenutrition.eu\/fr\/wp-json\/wp\/v2\/users\/1"}],"replies":[{"embeddable":true,"href":"https:\/\/bodyshapenutrition.eu\/fr\/wp-json\/wp\/v2\/comments?post=2225"}],"version-history":[{"count":25,"href":"https:\/\/bodyshapenutrition.eu\/fr\/wp-json\/wp\/v2\/pages\/2225\/revisions"}],"predecessor-version":[{"id":2783,"href":"https:\/\/bodyshapenutrition.eu\/fr\/wp-json\/wp\/v2\/pages\/2225\/revisions\/2783"}],"wp:attachment":[{"href":"https:\/\/bodyshapenutrition.eu\/fr\/wp-json\/wp\/v2\/media?parent=2225"}],"curies":[{"name":"wp","href":"https:\/\/api.w.org\/{rel}","templated":true}]}}