{"id":2182,"date":"2024-07-24T10:48:36","date_gmt":"2024-07-24T10:48:36","guid":{"rendered":"https:\/\/check.metastic.world\/?page_id=2182"},"modified":"2024-08-17T10:11:54","modified_gmt":"2024-08-17T10:11:54","slug":"by-healthy-lifestyle","status":"publish","type":"page","link":"https:\/\/bodyshapenutrition.eu\/fr\/by-healthy-lifestyle\/","title":{"rendered":"By Healthy lifestyle"},"content":{"rendered":"\t\t<div data-elementor-type=\"wp-page\" data-elementor-id=\"2182\" class=\"elementor elementor-2182\">\n\t\t\t\t\t\t<section class=\"elementor-section elementor-top-section elementor-element elementor-element-1e20e3d elementor-section-full_width elementor-section-stretched elementor-section-height-default elementor-section-height-default\" data-id=\"1e20e3d\" data-element_type=\"section\" data-settings=\"{&quot;stretch_section&quot;:&quot;section-stretched&quot;,&quot;background_background&quot;:&quot;classic&quot;}\">\n\t\t\t\t\t\t<div class=\"elementor-container elementor-column-gap-default\">\n\t\t\t\t\t<div class=\"elementor-column elementor-col-100 elementor-top-column elementor-element elementor-element-3ad3d55\" data-id=\"3ad3d55\" data-element_type=\"column\">\n\t\t\t<div class=\"elementor-widget-wrap elementor-element-populated\">\n\t\t\t\t\t\t<div class=\"elementor-element elementor-element-17aa726 elementor-widget elementor-widget-heading\" data-id=\"17aa726\" data-element_type=\"widget\" data-widget_type=\"heading.default\">\n\t\t\t\t<div class=\"elementor-widget-container\">\n\t\t\t<style>\/*! elementor - v3.21.0 - 26-05-2024 *\/\n.elementor-heading-title{padding:0;margin:0;line-height:1}.elementor-widget-heading .elementor-heading-title[class*=elementor-size-]>a{color:inherit;font-size:inherit;line-height:inherit}.elementor-widget-heading .elementor-heading-title.elementor-size-small{font-size:15px}.elementor-widget-heading .elementor-heading-title.elementor-size-medium{font-size:19px}.elementor-widget-heading .elementor-heading-title.elementor-size-large{font-size:29px}.elementor-widget-heading .elementor-heading-title.elementor-size-xl{font-size:39px}.elementor-widget-heading .elementor-heading-title.elementor-size-xxl{font-size:59px}<\/style><h2 class=\"elementor-heading-title elementor-size-default\">Healthy lifestyle<\/h2>\t\t<\/div>\n\t\t\t\t<\/div>\n\t\t\t\t\t<\/div>\n\t\t<\/div>\n\t\t\t\t\t<\/div>\n\t\t<\/section>\n\t\t\t\t<section class=\"elementor-section elementor-top-section elementor-element elementor-element-d71767d elementor-section-boxed elementor-section-height-default elementor-section-height-default\" data-id=\"d71767d\" data-element_type=\"section\">\n\t\t\t\t\t\t<div class=\"elementor-container elementor-column-gap-default\">\n\t\t\t\t\t<div class=\"elementor-column elementor-col-100 elementor-top-column elementor-element elementor-element-7897a5a\" data-id=\"7897a5a\" data-element_type=\"column\">\n\t\t\t<div class=\"elementor-widget-wrap elementor-element-populated\">\n\t\t\t\t\t\t<div class=\"elementor-element elementor-element-0a59114 elementor-widget elementor-widget-int-sec-title\" data-id=\"0a59114\" data-element_type=\"widget\" data-widget_type=\"int-sec-title.default\">\n\t\t\t\t<div class=\"elementor-widget-container\">\n\t\t\t\r\n                <div class=\"sec-title sec-title--two\">\r\n                            <span class=\"sub-title\">Par objectif<\/span>\r\n                            <h2 class=\"title\">Vivez bien, adoptez la sant\u00e9 au quotidien<\/h2>\r\n                    <\/div>\r\n    \t\t<\/div>\n\t\t\t\t<\/div>\n\t\t\t\t<div class=\"elementor-element elementor-element-437b246 elementor-widget elementor-widget-text-editor\" data-id=\"437b246\" data-element_type=\"widget\" data-widget_type=\"text-editor.default\">\n\t\t\t\t<div class=\"elementor-widget-container\">\n\t\t\t<style>\/*! elementor - v3.21.0 - 26-05-2024 *\/\n.elementor-widget-text-editor.elementor-drop-cap-view-stacked .elementor-drop-cap{background-color:#69727d;color:#fff}.elementor-widget-text-editor.elementor-drop-cap-view-framed .elementor-drop-cap{color:#69727d;border:3px solid;background-color:transparent}.elementor-widget-text-editor:not(.elementor-drop-cap-view-default) .elementor-drop-cap{margin-top:8px}.elementor-widget-text-editor:not(.elementor-drop-cap-view-default) .elementor-drop-cap-letter{width:1em;height:1em}.elementor-widget-text-editor .elementor-drop-cap{float:left;text-align:center;line-height:1;font-size:50px}.elementor-widget-text-editor .elementor-drop-cap-letter{display:inline-block}<\/style>\t\t\t\t<p><span style=\"color: #000000;\"><strong>Overview:<\/strong><br \/>At\u00a0BodyShape Nutrition, our \u201cHealthy Lifestyle\u201d collection is dedicated to helping you lead a balanced and vibrant life. We offer a thoughtfully curated selection of wellness products, including nutritious foods, supplements, fitness gear, and mindfulness tools, all designed to support your journey toward a healthier, more fulfilling lifestyle. Whether you\u2019re looking to improve your diet, enhance your fitness routine, or cultivate mental well-being, our products are here to empower you to live your best life every day. With\u00a0BodyShape Nutrition, embracing a healthy lifestyle is both simple and sustainable.<br \/><\/span><\/p>\t\t\t\t\t\t<\/div>\n\t\t\t\t<\/div>\n\t\t\t\t\t<\/div>\n\t\t<\/div>\n\t\t\t\t\t<\/div>\n\t\t<\/section>\n\t\t\t\t<section class=\"elementor-section elementor-top-section elementor-element elementor-element-7368ae9 elementor-section-boxed elementor-section-height-default elementor-section-height-default\" data-id=\"7368ae9\" data-element_type=\"section\">\n\t\t\t\t\t\t<div class=\"elementor-container elementor-column-gap-default\">\n\t\t\t\t\t<div class=\"elementor-column elementor-col-100 elementor-top-column elementor-element elementor-element-b968756\" data-id=\"b968756\" data-element_type=\"column\">\n\t\t\t<div class=\"elementor-widget-wrap elementor-element-populated\">\n\t\t\t\t\t\t<div class=\"elementor-element elementor-element-365c8ff elementor-widget elementor-widget-int-products\" data-id=\"365c8ff\" data-element_type=\"widget\" data-widget_type=\"int-products.default\">\n\t\t\t\t<div class=\"elementor-widget-container\">\n\t\t\t        <div class=\"product-slider swiper-container\">\r\n            <div class=\"swiper-wrapper\">\r\n\r\n                                    <div class=\"swiper-slide product-item text-center\">\r\n                        <div class=\"xb-item--img\">\r\n                            <a href=\"https:\/\/bodyshapenutrition.eu\/fr\/product\/power-whey-protein-shake-banana\/\"><img decoding=\"async\" src=\"https:\/\/check.metastic.world\/wp-content\/uploads\/2024\/08\/BodyShape-Protein-Bag-Banana-mock-up-2.png\" alt=\"img\"><\/a>\r\n                        <\/div>\r\n                        <div class=\"xb-item--holder\">\r\n                            <h3 class=\"xb-item--title\"><a href=\"https:\/\/bodyshapenutrition.eu\/fr\/product\/power-whey-protein-shake-banana\/\">Power Whey Protein Shake Banana<\/a><\/h3>\r\n                            <div class=\"xb-item--rating-inner ul_li_center\">\r\n                                <div class=\"xb-item--rating ul_li\">\r\n                                    <i class=\"far fa-star\"><\/i><i class=\"far fa-star\"><\/i><i class=\"far fa-star\"><\/i><i class=\"far fa-star\"><\/i><i class=\"far fa-star\"><\/i>                                <\/div>\r\n                                <span>(0)<\/span>\r\n                            <\/div>\r\n                                                    <\/div>\r\n                        <div class=\"xb-item--action ul_li mt-20\">\r\n                            <span class=\"xb-item--price\"><span class=\"woocommerce-Price-amount amount\"><span class=\"woocommerce-Price-currencySymbol\">&euro;<\/span>230.00<\/span><\/span>\r\n                            <a href=\"https:\/\/bodyshapenutrition.eu\/fr\/product\/power-whey-protein-shake-banana\/\"><span class=\"xb-item--cart-icon\"><img decoding=\"async\"\r\n                                            src=\"https:\/\/bodyshapenutrition.eu\/fr\/wp-content\/plugins\/purefit-core\/assets\/img\/bag.svg\" alt=\"\"><\/span><span class=\"xb-item--cart\">add to cart<\/span><\/a>\r\n                        <\/div>\r\n                    <\/div>\r\n                                    <div class=\"swiper-slide product-item text-center\">\r\n                        <div class=\"xb-item--img\">\r\n                            <a href=\"https:\/\/bodyshapenutrition.eu\/fr\/product\/power-vegan-protein-shake-salted-caramel\/\"><img decoding=\"async\" src=\"https:\/\/check.metastic.world\/wp-content\/uploads\/2024\/08\/BodyShape-Protein-Bag-Vegan-Salted-Caramel-mock-up-1.png\" alt=\"img\"><\/a>\r\n                        <\/div>\r\n                        <div class=\"xb-item--holder\">\r\n                            <h3 class=\"xb-item--title\"><a href=\"https:\/\/bodyshapenutrition.eu\/fr\/product\/power-vegan-protein-shake-salted-caramel\/\">Power Vegan Protein Shake Salted Caramel<\/a><\/h3>\r\n                            <div class=\"xb-item--rating-inner ul_li_center\">\r\n                                <div class=\"xb-item--rating ul_li\">\r\n                                    <i class=\"far fa-star\"><\/i><i class=\"far fa-star\"><\/i><i class=\"far fa-star\"><\/i><i class=\"far fa-star\"><\/i><i class=\"far fa-star\"><\/i>                                <\/div>\r\n                                <span>(0)<\/span>\r\n                            <\/div>\r\n                                                    <\/div>\r\n                        <div class=\"xb-item--action ul_li mt-20\">\r\n                            <span class=\"xb-item--price\"><span class=\"woocommerce-Price-amount amount\"><span class=\"woocommerce-Price-currencySymbol\">&euro;<\/span>400.00<\/span><\/span>\r\n                            <a href=\"https:\/\/bodyshapenutrition.eu\/fr\/product\/power-vegan-protein-shake-salted-caramel\/\"><span class=\"xb-item--cart-icon\"><img decoding=\"async\"\r\n                                            src=\"https:\/\/bodyshapenutrition.eu\/fr\/wp-content\/plugins\/purefit-core\/assets\/img\/bag.svg\" alt=\"\"><\/span><span class=\"xb-item--cart\">add to cart<\/span><\/a>\r\n                        <\/div>\r\n                    <\/div>\r\n                                    <div class=\"swiper-slide product-item text-center\">\r\n                        <div class=\"xb-item--img\">\r\n                            <a href=\"https:\/\/bodyshapenutrition.eu\/fr\/product\/power-vegan-protein-shake-banana\/\"><img decoding=\"async\" src=\"https:\/\/check.metastic.world\/wp-content\/uploads\/2024\/08\/BodyShape-Protein-Bag-Vegan-Banana-mock-up-1.png\" alt=\"img\"><\/a>\r\n                        <\/div>\r\n                        <div class=\"xb-item--holder\">\r\n                            <h3 class=\"xb-item--title\"><a href=\"https:\/\/bodyshapenutrition.eu\/fr\/product\/power-vegan-protein-shake-banana\/\">Power Vegan Protein Shake Banana<\/a><\/h3>\r\n                            <div class=\"xb-item--rating-inner ul_li_center\">\r\n                                <div class=\"xb-item--rating ul_li\">\r\n                                    <i class=\"far fa-star\"><\/i><i class=\"far fa-star\"><\/i><i class=\"far fa-star\"><\/i><i class=\"far fa-star\"><\/i><i class=\"far fa-star\"><\/i>                                <\/div>\r\n                                <span>(0)<\/span>\r\n                            <\/div>\r\n                                                    <\/div>\r\n                        <div class=\"xb-item--action ul_li mt-20\">\r\n                            <span class=\"xb-item--price\"><span class=\"woocommerce-Price-amount amount\"><span class=\"woocommerce-Price-currencySymbol\">&euro;<\/span>300.00<\/span><\/span>\r\n                            <a href=\"https:\/\/bodyshapenutrition.eu\/fr\/product\/power-vegan-protein-shake-banana\/\"><span class=\"xb-item--cart-icon\"><img decoding=\"async\"\r\n                                            src=\"https:\/\/bodyshapenutrition.eu\/fr\/wp-content\/plugins\/purefit-core\/assets\/img\/bag.svg\" alt=\"\"><\/span><span class=\"xb-item--cart\">add to cart<\/span><\/a>\r\n                        <\/div>\r\n                    <\/div>\r\n                                    <div class=\"swiper-slide product-item text-center\">\r\n                        <div class=\"xb-item--img\">\r\n                            <a href=\"https:\/\/bodyshapenutrition.eu\/fr\/product\/collagen-shake-strawberry\/\"><img decoding=\"async\" src=\"https:\/\/check.metastic.world\/wp-content\/uploads\/2024\/08\/BodyShape-Protein-Bag-Collagen-Strawberry-mock-up-1.png\" alt=\"img\"><\/a>\r\n                        <\/div>\r\n                        <div class=\"xb-item--holder\">\r\n                            <h3 class=\"xb-item--title\"><a href=\"https:\/\/bodyshapenutrition.eu\/fr\/product\/collagen-shake-strawberry\/\">Collagen Shake Strawberry<\/a><\/h3>\r\n                            <div class=\"xb-item--rating-inner ul_li_center\">\r\n                                <div class=\"xb-item--rating ul_li\">\r\n                                    <i class=\"far fa-star\"><\/i><i class=\"far fa-star\"><\/i><i class=\"far fa-star\"><\/i><i class=\"far fa-star\"><\/i><i class=\"far fa-star\"><\/i>                                <\/div>\r\n                                <span>(0)<\/span>\r\n                            <\/div>\r\n                                                    <\/div>\r\n                        <div class=\"xb-item--action ul_li mt-20\">\r\n                            <span class=\"xb-item--price\"><span class=\"woocommerce-Price-amount amount\"><span class=\"woocommerce-Price-currencySymbol\">&euro;<\/span>300.00<\/span><\/span>\r\n                            <a href=\"https:\/\/bodyshapenutrition.eu\/fr\/product\/collagen-shake-strawberry\/\"><span class=\"xb-item--cart-icon\"><img decoding=\"async\"\r\n                                            src=\"https:\/\/bodyshapenutrition.eu\/fr\/wp-content\/plugins\/purefit-core\/assets\/img\/bag.svg\" alt=\"\"><\/span><span class=\"xb-item--cart\">add to cart<\/span><\/a>\r\n                        <\/div>\r\n                    <\/div>\r\n                            <\/div>\r\n        <\/div>\r\n        \t\t<\/div>\n\t\t\t\t<\/div>\n\t\t\t\t<div class=\"elementor-element elementor-element-1533f33 elementor-widget elementor-widget-text-editor\" data-id=\"1533f33\" data-element_type=\"widget\" data-widget_type=\"text-editor.default\">\n\t\t\t\t<div class=\"elementor-widget-container\">\n\t\t\t\t\t\t\t<div class=\"elementor-element elementor-element-1533f33 elementor-widget elementor-widget-text-editor\" data-id=\"1533f33\" data-element_type=\"widget\" data-widget_type=\"text-editor.default\"><div class=\"elementor-widget-container\"><p><span style=\"color: #000000;\"><b>Pourquoi choisir BodyShape Nutrition pour un mode de vie sain ?<br \/><\/b>BodyShape Nutrition se consacre \u00e0 vous accompagner dans votre parcours vers un mode de vie plus sain avec notre gamme de compl\u00e9ments et de shakes nutritifs. Nos produits sont con\u00e7us pour fournir \u00e0 votre corps des vitamines, des min\u00e9raux et des nutriments essentiels qui favorisent le bien-\u00eatre g\u00e9n\u00e9ral, vous assurant ainsi l&#8217;\u00e9nergie et la vitalit\u00e9 n\u00e9cessaires pour vivre votre meilleure vie.<\/span><\/p><p><span style=\"color: #000000;\"><b>Comment nos produits favorisent-ils la sant\u00e9 \u00e0 long terme ?<br \/><\/b>Nos compl\u00e9ments sont formul\u00e9s pour combler les lacunes nutritionnelles de votre alimentation, en soutenant la fonction immunitaire, la sant\u00e9 cardiaque et la vitalit\u00e9 globale. En incorporant les produits BodyShape Nutrition \u00e0 votre routine quotidienne, vous vous assurez que votre corps re\u00e7oit les nutriments n\u00e9cessaires pour maintenir une sant\u00e9 optimale, vous aidant ainsi \u00e0 rester actif et en bonne sant\u00e9 \u00e0 long terme.<\/span><\/p><p><span style=\"color: #000000;\"><b>Quel r\u00f4le jouent nos shakes dans une alimentation \u00e9quilibr\u00e9e ?<br \/><\/b>Les shakes BodyShape Nutrition sont un moyen simple et pratique de vous assurer d&#8217;obtenir une nutrition \u00e9quilibr\u00e9e, m\u00eame en d\u00e9placement. Remplis de nutriments essentiels et pauvres en additifs nocifs, nos shakes vous aident \u00e0 maintenir une alimentation \u00e9quilibr\u00e9e sans compromettre le go\u00fbt ou la commodit\u00e9. Ils sont parfaits pour ceux qui cherchent \u00e0 mener un mode de vie sain tout en g\u00e9rant leur emploi du temps charg\u00e9.<\/span><\/p><\/div><\/div>\t\t\t\t\t\t<\/div>\n\t\t\t\t<\/div>\n\t\t\t\t\t<\/div>\n\t\t<\/div>\n\t\t\t\t\t<\/div>\n\t\t<\/section>\n\t\t\t\t<\/div>\n\t\t","protected":false},"excerpt":{"rendered":"<p>Healthy lifestyle Par objectif Vivez bien, adoptez la sant\u00e9 au quotidien Overview:At\u00a0BodyShape Nutrition, our \u201cHealthy Lifestyle\u201d collection is dedicated to helping you lead a balanced and vibrant life. We offer a thoughtfully curated selection of wellness products, including nutritious foods, supplements, fitness gear, and mindfulness tools, all designed to support your journey toward a healthier, [&hellip;]<\/p>\n","protected":false},"author":1,"featured_media":0,"parent":0,"menu_order":0,"comment_status":"closed","ping_status":"closed","template":"","meta":{"inline_featured_image":false,"_uag_custom_page_level_css":"","footnotes":""},"class_list":["post-2182","page","type-page","status-publish","hentry"],"uagb_featured_image_src":{"full":false,"thumbnail":false,"medium":false,"medium_large":false,"large":false,"1536x1536":false,"2048x2048":false,"purefit-large":false,"purefit-medium":false,"purefit-blog":false,"woocommerce_thumbnail":false,"woocommerce_single":false,"woocommerce_gallery_thumbnail":false},"uagb_author_info":{"display_name":"metasticworld","author_link":"https:\/\/bodyshapenutrition.eu\/fr\/author\/metasticworld\/"},"uagb_comment_info":0,"uagb_excerpt":"Healthy lifestyle Par objectif Vivez bien, adoptez la sant\u00e9 au quotidien Overview:At\u00a0BodyShape Nutrition, our \u201cHealthy Lifestyle\u201d collection is dedicated to helping you lead a balanced and vibrant life. We offer a thoughtfully curated selection of wellness products, including nutritious foods, supplements, fitness gear, and mindfulness tools, all designed to support your journey toward a healthier,&hellip;","_links":{"self":[{"href":"https:\/\/bodyshapenutrition.eu\/fr\/wp-json\/wp\/v2\/pages\/2182"}],"collection":[{"href":"https:\/\/bodyshapenutrition.eu\/fr\/wp-json\/wp\/v2\/pages"}],"about":[{"href":"https:\/\/bodyshapenutrition.eu\/fr\/wp-json\/wp\/v2\/types\/page"}],"author":[{"embeddable":true,"href":"https:\/\/bodyshapenutrition.eu\/fr\/wp-json\/wp\/v2\/users\/1"}],"replies":[{"embeddable":true,"href":"https:\/\/bodyshapenutrition.eu\/fr\/wp-json\/wp\/v2\/comments?post=2182"}],"version-history":[{"count":22,"href":"https:\/\/bodyshapenutrition.eu\/fr\/wp-json\/wp\/v2\/pages\/2182\/revisions"}],"predecessor-version":[{"id":2667,"href":"https:\/\/bodyshapenutrition.eu\/fr\/wp-json\/wp\/v2\/pages\/2182\/revisions\/2667"}],"wp:attachment":[{"href":"https:\/\/bodyshapenutrition.eu\/fr\/wp-json\/wp\/v2\/media?parent=2182"}],"curies":[{"name":"wp","href":"https:\/\/api.w.org\/{rel}","templated":true}]}}