{"id":2357,"date":"2024-07-31T05:50:51","date_gmt":"2024-07-31T05:50:51","guid":{"rendered":"https:\/\/check.metastic.world\/?page_id=2357"},"modified":"2024-11-30T10:15:34","modified_gmt":"2024-11-30T10:15:34","slug":"vegan","status":"publish","type":"page","link":"https:\/\/bodyshapenutrition.eu\/es\/vegan\/","title":{"rendered":"Vegan"},"content":{"rendered":"\t\t<div data-elementor-type=\"wp-page\" data-elementor-id=\"2357\" class=\"elementor elementor-2357\">\n\t\t\t\t\t\t<section class=\"elementor-section elementor-top-section elementor-element elementor-element-1441f88 elementor-section-full_width elementor-section-stretched elementor-section-height-default elementor-section-height-default\" data-id=\"1441f88\" data-element_type=\"section\" data-settings=\"{&quot;stretch_section&quot;:&quot;section-stretched&quot;,&quot;background_background&quot;:&quot;classic&quot;}\">\n\t\t\t\t\t\t\t<div class=\"elementor-background-overlay\"><\/div>\n\t\t\t\t\t\t\t<div class=\"elementor-container elementor-column-gap-default\">\n\t\t\t\t\t<div class=\"elementor-column elementor-col-100 elementor-top-column elementor-element elementor-element-2b415dd\" data-id=\"2b415dd\" data-element_type=\"column\">\n\t\t\t<div class=\"elementor-widget-wrap elementor-element-populated\">\n\t\t\t\t\t\t<div class=\"elementor-element elementor-element-e05023b elementor-widget elementor-widget-heading\" data-id=\"e05023b\" data-element_type=\"widget\" data-widget_type=\"heading.default\">\n\t\t\t\t<div class=\"elementor-widget-container\">\n\t\t\t<style>\/*! elementor - v3.21.0 - 26-05-2024 *\/\n.elementor-heading-title{padding:0;margin:0;line-height:1}.elementor-widget-heading .elementor-heading-title[class*=elementor-size-]>a{color:inherit;font-size:inherit;line-height:inherit}.elementor-widget-heading .elementor-heading-title.elementor-size-small{font-size:15px}.elementor-widget-heading .elementor-heading-title.elementor-size-medium{font-size:19px}.elementor-widget-heading .elementor-heading-title.elementor-size-large{font-size:29px}.elementor-widget-heading .elementor-heading-title.elementor-size-xl{font-size:39px}.elementor-widget-heading .elementor-heading-title.elementor-size-xxl{font-size:59px}<\/style><h2 class=\"elementor-heading-title elementor-size-default\">Vegan<\/h2>\t\t<\/div>\n\t\t\t\t<\/div>\n\t\t\t\t\t<\/div>\n\t\t<\/div>\n\t\t\t\t\t<\/div>\n\t\t<\/section>\n\t\t\t\t<section class=\"elementor-section elementor-top-section elementor-element elementor-element-fd4b396 elementor-section-boxed elementor-section-height-default elementor-section-height-default\" data-id=\"fd4b396\" data-element_type=\"section\">\n\t\t\t\t\t\t<div class=\"elementor-container elementor-column-gap-default\">\n\t\t\t\t\t<div class=\"elementor-column elementor-col-100 elementor-top-column elementor-element elementor-element-e070d96\" data-id=\"e070d96\" data-element_type=\"column\">\n\t\t\t<div class=\"elementor-widget-wrap elementor-element-populated\">\n\t\t\t\t\t\t<div class=\"elementor-element elementor-element-4f6128a elementor-widget elementor-widget-int-sec-title\" data-id=\"4f6128a\" data-element_type=\"widget\" data-widget_type=\"int-sec-title.default\">\n\t\t\t\t<div class=\"elementor-widget-container\">\n\t\t\t\r\n                <div class=\"sec-title sec-title--two\">\r\n                            <span class=\"sub-title\">By Category<\/span>\r\n                            <h2 class=\"title\">Descubre nuestra colecci\u00f3n vegana<\/h2>\r\n                    <\/div>\r\n    \t\t<\/div>\n\t\t\t\t<\/div>\n\t\t\t\t<div class=\"elementor-element elementor-element-9842306 elementor-widget elementor-widget-text-editor\" data-id=\"9842306\" data-element_type=\"widget\" data-widget_type=\"text-editor.default\">\n\t\t\t\t<div class=\"elementor-widget-container\">\n\t\t\t<style>\/*! elementor - v3.21.0 - 26-05-2024 *\/\n.elementor-widget-text-editor.elementor-drop-cap-view-stacked .elementor-drop-cap{background-color:#69727d;color:#fff}.elementor-widget-text-editor.elementor-drop-cap-view-framed .elementor-drop-cap{color:#69727d;border:3px solid;background-color:transparent}.elementor-widget-text-editor:not(.elementor-drop-cap-view-default) .elementor-drop-cap{margin-top:8px}.elementor-widget-text-editor:not(.elementor-drop-cap-view-default) .elementor-drop-cap-letter{width:1em;height:1em}.elementor-widget-text-editor .elementor-drop-cap{float:left;text-align:center;line-height:1;font-size:50px}.elementor-widget-text-editor .elementor-drop-cap-letter{display:inline-block}<\/style>\t\t\t\t<p><span style=\"color: #000000;\"><strong>Overview:<br \/><\/strong><\/span><\/p><section class=\"elementor-section elementor-top-section elementor-element elementor-element-fd4b396 elementor-section-boxed elementor-section-height-default elementor-section-height-default\" data-id=\"fd4b396\" data-element_type=\"section\"><div class=\"elementor-container elementor-column-gap-default\"><div class=\"elementor-column elementor-col-100 elementor-top-column elementor-element elementor-element-e070d96\" data-id=\"e070d96\" data-element_type=\"column\"><div class=\"elementor-widget-wrap elementor-element-populated\"><div class=\"elementor-element elementor-element-9842306 elementor-widget elementor-widget-text-editor\" data-id=\"9842306\" data-element_type=\"widget\" data-widget_type=\"text-editor.default\"><div class=\"elementor-widget-container\"><p>Discover our diverse range of vegan products, including the best vegan protein shakes, thoughtfully curated to support your plant-based lifestyle. Whether you\u2019re looking for delicious vegan snacks, cruelty-free beauty essentials, or sustainable home goods, our collection offers high-quality options that are kind to animals and the planet. Each product, especially our high protein vegan shakes, is crafted with care, ensuring that you can enjoy the benefits of a vegan lifestyle without compromising on taste or efficacy. Embrace a healthier and more ethical choice with our premium vegan selections.<\/p><\/div><\/div><\/div><\/div><\/div><\/section><section class=\"elementor-section elementor-top-section elementor-element elementor-element-5818a60 elementor-section-boxed elementor-section-height-default elementor-section-height-default\" data-id=\"5818a60\" data-element_type=\"section\"><div class=\"elementor-container elementor-column-gap-default\"><div class=\"elementor-column elementor-col-100 elementor-top-column elementor-element elementor-element-f4b504d\" data-id=\"f4b504d\" data-element_type=\"column\"><div class=\"elementor-widget-wrap elementor-element-populated\"><div class=\"elementor-element elementor-element-a1722c1 elementor-widget elementor-widget-int-products\" data-id=\"a1722c1\" data-element_type=\"widget\" data-widget_type=\"int-products.default\"><div class=\"elementor-widget-container\"><div class=\"product-slider swiper-container swiper-container-initialized swiper-container-horizontal swiper-container-pointer-events\"><div id=\"swiper-wrapper-c3aee570bde10b99f\" class=\"swiper-wrapper\" aria-live=\"off\"><div class=\"swiper-slide product-item text-center swiper-slide-duplicate swiper-slide-duplicate-prev\" role=\"group\" data-swiper-slide-index=\"0\" aria-label=\"1 \/ 12\">\u00a0<\/div><\/div><\/div><\/div><\/div><\/div><\/div><\/div><\/section><p><span style=\"color: #000000;\">\u00a0<\/span><\/p>\t\t\t\t\t\t<\/div>\n\t\t\t\t<\/div>\n\t\t\t\t\t<\/div>\n\t\t<\/div>\n\t\t\t\t\t<\/div>\n\t\t<\/section>\n\t\t\t\t<section class=\"elementor-section elementor-top-section elementor-element elementor-element-5818a60 elementor-section-boxed elementor-section-height-default elementor-section-height-default\" data-id=\"5818a60\" data-element_type=\"section\">\n\t\t\t\t\t\t<div class=\"elementor-container elementor-column-gap-default\">\n\t\t\t\t\t<div class=\"elementor-column elementor-col-100 elementor-top-column elementor-element elementor-element-f4b504d\" data-id=\"f4b504d\" data-element_type=\"column\">\n\t\t\t<div class=\"elementor-widget-wrap elementor-element-populated\">\n\t\t\t\t\t\t<div class=\"elementor-element elementor-element-a1722c1 elementor-widget elementor-widget-int-products\" data-id=\"a1722c1\" data-element_type=\"widget\" data-widget_type=\"int-products.default\">\n\t\t\t\t<div class=\"elementor-widget-container\">\n\t\t\t        <div class=\"product-slider swiper-container\">\r\n            <div class=\"swiper-wrapper\">\r\n\r\n                                    <div class=\"swiper-slide product-item text-center\">\r\n                        <div class=\"xb-item--img\">\r\n                            <a href=\"https:\/\/bodyshapenutrition.eu\/es\/product\/power-whey-protein-shake-banana\/\"><img decoding=\"async\" src=\"https:\/\/bodyshapenutrition.eu\/es\/wp-content\/uploads\/2024\/08\/BodyShape-Protein-Bag-Banana-mock-up-2.png\" alt=\"img\"><\/a>\r\n                        <\/div>\r\n                        <div class=\"xb-item--holder\">\r\n                            <h3 class=\"xb-item--title\"><a href=\"https:\/\/bodyshapenutrition.eu\/es\/product\/power-whey-protein-shake-banana\/\">Power Whey Protein Shake Banana<\/a><\/h3>\r\n                            <div class=\"xb-item--rating-inner ul_li_center\">\r\n                                <div class=\"xb-item--rating ul_li\">\r\n                                    <i class=\"far fa-star\"><\/i><i class=\"far fa-star\"><\/i><i class=\"far fa-star\"><\/i><i class=\"far fa-star\"><\/i><i class=\"far fa-star\"><\/i>                                <\/div>\r\n                                <span>(0)<\/span>\r\n                            <\/div>\r\n                                                    <\/div>\r\n                        <div class=\"xb-item--action ul_li mt-20\">\r\n                            <span class=\"xb-item--price\"><span class=\"woocommerce-Price-amount amount\"><span class=\"woocommerce-Price-currencySymbol\">&euro;<\/span>230.00<\/span><\/span>\r\n                            <a href=\"https:\/\/bodyshapenutrition.eu\/es\/product\/power-whey-protein-shake-banana\/\"><span class=\"xb-item--cart-icon\"><img decoding=\"async\"\r\n                                            src=\"https:\/\/bodyshapenutrition.eu\/es\/wp-content\/plugins\/purefit-core\/assets\/img\/bag.svg\" alt=\"\"><\/span><span class=\"xb-item--cart\">add to cart<\/span><\/a>\r\n                        <\/div>\r\n                    <\/div>\r\n                                    <div class=\"swiper-slide product-item text-center\">\r\n                        <div class=\"xb-item--img\">\r\n                            <a href=\"https:\/\/bodyshapenutrition.eu\/es\/product\/power-vegan-protein-shake-salted-caramel\/\"><img decoding=\"async\" src=\"https:\/\/bodyshapenutrition.eu\/es\/wp-content\/uploads\/2024\/08\/BodyShape-Protein-Bag-Vegan-Salted-Caramel-mock-up-1.png\" alt=\"img\"><\/a>\r\n                        <\/div>\r\n                        <div class=\"xb-item--holder\">\r\n                            <h3 class=\"xb-item--title\"><a href=\"https:\/\/bodyshapenutrition.eu\/es\/product\/power-vegan-protein-shake-salted-caramel\/\">Power Vegan Protein Shake Salted Caramel<\/a><\/h3>\r\n                            <div class=\"xb-item--rating-inner ul_li_center\">\r\n                                <div class=\"xb-item--rating ul_li\">\r\n                                    <i class=\"far fa-star\"><\/i><i class=\"far fa-star\"><\/i><i class=\"far fa-star\"><\/i><i class=\"far fa-star\"><\/i><i class=\"far fa-star\"><\/i>                                <\/div>\r\n                                <span>(0)<\/span>\r\n                            <\/div>\r\n                                                    <\/div>\r\n                        <div class=\"xb-item--action ul_li mt-20\">\r\n                            <span class=\"xb-item--price\"><span class=\"woocommerce-Price-amount amount\"><span class=\"woocommerce-Price-currencySymbol\">&euro;<\/span>400.00<\/span><\/span>\r\n                            <a href=\"https:\/\/bodyshapenutrition.eu\/es\/product\/power-vegan-protein-shake-salted-caramel\/\"><span class=\"xb-item--cart-icon\"><img decoding=\"async\"\r\n                                            src=\"https:\/\/bodyshapenutrition.eu\/es\/wp-content\/plugins\/purefit-core\/assets\/img\/bag.svg\" alt=\"\"><\/span><span class=\"xb-item--cart\">add to cart<\/span><\/a>\r\n                        <\/div>\r\n                    <\/div>\r\n                                    <div class=\"swiper-slide product-item text-center\">\r\n                        <div class=\"xb-item--img\">\r\n                            <a href=\"https:\/\/bodyshapenutrition.eu\/es\/product\/power-vegan-protein-shake-banana\/\"><img decoding=\"async\" src=\"https:\/\/bodyshapenutrition.eu\/es\/wp-content\/uploads\/2024\/08\/BodyShape-Protein-Bag-Vegan-Banana-mock-up-1.png\" alt=\"img\"><\/a>\r\n                        <\/div>\r\n                        <div class=\"xb-item--holder\">\r\n                            <h3 class=\"xb-item--title\"><a href=\"https:\/\/bodyshapenutrition.eu\/es\/product\/power-vegan-protein-shake-banana\/\">Power Vegan Protein Shake Banana<\/a><\/h3>\r\n                            <div class=\"xb-item--rating-inner ul_li_center\">\r\n                                <div class=\"xb-item--rating ul_li\">\r\n                                    <i class=\"far fa-star\"><\/i><i class=\"far fa-star\"><\/i><i class=\"far fa-star\"><\/i><i class=\"far fa-star\"><\/i><i class=\"far fa-star\"><\/i>                                <\/div>\r\n                                <span>(0)<\/span>\r\n                            <\/div>\r\n                                                    <\/div>\r\n                        <div class=\"xb-item--action ul_li mt-20\">\r\n                            <span class=\"xb-item--price\"><span class=\"woocommerce-Price-amount amount\"><span class=\"woocommerce-Price-currencySymbol\">&euro;<\/span>300.00<\/span><\/span>\r\n                            <a href=\"https:\/\/bodyshapenutrition.eu\/es\/product\/power-vegan-protein-shake-banana\/\"><span class=\"xb-item--cart-icon\"><img decoding=\"async\"\r\n                                            src=\"https:\/\/bodyshapenutrition.eu\/es\/wp-content\/plugins\/purefit-core\/assets\/img\/bag.svg\" alt=\"\"><\/span><span class=\"xb-item--cart\">add to cart<\/span><\/a>\r\n                        <\/div>\r\n                    <\/div>\r\n                                    <div class=\"swiper-slide product-item text-center\">\r\n                        <div class=\"xb-item--img\">\r\n                            <a href=\"https:\/\/bodyshapenutrition.eu\/es\/product\/collagen-shake-strawberry\/\"><img decoding=\"async\" src=\"https:\/\/bodyshapenutrition.eu\/es\/wp-content\/uploads\/2024\/08\/BodyShape-Protein-Bag-Collagen-Strawberry-mock-up-1.png\" alt=\"img\"><\/a>\r\n                        <\/div>\r\n                        <div class=\"xb-item--holder\">\r\n                            <h3 class=\"xb-item--title\"><a href=\"https:\/\/bodyshapenutrition.eu\/es\/product\/collagen-shake-strawberry\/\">Collagen Shake Strawberry<\/a><\/h3>\r\n                            <div class=\"xb-item--rating-inner ul_li_center\">\r\n                                <div class=\"xb-item--rating ul_li\">\r\n                                    <i class=\"far fa-star\"><\/i><i class=\"far fa-star\"><\/i><i class=\"far fa-star\"><\/i><i class=\"far fa-star\"><\/i><i class=\"far fa-star\"><\/i>                                <\/div>\r\n                                <span>(0)<\/span>\r\n                            <\/div>\r\n                                                    <\/div>\r\n                        <div class=\"xb-item--action ul_li mt-20\">\r\n                            <span class=\"xb-item--price\"><span class=\"woocommerce-Price-amount amount\"><span class=\"woocommerce-Price-currencySymbol\">&euro;<\/span>300.00<\/span><\/span>\r\n                            <a href=\"https:\/\/bodyshapenutrition.eu\/es\/product\/collagen-shake-strawberry\/\"><span class=\"xb-item--cart-icon\"><img decoding=\"async\"\r\n                                            src=\"https:\/\/bodyshapenutrition.eu\/es\/wp-content\/plugins\/purefit-core\/assets\/img\/bag.svg\" alt=\"\"><\/span><span class=\"xb-item--cart\">add to cart<\/span><\/a>\r\n                        <\/div>\r\n                    <\/div>\r\n                            <\/div>\r\n        <\/div>\r\n        \t\t<\/div>\n\t\t\t\t<\/div>\n\t\t\t\t<div class=\"elementor-element elementor-element-95f2c98 elementor-widget elementor-widget-text-editor\" data-id=\"95f2c98\" data-element_type=\"widget\" data-widget_type=\"text-editor.default\">\n\t\t\t\t<div class=\"elementor-widget-container\">\n\t\t\t\t\t\t\t<p><b><span style=\"color: #000000;\">\u00bfPor qu\u00e9 elegir los productos veganos de BodyShape Nutrition?<\/span><br><\/b><span style=\"color: #000000;\">Nuestros productos veganos, incluidos nuestros batidos de prote\u00ednas veganos, est\u00e1n cuidadosamente elaborados para proporcionar una nutrici\u00f3n basada en plantas, lo que favorece un estilo de vida saludable sin comprometer la calidad. Aportan nutrientes esenciales, especialmente prote\u00ednas de origen vegetal, para alimentar tu cuerpo de forma natural y sostenible.<\/span><\/p>\n<p><b><span style=\"color: #000000;\">\u00bfC\u00f3mo te benefician nuestros productos veganos?<\/span><br><\/b><span style=\"color: #000000;\">Nuestros productos veganos, en particular nuestros mejores batidos de prote\u00ednas veganos, son ricos en prote\u00ednas de origen vegetal, vitaminas y minerales, lo que favorece el crecimiento muscular, los niveles de energ\u00eda y la salud en general. Estos batidos veganos ricos en prote\u00ednas son ideales para quienes buscan una dieta equilibrada y libre de crueldad animal.<\/span><\/p>\n<p><b><span style=\"color: #000000;\">\u00bfQu\u00e9 diferencia a nuestros productos veganos?<\/span><br><\/b><span style=\"color: #000000;\">Los productos veganos de BodyShape Nutrition, incluidos nuestros batidos de prote\u00ednas veganos, est\u00e1n elaborados con ingredientes naturales de alta calidad. Ofrecen una nutrici\u00f3n completa sin aditivos artificiales, lo que garantiza que obtengas un combustible limpio y saludable para tu cuerpo.<\/span><\/p>\t\t\t\t\t\t<\/div>\n\t\t\t\t<\/div>\n\t\t\t\t\t<\/div>\n\t\t<\/div>\n\t\t\t\t\t<\/div>\n\t\t<\/section>\n\t\t\t\t<\/div>\n\t\t","protected":false},"excerpt":{"rendered":"<p>Vegan By Category Descubre nuestra colecci\u00f3n vegana Overview: Discover our diverse range of vegan products, including the best vegan protein shakes, thoughtfully curated to support your plant-based lifestyle. Whether you\u2019re looking for delicious vegan snacks, cruelty-free beauty essentials, or sustainable home goods, our collection offers high-quality options that are kind to animals and the planet. [&hellip;]<\/p>\n","protected":false},"author":1,"featured_media":0,"parent":0,"menu_order":0,"comment_status":"closed","ping_status":"closed","template":"","meta":{"inline_featured_image":false,"_uag_custom_page_level_css":"","footnotes":""},"class_list":["post-2357","page","type-page","status-publish","hentry"],"uagb_featured_image_src":{"full":false,"thumbnail":false,"medium":false,"medium_large":false,"large":false,"1536x1536":false,"2048x2048":false,"purefit-large":false,"purefit-medium":false,"purefit-blog":false,"woocommerce_thumbnail":false,"woocommerce_single":false,"woocommerce_gallery_thumbnail":false},"uagb_author_info":{"display_name":"metasticworld","author_link":"https:\/\/bodyshapenutrition.eu\/es\/author\/metasticworld\/"},"uagb_comment_info":0,"uagb_excerpt":"Vegan By Category Descubre nuestra colecci\u00f3n vegana Overview: Discover our diverse range of vegan products, including the best vegan protein shakes, thoughtfully curated to support your plant-based lifestyle. Whether you\u2019re looking for delicious vegan snacks, cruelty-free beauty essentials, or sustainable home goods, our collection offers high-quality options that are kind to animals and the planet.&hellip;","_links":{"self":[{"href":"https:\/\/bodyshapenutrition.eu\/es\/wp-json\/wp\/v2\/pages\/2357"}],"collection":[{"href":"https:\/\/bodyshapenutrition.eu\/es\/wp-json\/wp\/v2\/pages"}],"about":[{"href":"https:\/\/bodyshapenutrition.eu\/es\/wp-json\/wp\/v2\/types\/page"}],"author":[{"embeddable":true,"href":"https:\/\/bodyshapenutrition.eu\/es\/wp-json\/wp\/v2\/users\/1"}],"replies":[{"embeddable":true,"href":"https:\/\/bodyshapenutrition.eu\/es\/wp-json\/wp\/v2\/comments?post=2357"}],"version-history":[{"count":22,"href":"https:\/\/bodyshapenutrition.eu\/es\/wp-json\/wp\/v2\/pages\/2357\/revisions"}],"predecessor-version":[{"id":2755,"href":"https:\/\/bodyshapenutrition.eu\/es\/wp-json\/wp\/v2\/pages\/2357\/revisions\/2755"}],"wp:attachment":[{"href":"https:\/\/bodyshapenutrition.eu\/es\/wp-json\/wp\/v2\/media?parent=2357"}],"curies":[{"name":"wp","href":"https:\/\/api.w.org\/{rel}","templated":true}]}}