{"id":2234,"date":"2024-07-26T08:21:36","date_gmt":"2024-07-26T08:21:36","guid":{"rendered":"https:\/\/check.metastic.world\/?page_id=2234"},"modified":"2024-11-30T10:16:47","modified_gmt":"2024-11-30T10:16:47","slug":"build-muscle","status":"publish","type":"page","link":"https:\/\/bodyshapenutrition.eu\/es\/build-muscle\/","title":{"rendered":"Build Muscle"},"content":{"rendered":"\t\t<div data-elementor-type=\"wp-page\" data-elementor-id=\"2234\" class=\"elementor elementor-2234\">\n\t\t\t\t\t\t<section class=\"elementor-section elementor-top-section elementor-element elementor-element-b437775 elementor-section-full_width elementor-section-stretched elementor-section-height-default elementor-section-height-default\" data-id=\"b437775\" data-element_type=\"section\" data-settings=\"{&quot;stretch_section&quot;:&quot;section-stretched&quot;,&quot;background_background&quot;:&quot;classic&quot;}\">\n\t\t\t\t\t\t<div class=\"elementor-container elementor-column-gap-default\">\n\t\t\t\t\t<div class=\"elementor-column elementor-col-100 elementor-top-column elementor-element elementor-element-51b505d\" data-id=\"51b505d\" data-element_type=\"column\">\n\t\t\t<div class=\"elementor-widget-wrap elementor-element-populated\">\n\t\t\t\t\t\t<div class=\"elementor-element elementor-element-d2531a6 elementor-widget elementor-widget-heading\" data-id=\"d2531a6\" data-element_type=\"widget\" data-widget_type=\"heading.default\">\n\t\t\t\t<div class=\"elementor-widget-container\">\n\t\t\t<style>\/*! elementor - v3.21.0 - 26-05-2024 *\/\n.elementor-heading-title{padding:0;margin:0;line-height:1}.elementor-widget-heading .elementor-heading-title[class*=elementor-size-]>a{color:inherit;font-size:inherit;line-height:inherit}.elementor-widget-heading .elementor-heading-title.elementor-size-small{font-size:15px}.elementor-widget-heading .elementor-heading-title.elementor-size-medium{font-size:19px}.elementor-widget-heading .elementor-heading-title.elementor-size-large{font-size:29px}.elementor-widget-heading .elementor-heading-title.elementor-size-xl{font-size:39px}.elementor-widget-heading .elementor-heading-title.elementor-size-xxl{font-size:59px}<\/style><h2 class=\"elementor-heading-title elementor-size-default\">Build Muscle<\/h2>\t\t<\/div>\n\t\t\t\t<\/div>\n\t\t\t\t\t<\/div>\n\t\t<\/div>\n\t\t\t\t\t<\/div>\n\t\t<\/section>\n\t\t\t\t<section class=\"elementor-section elementor-top-section elementor-element elementor-element-2b25536 elementor-section-boxed elementor-section-height-default elementor-section-height-default\" data-id=\"2b25536\" data-element_type=\"section\">\n\t\t\t\t\t\t<div class=\"elementor-container elementor-column-gap-default\">\n\t\t\t\t\t<div class=\"elementor-column elementor-col-100 elementor-top-column elementor-element elementor-element-7378d62\" data-id=\"7378d62\" data-element_type=\"column\">\n\t\t\t<div class=\"elementor-widget-wrap elementor-element-populated\">\n\t\t\t\t\t\t<div class=\"elementor-element elementor-element-fff1df4 elementor-widget elementor-widget-int-sec-title\" data-id=\"fff1df4\" data-element_type=\"widget\" data-widget_type=\"int-sec-title.default\">\n\t\t\t\t<div class=\"elementor-widget-container\">\n\t\t\t\r\n                <div class=\"sec-title sec-title--two\">\r\n                            <span class=\"sub-title\">Por objetivo<\/span>\r\n                            <h2 class=\"title\">Transforme su fuerza y \u200b\u200bdesarrolle m\u00fasculos r\u00e1pidamente<\/h2>\r\n                    <\/div>\r\n    \t\t<\/div>\n\t\t\t\t<\/div>\n\t\t\t\t<div class=\"elementor-element elementor-element-dc5ca6a elementor-widget elementor-widget-text-editor\" data-id=\"dc5ca6a\" data-element_type=\"widget\" data-widget_type=\"text-editor.default\">\n\t\t\t\t<div class=\"elementor-widget-container\">\n\t\t\t<style>\/*! elementor - v3.21.0 - 26-05-2024 *\/\n.elementor-widget-text-editor.elementor-drop-cap-view-stacked .elementor-drop-cap{background-color:#69727d;color:#fff}.elementor-widget-text-editor.elementor-drop-cap-view-framed .elementor-drop-cap{color:#69727d;border:3px solid;background-color:transparent}.elementor-widget-text-editor:not(.elementor-drop-cap-view-default) .elementor-drop-cap{margin-top:8px}.elementor-widget-text-editor:not(.elementor-drop-cap-view-default) .elementor-drop-cap-letter{width:1em;height:1em}.elementor-widget-text-editor .elementor-drop-cap{float:left;text-align:center;line-height:1;font-size:50px}.elementor-widget-text-editor .elementor-drop-cap-letter{display:inline-block}<\/style>\t\t\t\t<p><span style=\"color: #000000;\"><strong>Overview:<\/strong><br \/>En BodyShape Nutrition, nos dedicamos a ayudarte a alcanzar tus objetivos de fitness con precisi\u00f3n y eficiencia. Nuestra colecci\u00f3n Build Muscle Fast est\u00e1 dise\u00f1ada para quienes desean maximizar su fuerza y \u200b\u200bganancias musculares. Desde suplementos premium hasta equipos de entrenamiento de primer nivel, cada producto se selecciona cuidadosamente para respaldar tu camino hacia el desarrollo muscular. Ya seas un atleta experimentado o reci\u00e9n est\u00e9s comenzando, BodyShape Nutrition te ofrece los mejores batidos y elementos esenciales para desarrollar m\u00fasculos que necesitas para transformar tu fuerza y \u200b\u200besculpir el f\u00edsico que siempre has deseado.<br \/><\/span><\/p>\t\t\t\t\t\t<\/div>\n\t\t\t\t<\/div>\n\t\t\t\t\t<\/div>\n\t\t<\/div>\n\t\t\t\t\t<\/div>\n\t\t<\/section>\n\t\t\t\t<section class=\"elementor-section elementor-top-section elementor-element elementor-element-aae4163 elementor-section-boxed elementor-section-height-default elementor-section-height-default\" data-id=\"aae4163\" data-element_type=\"section\">\n\t\t\t\t\t\t<div class=\"elementor-container elementor-column-gap-default\">\n\t\t\t\t\t<div class=\"elementor-column elementor-col-100 elementor-top-column elementor-element elementor-element-2f40884\" data-id=\"2f40884\" data-element_type=\"column\">\n\t\t\t<div class=\"elementor-widget-wrap elementor-element-populated\">\n\t\t\t\t\t\t<div class=\"elementor-element elementor-element-1109d92 elementor-widget elementor-widget-int-products\" data-id=\"1109d92\" data-element_type=\"widget\" data-widget_type=\"int-products.default\">\n\t\t\t\t<div class=\"elementor-widget-container\">\n\t\t\t        <div class=\"product-slider swiper-container\">\r\n            <div class=\"swiper-wrapper\">\r\n\r\n                                    <div class=\"swiper-slide product-item text-center\">\r\n                        <div class=\"xb-item--img\">\r\n                            <a href=\"https:\/\/bodyshapenutrition.eu\/es\/product\/power-whey-protein-shake-banana\/\"><img decoding=\"async\" src=\"https:\/\/bodyshapenutrition.eu\/es\/wp-content\/uploads\/2024\/08\/BodyShape-Protein-Bag-Banana-mock-up-2.png\" alt=\"img\"><\/a>\r\n                        <\/div>\r\n                        <div class=\"xb-item--holder\">\r\n                            <h3 class=\"xb-item--title\"><a href=\"https:\/\/bodyshapenutrition.eu\/es\/product\/power-whey-protein-shake-banana\/\">Power Whey Protein Shake Banana<\/a><\/h3>\r\n                            <div class=\"xb-item--rating-inner ul_li_center\">\r\n                                <div class=\"xb-item--rating ul_li\">\r\n                                    <i class=\"far fa-star\"><\/i><i class=\"far fa-star\"><\/i><i class=\"far fa-star\"><\/i><i class=\"far fa-star\"><\/i><i class=\"far fa-star\"><\/i>                                <\/div>\r\n                                <span>(0)<\/span>\r\n                            <\/div>\r\n                                                    <\/div>\r\n                        <div class=\"xb-item--action ul_li mt-20\">\r\n                            <span class=\"xb-item--price\"><span class=\"woocommerce-Price-amount amount\"><span class=\"woocommerce-Price-currencySymbol\">&euro;<\/span>230.00<\/span><\/span>\r\n                            <a href=\"https:\/\/bodyshapenutrition.eu\/es\/product\/power-whey-protein-shake-banana\/\"><span class=\"xb-item--cart-icon\"><img decoding=\"async\"\r\n                                            src=\"https:\/\/bodyshapenutrition.eu\/es\/wp-content\/plugins\/purefit-core\/assets\/img\/bag.svg\" alt=\"\"><\/span><span class=\"xb-item--cart\">add to cart<\/span><\/a>\r\n                        <\/div>\r\n                    <\/div>\r\n                                    <div class=\"swiper-slide product-item text-center\">\r\n                        <div class=\"xb-item--img\">\r\n                            <a href=\"https:\/\/bodyshapenutrition.eu\/es\/product\/power-vegan-protein-shake-salted-caramel\/\"><img decoding=\"async\" src=\"https:\/\/bodyshapenutrition.eu\/es\/wp-content\/uploads\/2024\/08\/BodyShape-Protein-Bag-Vegan-Salted-Caramel-mock-up-1.png\" alt=\"img\"><\/a>\r\n                        <\/div>\r\n                        <div class=\"xb-item--holder\">\r\n                            <h3 class=\"xb-item--title\"><a href=\"https:\/\/bodyshapenutrition.eu\/es\/product\/power-vegan-protein-shake-salted-caramel\/\">Power Vegan Protein Shake Salted Caramel<\/a><\/h3>\r\n                            <div class=\"xb-item--rating-inner ul_li_center\">\r\n                                <div class=\"xb-item--rating ul_li\">\r\n                                    <i class=\"far fa-star\"><\/i><i class=\"far fa-star\"><\/i><i class=\"far fa-star\"><\/i><i class=\"far fa-star\"><\/i><i class=\"far fa-star\"><\/i>                                <\/div>\r\n                                <span>(0)<\/span>\r\n                            <\/div>\r\n                                                    <\/div>\r\n                        <div class=\"xb-item--action ul_li mt-20\">\r\n                            <span class=\"xb-item--price\"><span class=\"woocommerce-Price-amount amount\"><span class=\"woocommerce-Price-currencySymbol\">&euro;<\/span>400.00<\/span><\/span>\r\n                            <a href=\"https:\/\/bodyshapenutrition.eu\/es\/product\/power-vegan-protein-shake-salted-caramel\/\"><span class=\"xb-item--cart-icon\"><img decoding=\"async\"\r\n                                            src=\"https:\/\/bodyshapenutrition.eu\/es\/wp-content\/plugins\/purefit-core\/assets\/img\/bag.svg\" alt=\"\"><\/span><span class=\"xb-item--cart\">add to cart<\/span><\/a>\r\n                        <\/div>\r\n                    <\/div>\r\n                                    <div class=\"swiper-slide product-item text-center\">\r\n                        <div class=\"xb-item--img\">\r\n                            <a href=\"https:\/\/bodyshapenutrition.eu\/es\/product\/power-vegan-protein-shake-banana\/\"><img decoding=\"async\" src=\"https:\/\/bodyshapenutrition.eu\/es\/wp-content\/uploads\/2024\/08\/BodyShape-Protein-Bag-Vegan-Banana-mock-up-1.png\" alt=\"img\"><\/a>\r\n                        <\/div>\r\n                        <div class=\"xb-item--holder\">\r\n                            <h3 class=\"xb-item--title\"><a href=\"https:\/\/bodyshapenutrition.eu\/es\/product\/power-vegan-protein-shake-banana\/\">Power Vegan Protein Shake Banana<\/a><\/h3>\r\n                            <div class=\"xb-item--rating-inner ul_li_center\">\r\n                                <div class=\"xb-item--rating ul_li\">\r\n                                    <i class=\"far fa-star\"><\/i><i class=\"far fa-star\"><\/i><i class=\"far fa-star\"><\/i><i class=\"far fa-star\"><\/i><i class=\"far fa-star\"><\/i>                                <\/div>\r\n                                <span>(0)<\/span>\r\n                            <\/div>\r\n                                                    <\/div>\r\n                        <div class=\"xb-item--action ul_li mt-20\">\r\n                            <span class=\"xb-item--price\"><span class=\"woocommerce-Price-amount amount\"><span class=\"woocommerce-Price-currencySymbol\">&euro;<\/span>300.00<\/span><\/span>\r\n                            <a href=\"https:\/\/bodyshapenutrition.eu\/es\/product\/power-vegan-protein-shake-banana\/\"><span class=\"xb-item--cart-icon\"><img decoding=\"async\"\r\n                                            src=\"https:\/\/bodyshapenutrition.eu\/es\/wp-content\/plugins\/purefit-core\/assets\/img\/bag.svg\" alt=\"\"><\/span><span class=\"xb-item--cart\">add to cart<\/span><\/a>\r\n                        <\/div>\r\n                    <\/div>\r\n                                    <div class=\"swiper-slide product-item text-center\">\r\n                        <div class=\"xb-item--img\">\r\n                            <a href=\"https:\/\/bodyshapenutrition.eu\/es\/product\/collagen-shake-strawberry\/\"><img decoding=\"async\" src=\"https:\/\/bodyshapenutrition.eu\/es\/wp-content\/uploads\/2024\/08\/BodyShape-Protein-Bag-Collagen-Strawberry-mock-up-1.png\" alt=\"img\"><\/a>\r\n                        <\/div>\r\n                        <div class=\"xb-item--holder\">\r\n                            <h3 class=\"xb-item--title\"><a href=\"https:\/\/bodyshapenutrition.eu\/es\/product\/collagen-shake-strawberry\/\">Collagen Shake Strawberry<\/a><\/h3>\r\n                            <div class=\"xb-item--rating-inner ul_li_center\">\r\n                                <div class=\"xb-item--rating ul_li\">\r\n                                    <i class=\"far fa-star\"><\/i><i class=\"far fa-star\"><\/i><i class=\"far fa-star\"><\/i><i class=\"far fa-star\"><\/i><i class=\"far fa-star\"><\/i>                                <\/div>\r\n                                <span>(0)<\/span>\r\n                            <\/div>\r\n                                                    <\/div>\r\n                        <div class=\"xb-item--action ul_li mt-20\">\r\n                            <span class=\"xb-item--price\"><span class=\"woocommerce-Price-amount amount\"><span class=\"woocommerce-Price-currencySymbol\">&euro;<\/span>300.00<\/span><\/span>\r\n                            <a href=\"https:\/\/bodyshapenutrition.eu\/es\/product\/collagen-shake-strawberry\/\"><span class=\"xb-item--cart-icon\"><img decoding=\"async\"\r\n                                            src=\"https:\/\/bodyshapenutrition.eu\/es\/wp-content\/plugins\/purefit-core\/assets\/img\/bag.svg\" alt=\"\"><\/span><span class=\"xb-item--cart\">add to cart<\/span><\/a>\r\n                        <\/div>\r\n                    <\/div>\r\n                            <\/div>\r\n        <\/div>\r\n        \t\t<\/div>\n\t\t\t\t<\/div>\n\t\t\t\t<div class=\"elementor-element elementor-element-7c87088 elementor-widget elementor-widget-text-editor\" data-id=\"7c87088\" data-element_type=\"widget\" data-widget_type=\"text-editor.default\">\n\t\t\t\t<div class=\"elementor-widget-container\">\n\t\t\t\t\t\t\t<p><b><span style=\"color: #000000;\">\u00bfPor qu\u00e9 deber\u00eda elegir los suplementos para desarrollar m\u00fasculos de BodyShape Nutrition?<\/span><br><\/b><span style=\"color: #000000;\">En BodyShape Nutrition, entendemos que desarrollar m\u00fasculos es m\u00e1s que un objetivo; es un compromiso con su camino hacia la buena forma f\u00edsica. Nuestra gama de suplementos para desarrollar m\u00fasculos, incluidos nuestros mejores batidos de prote\u00ednas para desarrollar m\u00fasculos, est\u00e1 dise\u00f1ada meticulosamente para satisfacer las necesidades de su cuerpo. Ya sea que se pregunte si los batidos de prote\u00ednas ayudan a desarrollar m\u00fasculos o est\u00e9 seguro de los beneficios, elegir nuestros productos garantiza que su cuerpo obtenga los nutrientes necesarios para reparar y desarrollar tejido muscular. Esto mejora los resultados de su entrenamiento y lo ayuda a alcanzar sus objetivos de fitness de manera m\u00e1s r\u00e1pida y efectiva.<\/span><\/p>\n<p><b><span style=\"color: #000000;\">\u00bfC\u00f3mo mejoran nuestros suplementos el crecimiento muscular?<\/span><br><\/b><span style=\"color: #000000;\">En BodyShape Nutrition, entendemos que desarrollar m\u00fasculos es m\u00e1s que un objetivo; es un compromiso con su camino hacia la buena forma f\u00edsica. Nuestra gama de suplementos para desarrollar m\u00fasculos, incluidos nuestros mejores batidos de prote\u00ednas para desarrollar m\u00fasculos, est\u00e1 dise\u00f1ada meticulosamente para satisfacer las necesidades de su cuerpo. Ya sea que te preguntes si los batidos de prote\u00ednas ayudan a desarrollar m\u00fasculo o que est\u00e9s seguro de sus beneficios, elegir nuestros productos garantiza que tu cuerpo obtenga los nutrientes necesarios para reparar y desarrollar tejido muscular. Esto mejora los resultados de tu entrenamiento y te ayuda a alcanzar tus objetivos de fitness de forma m\u00e1s r\u00e1pida y eficaz.<\/span><\/p>\n<p><b><span style=\"color: #000000;\">\u00bfQu\u00e9 hace que los batidos de BodyShape Nutrition sean ideales para desarrollar m\u00fasculo?<\/span><br><\/b><span style=\"color: #000000;\">Nuestros batidos para desarrollar m\u00fasculo no son solo una opci\u00f3n conveniente para despu\u00e9s del entrenamiento; son una fuente inagotable de nutrientes que desempe\u00f1an un papel crucial en la recuperaci\u00f3n y el crecimiento muscular. Repletos de prote\u00ednas, vitaminas y minerales de alta calidad, los batidos de BodyShape Nutrition est\u00e1n dise\u00f1ados para que el cuerpo los absorba r\u00e1pidamente, proporcionando nutrici\u00f3n inmediata a tus m\u00fasculos. Ya sea que est\u00e9s buscando un reemplazo de comida o un impulso de energ\u00eda r\u00e1pido, nuestros mejores batidos de prote\u00ednas para desarrollar m\u00fasculo est\u00e1n dise\u00f1ados para ayudarte a mantenerte en el camino hacia tus objetivos de desarrollo muscular sin comprometer el sabor ni la nutrici\u00f3n.<\/span><\/p>\n<p><b><span style=\"color: #000000;\">\u00bfPueden nuestros productos ayudarte a superar los estancamientos en tu camino hacia el desarrollo muscular?<\/span><br><\/b><span style=\"color: #000000;\">Llegar a un punto muerto en tu camino hacia el desarrollo muscular puede ser frustrante, pero con BodyShape Nutrition tienes las herramientas para seguir avanzando. Nuestros suplementos y batidos para el desarrollo muscular est\u00e1n formulados para apoyar los procesos metab\u00f3licos que pueden ayudar a superar estos puntos muertos, ofreciendo a tus m\u00fasculos el combustible adicional que necesitan para seguir creciendo. Al incorporar nuestros mejores batidos para el desarrollo muscular a tu rutina, puedes mantener ganancias constantes y mantener alta tu motivaci\u00f3n, asegur\u00e1ndote de que nada se interponga en tu camino para lograr el f\u00edsico deseado.<\/span><\/p>\n<p><span style=\"color: #000000;\"><b>\u00bfSon necesarios los batidos de prote\u00ednas para desarrollar m\u00fasculo?<\/b><\/span><\/p>\n<p><span style=\"color: #000000;\">Si bien los batidos de prote\u00ednas no son absolutamente necesarios para desarrollar m\u00fasculo, son una forma incre\u00edblemente conveniente y efectiva de asegurarte de que est\u00e1s obteniendo suficiente prote\u00edna en tu dieta. Para aquellos que luchan por satisfacer sus necesidades diarias de prote\u00ednas solo a trav\u00e9s de los alimentos, los batidos de prote\u00ednas pueden proporcionar el impulso adicional necesario para apoyar el crecimiento y la recuperaci\u00f3n muscular, lo que los convierte en una valiosa adici\u00f3n a tu rutina de ejercicios.<\/span><\/p>\n<p><span style=\"color: #000000;\"><b>\u00bfLos batidos de prote\u00ednas ayudan a desarrollar m\u00fasculo?<\/b><\/span><\/p>\n<p><span style=\"color: #000000;\">S\u00ed, los batidos de prote\u00ednas ayudan a desarrollar m\u00fasculo al proporcionarle a tu cuerpo los amino\u00e1cidos necesarios que apoyan la reparaci\u00f3n y el crecimiento muscular despu\u00e9s del ejercicio. Consumir un batido de prote\u00ednas despu\u00e9s del entrenamiento garantiza que tus m\u00fasculos reciban los nutrientes que necesitan para recuperarse y crecer m\u00e1s fuertes.<\/span><\/p>\t\t\t\t\t\t<\/div>\n\t\t\t\t<\/div>\n\t\t\t\t\t<\/div>\n\t\t<\/div>\n\t\t\t\t\t<\/div>\n\t\t<\/section>\n\t\t\t\t<\/div>\n\t\t","protected":false},"excerpt":{"rendered":"<p>Build Muscle Por objetivo Transforme su fuerza y \u200b\u200bdesarrolle m\u00fasculos r\u00e1pidamente Overview:En BodyShape Nutrition, nos dedicamos a ayudarte a alcanzar tus objetivos de fitness con precisi\u00f3n y eficiencia. Nuestra colecci\u00f3n Build Muscle Fast est\u00e1 dise\u00f1ada para quienes desean maximizar su fuerza y \u200b\u200bganancias musculares. Desde suplementos premium hasta equipos de entrenamiento de primer nivel, cada [&hellip;]<\/p>\n","protected":false},"author":1,"featured_media":0,"parent":0,"menu_order":0,"comment_status":"closed","ping_status":"closed","template":"","meta":{"inline_featured_image":false,"_uag_custom_page_level_css":"","footnotes":""},"class_list":["post-2234","page","type-page","status-publish","hentry"],"uagb_featured_image_src":{"full":false,"thumbnail":false,"medium":false,"medium_large":false,"large":false,"1536x1536":false,"2048x2048":false,"purefit-large":false,"purefit-medium":false,"purefit-blog":false,"woocommerce_thumbnail":false,"woocommerce_single":false,"woocommerce_gallery_thumbnail":false},"uagb_author_info":{"display_name":"metasticworld","author_link":"https:\/\/bodyshapenutrition.eu\/es\/author\/metasticworld\/"},"uagb_comment_info":0,"uagb_excerpt":"Build Muscle Por objetivo Transforme su fuerza y \u200b\u200bdesarrolle m\u00fasculos r\u00e1pidamente Overview:En BodyShape Nutrition, nos dedicamos a ayudarte a alcanzar tus objetivos de fitness con precisi\u00f3n y eficiencia. Nuestra colecci\u00f3n Build Muscle Fast est\u00e1 dise\u00f1ada para quienes desean maximizar su fuerza y \u200b\u200bganancias musculares. Desde suplementos premium hasta equipos de entrenamiento de primer nivel, cada&hellip;","_links":{"self":[{"href":"https:\/\/bodyshapenutrition.eu\/es\/wp-json\/wp\/v2\/pages\/2234"}],"collection":[{"href":"https:\/\/bodyshapenutrition.eu\/es\/wp-json\/wp\/v2\/pages"}],"about":[{"href":"https:\/\/bodyshapenutrition.eu\/es\/wp-json\/wp\/v2\/types\/page"}],"author":[{"embeddable":true,"href":"https:\/\/bodyshapenutrition.eu\/es\/wp-json\/wp\/v2\/users\/1"}],"replies":[{"embeddable":true,"href":"https:\/\/bodyshapenutrition.eu\/es\/wp-json\/wp\/v2\/comments?post=2234"}],"version-history":[{"count":37,"href":"https:\/\/bodyshapenutrition.eu\/es\/wp-json\/wp\/v2\/pages\/2234\/revisions"}],"predecessor-version":[{"id":2764,"href":"https:\/\/bodyshapenutrition.eu\/es\/wp-json\/wp\/v2\/pages\/2234\/revisions\/2764"}],"wp:attachment":[{"href":"https:\/\/bodyshapenutrition.eu\/es\/wp-json\/wp\/v2\/media?parent=2234"}],"curies":[{"name":"wp","href":"https:\/\/api.w.org\/{rel}","templated":true}]}}