{"id":2225,"date":"2024-07-26T08:17:31","date_gmt":"2024-07-26T08:17:31","guid":{"rendered":"https:\/\/check.metastic.world\/?page_id=2225"},"modified":"2024-11-30T10:17:18","modified_gmt":"2024-11-30T10:17:18","slug":"loose-weight","status":"publish","type":"page","link":"https:\/\/bodyshapenutrition.eu\/es\/loose-weight\/","title":{"rendered":"Loose Weight"},"content":{"rendered":"\t\t<div data-elementor-type=\"wp-page\" data-elementor-id=\"2225\" class=\"elementor elementor-2225\">\n\t\t\t\t\t\t<section class=\"elementor-section elementor-top-section elementor-element elementor-element-cf11b01 elementor-section-full_width elementor-section-stretched elementor-section-height-default elementor-section-height-default\" data-id=\"cf11b01\" data-element_type=\"section\" data-settings=\"{&quot;stretch_section&quot;:&quot;section-stretched&quot;,&quot;background_background&quot;:&quot;classic&quot;}\">\n\t\t\t\t\t\t<div class=\"elementor-container elementor-column-gap-default\">\n\t\t\t\t\t<div class=\"elementor-column elementor-col-100 elementor-top-column elementor-element elementor-element-bf51373\" data-id=\"bf51373\" data-element_type=\"column\">\n\t\t\t<div class=\"elementor-widget-wrap elementor-element-populated\">\n\t\t\t\t\t\t<div class=\"elementor-element elementor-element-2018a2a elementor-widget elementor-widget-heading\" data-id=\"2018a2a\" data-element_type=\"widget\" data-widget_type=\"heading.default\">\n\t\t\t\t<div class=\"elementor-widget-container\">\n\t\t\t<style>\/*! elementor - v3.21.0 - 26-05-2024 *\/\n.elementor-heading-title{padding:0;margin:0;line-height:1}.elementor-widget-heading .elementor-heading-title[class*=elementor-size-]>a{color:inherit;font-size:inherit;line-height:inherit}.elementor-widget-heading .elementor-heading-title.elementor-size-small{font-size:15px}.elementor-widget-heading .elementor-heading-title.elementor-size-medium{font-size:19px}.elementor-widget-heading .elementor-heading-title.elementor-size-large{font-size:29px}.elementor-widget-heading .elementor-heading-title.elementor-size-xl{font-size:39px}.elementor-widget-heading .elementor-heading-title.elementor-size-xxl{font-size:59px}<\/style><h2 class=\"elementor-heading-title elementor-size-default\">Loose weight<\/h2>\t\t<\/div>\n\t\t\t\t<\/div>\n\t\t\t\t\t<\/div>\n\t\t<\/div>\n\t\t\t\t\t<\/div>\n\t\t<\/section>\n\t\t\t\t<section class=\"elementor-section elementor-top-section elementor-element elementor-element-eb9eab3 elementor-section-boxed elementor-section-height-default elementor-section-height-default\" data-id=\"eb9eab3\" data-element_type=\"section\">\n\t\t\t\t\t\t<div class=\"elementor-container elementor-column-gap-default\">\n\t\t\t\t\t<div class=\"elementor-column elementor-col-100 elementor-top-column elementor-element elementor-element-9963a04\" data-id=\"9963a04\" data-element_type=\"column\">\n\t\t\t<div class=\"elementor-widget-wrap elementor-element-populated\">\n\t\t\t\t\t\t<div class=\"elementor-element elementor-element-a4a4aba elementor-widget elementor-widget-int-sec-title\" data-id=\"a4a4aba\" data-element_type=\"widget\" data-widget_type=\"int-sec-title.default\">\n\t\t\t\t<div class=\"elementor-widget-container\">\n\t\t\t\r\n                <div class=\"sec-title sec-title--two\">\r\n                            <span class=\"sub-title\">By Goal <\/span>\r\n                            <h2 class=\"title\">Pierda peso y gane confianza r\u00e1pidamente<\/h2>\r\n                    <\/div>\r\n    \t\t<\/div>\n\t\t\t\t<\/div>\n\t\t\t\t<div class=\"elementor-element elementor-element-2403ce3 elementor-widget elementor-widget-text-editor\" data-id=\"2403ce3\" data-element_type=\"widget\" data-widget_type=\"text-editor.default\">\n\t\t\t\t<div class=\"elementor-widget-container\">\n\t\t\t<style>\/*! elementor - v3.21.0 - 26-05-2024 *\/\n.elementor-widget-text-editor.elementor-drop-cap-view-stacked .elementor-drop-cap{background-color:#69727d;color:#fff}.elementor-widget-text-editor.elementor-drop-cap-view-framed .elementor-drop-cap{color:#69727d;border:3px solid;background-color:transparent}.elementor-widget-text-editor:not(.elementor-drop-cap-view-default) .elementor-drop-cap{margin-top:8px}.elementor-widget-text-editor:not(.elementor-drop-cap-view-default) .elementor-drop-cap-letter{width:1em;height:1em}.elementor-widget-text-editor .elementor-drop-cap{float:left;text-align:center;line-height:1;font-size:50px}.elementor-widget-text-editor .elementor-drop-cap-letter{display:inline-block}<\/style>\t\t\t\t<p><span style=\"color: #000000;\"><strong>Overview:<\/strong><br \/>En BodyShape Nutrition, nuestra colecci\u00f3n \u201cLose Weight\u201d est\u00e1 dise\u00f1ada para aquellos que se comprometen a perder peso y alcanzar su peso corporal ideal. Esta gama cuidadosamente seleccionada incluye suplementos para quemar grasa, sustitutos de comidas saludables, batidos para bajar de peso, equipos de fitness y gu\u00edas de estilo de vida dise\u00f1adas para ayudarlo a perder peso de manera efectiva y sostenible. Ya sea que est\u00e9 buscando comenzar su camino hacia la p\u00e9rdida de peso, superar un estancamiento o mantener su progreso, nuestros productos est\u00e1n aqu\u00ed para ayudarlo en cada paso del camino. Con BodyShape Nutrition, perder peso se convierte en una experiencia manejable y gratificante.<br \/><\/span><\/p>\t\t\t\t\t\t<\/div>\n\t\t\t\t<\/div>\n\t\t\t\t\t<\/div>\n\t\t<\/div>\n\t\t\t\t\t<\/div>\n\t\t<\/section>\n\t\t\t\t<section class=\"elementor-section elementor-top-section elementor-element elementor-element-006d16a elementor-section-boxed elementor-section-height-default elementor-section-height-default\" data-id=\"006d16a\" data-element_type=\"section\">\n\t\t\t\t\t\t<div class=\"elementor-container elementor-column-gap-default\">\n\t\t\t\t\t<div class=\"elementor-column elementor-col-100 elementor-top-column elementor-element elementor-element-7112b4c\" data-id=\"7112b4c\" data-element_type=\"column\">\n\t\t\t<div class=\"elementor-widget-wrap elementor-element-populated\">\n\t\t\t\t\t\t<div class=\"elementor-element elementor-element-e2ee992 elementor-widget elementor-widget-int-products\" data-id=\"e2ee992\" data-element_type=\"widget\" data-widget_type=\"int-products.default\">\n\t\t\t\t<div class=\"elementor-widget-container\">\n\t\t\t        <div class=\"product-slider swiper-container\">\r\n            <div class=\"swiper-wrapper\">\r\n\r\n                                    <div class=\"swiper-slide product-item text-center\">\r\n                        <div class=\"xb-item--img\">\r\n                            <a href=\"https:\/\/bodyshapenutrition.eu\/es\/product\/power-whey-protein-shake-banana\/\"><img decoding=\"async\" src=\"https:\/\/bodyshapenutrition.eu\/es\/wp-content\/uploads\/2024\/08\/BodyShape-Protein-Bag-Banana-mock-up-2.png\" alt=\"img\"><\/a>\r\n                        <\/div>\r\n                        <div class=\"xb-item--holder\">\r\n                            <h3 class=\"xb-item--title\"><a href=\"https:\/\/bodyshapenutrition.eu\/es\/product\/power-whey-protein-shake-banana\/\">Power Whey Protein Shake Banana<\/a><\/h3>\r\n                            <div class=\"xb-item--rating-inner ul_li_center\">\r\n                                <div class=\"xb-item--rating ul_li\">\r\n                                    <i class=\"far fa-star\"><\/i><i class=\"far fa-star\"><\/i><i class=\"far fa-star\"><\/i><i class=\"far fa-star\"><\/i><i class=\"far fa-star\"><\/i>                                <\/div>\r\n                                <span>(0)<\/span>\r\n                            <\/div>\r\n                                                    <\/div>\r\n                        <div class=\"xb-item--action ul_li mt-20\">\r\n                            <span class=\"xb-item--price\"><span class=\"woocommerce-Price-amount amount\"><span class=\"woocommerce-Price-currencySymbol\">&euro;<\/span>230.00<\/span><\/span>\r\n                            <a href=\"https:\/\/bodyshapenutrition.eu\/es\/product\/power-whey-protein-shake-banana\/\"><span class=\"xb-item--cart-icon\"><img decoding=\"async\"\r\n                                            src=\"https:\/\/bodyshapenutrition.eu\/es\/wp-content\/plugins\/purefit-core\/assets\/img\/bag.svg\" alt=\"\"><\/span><span class=\"xb-item--cart\">add to cart<\/span><\/a>\r\n                        <\/div>\r\n                    <\/div>\r\n                                    <div class=\"swiper-slide product-item text-center\">\r\n                        <div class=\"xb-item--img\">\r\n                            <a href=\"https:\/\/bodyshapenutrition.eu\/es\/product\/power-vegan-protein-shake-salted-caramel\/\"><img decoding=\"async\" src=\"https:\/\/bodyshapenutrition.eu\/es\/wp-content\/uploads\/2024\/08\/BodyShape-Protein-Bag-Vegan-Salted-Caramel-mock-up-1.png\" alt=\"img\"><\/a>\r\n                        <\/div>\r\n                        <div class=\"xb-item--holder\">\r\n                            <h3 class=\"xb-item--title\"><a href=\"https:\/\/bodyshapenutrition.eu\/es\/product\/power-vegan-protein-shake-salted-caramel\/\">Power Vegan Protein Shake Salted Caramel<\/a><\/h3>\r\n                            <div class=\"xb-item--rating-inner ul_li_center\">\r\n                                <div class=\"xb-item--rating ul_li\">\r\n                                    <i class=\"far fa-star\"><\/i><i class=\"far fa-star\"><\/i><i class=\"far fa-star\"><\/i><i class=\"far fa-star\"><\/i><i class=\"far fa-star\"><\/i>                                <\/div>\r\n                                <span>(0)<\/span>\r\n                            <\/div>\r\n                                                    <\/div>\r\n                        <div class=\"xb-item--action ul_li mt-20\">\r\n                            <span class=\"xb-item--price\"><span class=\"woocommerce-Price-amount amount\"><span class=\"woocommerce-Price-currencySymbol\">&euro;<\/span>400.00<\/span><\/span>\r\n                            <a href=\"https:\/\/bodyshapenutrition.eu\/es\/product\/power-vegan-protein-shake-salted-caramel\/\"><span class=\"xb-item--cart-icon\"><img decoding=\"async\"\r\n                                            src=\"https:\/\/bodyshapenutrition.eu\/es\/wp-content\/plugins\/purefit-core\/assets\/img\/bag.svg\" alt=\"\"><\/span><span class=\"xb-item--cart\">add to cart<\/span><\/a>\r\n                        <\/div>\r\n                    <\/div>\r\n                                    <div class=\"swiper-slide product-item text-center\">\r\n                        <div class=\"xb-item--img\">\r\n                            <a href=\"https:\/\/bodyshapenutrition.eu\/es\/product\/power-vegan-protein-shake-banana\/\"><img decoding=\"async\" src=\"https:\/\/bodyshapenutrition.eu\/es\/wp-content\/uploads\/2024\/08\/BodyShape-Protein-Bag-Vegan-Banana-mock-up-1.png\" alt=\"img\"><\/a>\r\n                        <\/div>\r\n                        <div class=\"xb-item--holder\">\r\n                            <h3 class=\"xb-item--title\"><a href=\"https:\/\/bodyshapenutrition.eu\/es\/product\/power-vegan-protein-shake-banana\/\">Power Vegan Protein Shake Banana<\/a><\/h3>\r\n                            <div class=\"xb-item--rating-inner ul_li_center\">\r\n                                <div class=\"xb-item--rating ul_li\">\r\n                                    <i class=\"far fa-star\"><\/i><i class=\"far fa-star\"><\/i><i class=\"far fa-star\"><\/i><i class=\"far fa-star\"><\/i><i class=\"far fa-star\"><\/i>                                <\/div>\r\n                                <span>(0)<\/span>\r\n                            <\/div>\r\n                                                    <\/div>\r\n                        <div class=\"xb-item--action ul_li mt-20\">\r\n                            <span class=\"xb-item--price\"><span class=\"woocommerce-Price-amount amount\"><span class=\"woocommerce-Price-currencySymbol\">&euro;<\/span>300.00<\/span><\/span>\r\n                            <a href=\"https:\/\/bodyshapenutrition.eu\/es\/product\/power-vegan-protein-shake-banana\/\"><span class=\"xb-item--cart-icon\"><img decoding=\"async\"\r\n                                            src=\"https:\/\/bodyshapenutrition.eu\/es\/wp-content\/plugins\/purefit-core\/assets\/img\/bag.svg\" alt=\"\"><\/span><span class=\"xb-item--cart\">add to cart<\/span><\/a>\r\n                        <\/div>\r\n                    <\/div>\r\n                                    <div class=\"swiper-slide product-item text-center\">\r\n                        <div class=\"xb-item--img\">\r\n                            <a href=\"https:\/\/bodyshapenutrition.eu\/es\/product\/collagen-shake-strawberry\/\"><img decoding=\"async\" src=\"https:\/\/bodyshapenutrition.eu\/es\/wp-content\/uploads\/2024\/08\/BodyShape-Protein-Bag-Collagen-Strawberry-mock-up-1.png\" alt=\"img\"><\/a>\r\n                        <\/div>\r\n                        <div class=\"xb-item--holder\">\r\n                            <h3 class=\"xb-item--title\"><a href=\"https:\/\/bodyshapenutrition.eu\/es\/product\/collagen-shake-strawberry\/\">Collagen Shake Strawberry<\/a><\/h3>\r\n                            <div class=\"xb-item--rating-inner ul_li_center\">\r\n                                <div class=\"xb-item--rating ul_li\">\r\n                                    <i class=\"far fa-star\"><\/i><i class=\"far fa-star\"><\/i><i class=\"far fa-star\"><\/i><i class=\"far fa-star\"><\/i><i class=\"far fa-star\"><\/i>                                <\/div>\r\n                                <span>(0)<\/span>\r\n                            <\/div>\r\n                                                    <\/div>\r\n                        <div class=\"xb-item--action ul_li mt-20\">\r\n                            <span class=\"xb-item--price\"><span class=\"woocommerce-Price-amount amount\"><span class=\"woocommerce-Price-currencySymbol\">&euro;<\/span>300.00<\/span><\/span>\r\n                            <a href=\"https:\/\/bodyshapenutrition.eu\/es\/product\/collagen-shake-strawberry\/\"><span class=\"xb-item--cart-icon\"><img decoding=\"async\"\r\n                                            src=\"https:\/\/bodyshapenutrition.eu\/es\/wp-content\/plugins\/purefit-core\/assets\/img\/bag.svg\" alt=\"\"><\/span><span class=\"xb-item--cart\">add to cart<\/span><\/a>\r\n                        <\/div>\r\n                    <\/div>\r\n                            <\/div>\r\n        <\/div>\r\n        \t\t<\/div>\n\t\t\t\t<\/div>\n\t\t\t\t<div class=\"elementor-element elementor-element-d7665e8 elementor-widget elementor-widget-text-editor\" data-id=\"d7665e8\" data-element_type=\"widget\" data-widget_type=\"text-editor.default\">\n\t\t\t\t<div class=\"elementor-widget-container\">\n\t\t\t\t\t\t\t<p><span style=\"color: #000000;\"><b>\u00bfPor qu\u00e9 elegir BodyShape Nutrition para su proceso de p\u00e9rdida de peso?<br \/><\/b>BodyShape Nutrition ofrece suplementos y batidos para bajar de peso cuidadosamente formulados y dise\u00f1ados para respaldar sus objetivos de p\u00e9rdida de peso. Pero, \u00bfson buenos los batidos de prote\u00ednas para bajar de peso? Absolutamente. Nuestros productos est\u00e1n dise\u00f1ados para ayudar a estimular el metabolismo, controlar el apetito y proporcionar nutrientes esenciales, lo que garantiza que pierda peso de manera efectiva mientras mantiene la salud general. Con nuestras soluciones, puede lograr resultados sostenibles y adoptar un estilo de vida m\u00e1s saludable.<\/span><\/p><p><span style=\"color: #000000;\"><b>\u00bfC\u00f3mo ayudan nuestros productos a perder peso?<br \/><\/b>Nuestros suplementos y batidos para bajar de peso est\u00e1n elaborados con ingredientes que promueven la quema de grasa y el gasto de energ\u00eda. Ayudan a frenar los antojos y controlar el hambre, lo que facilita seguir una dieta saludable. Al mejorar su metabolismo, los productos BodyShape Nutrition ayudan a su cuerpo a quemar m\u00e1s calor\u00edas, lo que lleva a una p\u00e9rdida de peso efectiva y sostenible. Si alguna vez se pregunt\u00f3 si los batidos de prote\u00ednas son buenos para bajar de peso, nuestros batidos cuidadosamente elaborados brindan la respuesta al ofrecer una forma deliciosa y satisfactoria de mantener sus calor\u00edas bajo control.<\/span><\/p><p><span style=\"color: #000000;\"><b>\u00bfQu\u00e9 hace que nuestros batidos sean ideales para el control del peso?<br \/><\/b>Los batidos para bajar de peso de BodyShape Nutrition son bajos en calor\u00edas pero ricos en nutrientes esenciales, lo que los hace perfectos para quienes buscan controlar su peso. Estos batidos brindan una opci\u00f3n satisfactoria de reemplazo de comidas que lo mantiene saciado por m\u00e1s tiempo, lo que lo ayuda a evitar los refrigerios poco saludables. Con el equilibrio adecuado de prote\u00ednas y fibra, nuestros batidos respaldan sus esfuerzos por perder peso y al mismo tiempo garantizan que obtenga la nutrici\u00f3n que necesita. Para quienes se preguntan si los batidos de prote\u00ednas son buenos para bajar de peso, nuestros batidos demuestran cu\u00e1n efectivos pueden ser cuando se incorporan a una dieta equilibrada.<\/span><\/p>\t\t\t\t\t\t<\/div>\n\t\t\t\t<\/div>\n\t\t\t\t\t<\/div>\n\t\t<\/div>\n\t\t\t\t\t<\/div>\n\t\t<\/section>\n\t\t\t\t<\/div>\n\t\t","protected":false},"excerpt":{"rendered":"<p>Loose weight By Goal Pierda peso y gane confianza r\u00e1pidamente Overview:En BodyShape Nutrition, nuestra colecci\u00f3n \u201cLose Weight\u201d est\u00e1 dise\u00f1ada para aquellos que se comprometen a perder peso y alcanzar su peso corporal ideal. Esta gama cuidadosamente seleccionada incluye suplementos para quemar grasa, sustitutos de comidas saludables, batidos para bajar de peso, equipos de fitness y [&hellip;]<\/p>\n","protected":false},"author":1,"featured_media":0,"parent":0,"menu_order":0,"comment_status":"closed","ping_status":"closed","template":"","meta":{"inline_featured_image":false,"_uag_custom_page_level_css":"","footnotes":""},"class_list":["post-2225","page","type-page","status-publish","hentry"],"uagb_featured_image_src":{"full":false,"thumbnail":false,"medium":false,"medium_large":false,"large":false,"1536x1536":false,"2048x2048":false,"purefit-large":false,"purefit-medium":false,"purefit-blog":false,"woocommerce_thumbnail":false,"woocommerce_single":false,"woocommerce_gallery_thumbnail":false},"uagb_author_info":{"display_name":"metasticworld","author_link":"https:\/\/bodyshapenutrition.eu\/es\/author\/metasticworld\/"},"uagb_comment_info":0,"uagb_excerpt":"Loose weight By Goal Pierda peso y gane confianza r\u00e1pidamente Overview:En BodyShape Nutrition, nuestra colecci\u00f3n \u201cLose Weight\u201d est\u00e1 dise\u00f1ada para aquellos que se comprometen a perder peso y alcanzar su peso corporal ideal. Esta gama cuidadosamente seleccionada incluye suplementos para quemar grasa, sustitutos de comidas saludables, batidos para bajar de peso, equipos de fitness y&hellip;","_links":{"self":[{"href":"https:\/\/bodyshapenutrition.eu\/es\/wp-json\/wp\/v2\/pages\/2225"}],"collection":[{"href":"https:\/\/bodyshapenutrition.eu\/es\/wp-json\/wp\/v2\/pages"}],"about":[{"href":"https:\/\/bodyshapenutrition.eu\/es\/wp-json\/wp\/v2\/types\/page"}],"author":[{"embeddable":true,"href":"https:\/\/bodyshapenutrition.eu\/es\/wp-json\/wp\/v2\/users\/1"}],"replies":[{"embeddable":true,"href":"https:\/\/bodyshapenutrition.eu\/es\/wp-json\/wp\/v2\/comments?post=2225"}],"version-history":[{"count":28,"href":"https:\/\/bodyshapenutrition.eu\/es\/wp-json\/wp\/v2\/pages\/2225\/revisions"}],"predecessor-version":[{"id":2770,"href":"https:\/\/bodyshapenutrition.eu\/es\/wp-json\/wp\/v2\/pages\/2225\/revisions\/2770"}],"wp:attachment":[{"href":"https:\/\/bodyshapenutrition.eu\/es\/wp-json\/wp\/v2\/media?parent=2225"}],"curies":[{"name":"wp","href":"https:\/\/api.w.org\/{rel}","templated":true}]}}