{"id":2344,"date":"2024-07-30T13:34:41","date_gmt":"2024-07-30T13:34:41","guid":{"rendered":"https:\/\/check.metastic.world\/?page_id=2344"},"modified":"2024-11-28T07:59:00","modified_gmt":"2024-11-28T07:59:00","slug":"protein","status":"publish","type":"page","link":"https:\/\/bodyshapenutrition.eu\/de\/protein\/","title":{"rendered":"Protein"},"content":{"rendered":"\t\t<div data-elementor-type=\"wp-page\" data-elementor-id=\"2344\" class=\"elementor elementor-2344\">\n\t\t\t\t\t\t<section class=\"elementor-section elementor-top-section elementor-element elementor-element-51523b2 elementor-section-full_width elementor-section-stretched elementor-section-height-default elementor-section-height-default\" data-id=\"51523b2\" data-element_type=\"section\" data-settings=\"{&quot;stretch_section&quot;:&quot;section-stretched&quot;,&quot;background_background&quot;:&quot;classic&quot;}\">\n\t\t\t\t\t\t\t<div class=\"elementor-background-overlay\"><\/div>\n\t\t\t\t\t\t\t<div class=\"elementor-container elementor-column-gap-default\">\n\t\t\t\t\t<div class=\"elementor-column elementor-col-100 elementor-top-column elementor-element elementor-element-fc966f2\" data-id=\"fc966f2\" data-element_type=\"column\">\n\t\t\t<div class=\"elementor-widget-wrap elementor-element-populated\">\n\t\t\t\t\t\t<div class=\"elementor-element elementor-element-70a02fb elementor-widget elementor-widget-heading\" data-id=\"70a02fb\" data-element_type=\"widget\" data-widget_type=\"heading.default\">\n\t\t\t\t<div class=\"elementor-widget-container\">\n\t\t\t<style>\/*! elementor - v3.21.0 - 26-05-2024 *\/\n.elementor-heading-title{padding:0;margin:0;line-height:1}.elementor-widget-heading .elementor-heading-title[class*=elementor-size-]>a{color:inherit;font-size:inherit;line-height:inherit}.elementor-widget-heading .elementor-heading-title.elementor-size-small{font-size:15px}.elementor-widget-heading .elementor-heading-title.elementor-size-medium{font-size:19px}.elementor-widget-heading .elementor-heading-title.elementor-size-large{font-size:29px}.elementor-widget-heading .elementor-heading-title.elementor-size-xl{font-size:39px}.elementor-widget-heading .elementor-heading-title.elementor-size-xxl{font-size:59px}<\/style><h2 class=\"elementor-heading-title elementor-size-default\">Protein<\/h2>\t\t<\/div>\n\t\t\t\t<\/div>\n\t\t\t\t\t<\/div>\n\t\t<\/div>\n\t\t\t\t\t<\/div>\n\t\t<\/section>\n\t\t\t\t<section class=\"elementor-section elementor-top-section elementor-element elementor-element-bb9caca elementor-section-boxed elementor-section-height-default elementor-section-height-default\" data-id=\"bb9caca\" data-element_type=\"section\">\n\t\t\t\t\t\t<div class=\"elementor-container elementor-column-gap-default\">\n\t\t\t\t\t<div class=\"elementor-column elementor-col-100 elementor-top-column elementor-element elementor-element-af730f1\" data-id=\"af730f1\" data-element_type=\"column\">\n\t\t\t<div class=\"elementor-widget-wrap elementor-element-populated\">\n\t\t\t\t\t\t<div class=\"elementor-element elementor-element-ff4e75d elementor-widget elementor-widget-int-sec-title\" data-id=\"ff4e75d\" data-element_type=\"widget\" data-widget_type=\"int-sec-title.default\">\n\t\t\t\t<div class=\"elementor-widget-container\">\n\t\t\t\r\n                <div class=\"sec-title sec-title--two\">\r\n                            <span class=\"sub-title\">Nach Kategorie<\/span>\r\n                            <h2 class=\"title\">St\u00e4rke f\u00f6rdern, Wachstum optimieren<\/h2>\r\n                    <\/div>\r\n    \t\t<\/div>\n\t\t\t\t<\/div>\n\t\t\t\t<div class=\"elementor-element elementor-element-a7b31be elementor-widget elementor-widget-text-editor\" data-id=\"a7b31be\" data-element_type=\"widget\" data-widget_type=\"text-editor.default\">\n\t\t\t\t<div class=\"elementor-widget-container\">\n\t\t\t<style>\/*! elementor - v3.21.0 - 26-05-2024 *\/\n.elementor-widget-text-editor.elementor-drop-cap-view-stacked .elementor-drop-cap{background-color:#69727d;color:#fff}.elementor-widget-text-editor.elementor-drop-cap-view-framed .elementor-drop-cap{color:#69727d;border:3px solid;background-color:transparent}.elementor-widget-text-editor:not(.elementor-drop-cap-view-default) .elementor-drop-cap{margin-top:8px}.elementor-widget-text-editor:not(.elementor-drop-cap-view-default) .elementor-drop-cap-letter{width:1em;height:1em}.elementor-widget-text-editor .elementor-drop-cap{float:left;text-align:center;line-height:1;font-size:50px}.elementor-widget-text-editor .elementor-drop-cap-letter{display:inline-block}<\/style>\t\t\t\t<p><span style=\"color: #000000;\"><strong>Overview:<br \/><\/strong>Bei BodyhSape Nutrition bietet unsere Kategorie \u201eProtein\u201c eine vielf\u00e4ltige Auswahl an hochwertigen Proteinshakes und -produkten, die Ihre Fitnessziele, die Muskelregeneration und die allgemeine Gesundheit unterst\u00fctzen. Egal, ob Sie ein Sportler sind, der seine Leistung steigern m\u00f6chte, jemand, der Muskeln aufbauen m\u00f6chte, oder einfach nur eine ausreichende t\u00e4gliche Proteinzufuhr sicherstellen m\u00f6chten, unsere Auswahl umfasst alles von Molke und pflanzlichen Proteinen bis hin zu Proteinriegeln und Proteinshakes. Unsere besten pflanzlichen Proteinshakes sind besonders beliebt bei denen, die eine nat\u00fcrliche, vegane Ern\u00e4hrung bevorzugen. Jedes Produkt ist so konzipiert, dass es eine optimale Ern\u00e4hrung liefert und Ihnen hilft, voller Energie zu bleiben, sich schneller zu erholen und die gew\u00fcnschten Ergebnisse zu erzielen. Mit den Proteinen von BodyhSapek Nutrition war es noch nie so einfach und effektiv, Ihren K\u00f6rper mit Energie zu versorgen.<br \/><\/span><\/p>\t\t\t\t\t\t<\/div>\n\t\t\t\t<\/div>\n\t\t\t\t\t<\/div>\n\t\t<\/div>\n\t\t\t\t\t<\/div>\n\t\t<\/section>\n\t\t\t\t<section class=\"elementor-section elementor-top-section elementor-element elementor-element-4755989 elementor-section-boxed elementor-section-height-default elementor-section-height-default\" data-id=\"4755989\" data-element_type=\"section\">\n\t\t\t\t\t\t<div class=\"elementor-container elementor-column-gap-default\">\n\t\t\t\t\t<div class=\"elementor-column elementor-col-100 elementor-top-column elementor-element elementor-element-9a9d22e\" data-id=\"9a9d22e\" data-element_type=\"column\">\n\t\t\t<div class=\"elementor-widget-wrap elementor-element-populated\">\n\t\t\t\t\t\t<div class=\"elementor-element elementor-element-1e31978 elementor-widget elementor-widget-int-products\" data-id=\"1e31978\" data-element_type=\"widget\" data-widget_type=\"int-products.default\">\n\t\t\t\t<div class=\"elementor-widget-container\">\n\t\t\t        <div class=\"product-slider swiper-container\">\r\n            <div class=\"swiper-wrapper\">\r\n\r\n                                    <div class=\"swiper-slide product-item text-center\">\r\n                        <div class=\"xb-item--img\">\r\n                            <a href=\"https:\/\/bodyshapenutrition.eu\/de\/product\/power-whey-protein-shake-banana\/\"><img decoding=\"async\" src=\"https:\/\/bodyshapenutrition.eu\/de\/wp-content\/uploads\/2024\/08\/BodyShape-Protein-Bag-Banana-mock-up-2.png\" alt=\"img\"><\/a>\r\n                        <\/div>\r\n                        <div class=\"xb-item--holder\">\r\n                            <h3 class=\"xb-item--title\"><a href=\"https:\/\/bodyshapenutrition.eu\/de\/product\/power-whey-protein-shake-banana\/\">Power Whey Protein Shake Banana<\/a><\/h3>\r\n                            <div class=\"xb-item--rating-inner ul_li_center\">\r\n                                <div class=\"xb-item--rating ul_li\">\r\n                                    <i class=\"far fa-star\"><\/i><i class=\"far fa-star\"><\/i><i class=\"far fa-star\"><\/i><i class=\"far fa-star\"><\/i><i class=\"far fa-star\"><\/i>                                <\/div>\r\n                                <span>(0)<\/span>\r\n                            <\/div>\r\n                                                    <\/div>\r\n                        <div class=\"xb-item--action ul_li mt-20\">\r\n                            <span class=\"xb-item--price\"><span class=\"woocommerce-Price-amount amount\"><span class=\"woocommerce-Price-currencySymbol\">&euro;<\/span>230.00<\/span><\/span>\r\n                            <a href=\"https:\/\/bodyshapenutrition.eu\/de\/product\/power-whey-protein-shake-banana\/\"><span class=\"xb-item--cart-icon\"><img decoding=\"async\"\r\n                                            src=\"https:\/\/bodyshapenutrition.eu\/de\/wp-content\/plugins\/purefit-core\/assets\/img\/bag.svg\" alt=\"\"><\/span><span class=\"xb-item--cart\">add to cart<\/span><\/a>\r\n                        <\/div>\r\n                    <\/div>\r\n                                    <div class=\"swiper-slide product-item text-center\">\r\n                        <div class=\"xb-item--img\">\r\n                            <a href=\"https:\/\/bodyshapenutrition.eu\/de\/product\/power-vegan-protein-shake-salted-caramel\/\"><img decoding=\"async\" src=\"https:\/\/bodyshapenutrition.eu\/de\/wp-content\/uploads\/2024\/08\/BodyShape-Protein-Bag-Vegan-Salted-Caramel-mock-up-1.png\" alt=\"img\"><\/a>\r\n                        <\/div>\r\n                        <div class=\"xb-item--holder\">\r\n                            <h3 class=\"xb-item--title\"><a href=\"https:\/\/bodyshapenutrition.eu\/de\/product\/power-vegan-protein-shake-salted-caramel\/\">Power Vegan Protein Shake Salted Caramel<\/a><\/h3>\r\n                            <div class=\"xb-item--rating-inner ul_li_center\">\r\n                                <div class=\"xb-item--rating ul_li\">\r\n                                    <i class=\"far fa-star\"><\/i><i class=\"far fa-star\"><\/i><i class=\"far fa-star\"><\/i><i class=\"far fa-star\"><\/i><i class=\"far fa-star\"><\/i>                                <\/div>\r\n                                <span>(0)<\/span>\r\n                            <\/div>\r\n                                                    <\/div>\r\n                        <div class=\"xb-item--action ul_li mt-20\">\r\n                            <span class=\"xb-item--price\"><span class=\"woocommerce-Price-amount amount\"><span class=\"woocommerce-Price-currencySymbol\">&euro;<\/span>400.00<\/span><\/span>\r\n                            <a href=\"https:\/\/bodyshapenutrition.eu\/de\/product\/power-vegan-protein-shake-salted-caramel\/\"><span class=\"xb-item--cart-icon\"><img decoding=\"async\"\r\n                                            src=\"https:\/\/bodyshapenutrition.eu\/de\/wp-content\/plugins\/purefit-core\/assets\/img\/bag.svg\" alt=\"\"><\/span><span class=\"xb-item--cart\">add to cart<\/span><\/a>\r\n                        <\/div>\r\n                    <\/div>\r\n                                    <div class=\"swiper-slide product-item text-center\">\r\n                        <div class=\"xb-item--img\">\r\n                            <a href=\"https:\/\/bodyshapenutrition.eu\/de\/product\/power-vegan-protein-shake-banana\/\"><img decoding=\"async\" src=\"https:\/\/bodyshapenutrition.eu\/de\/wp-content\/uploads\/2024\/08\/BodyShape-Protein-Bag-Vegan-Banana-mock-up-1.png\" alt=\"img\"><\/a>\r\n                        <\/div>\r\n                        <div class=\"xb-item--holder\">\r\n                            <h3 class=\"xb-item--title\"><a href=\"https:\/\/bodyshapenutrition.eu\/de\/product\/power-vegan-protein-shake-banana\/\">Power Vegan Protein Shake Banana<\/a><\/h3>\r\n                            <div class=\"xb-item--rating-inner ul_li_center\">\r\n                                <div class=\"xb-item--rating ul_li\">\r\n                                    <i class=\"far fa-star\"><\/i><i class=\"far fa-star\"><\/i><i class=\"far fa-star\"><\/i><i class=\"far fa-star\"><\/i><i class=\"far fa-star\"><\/i>                                <\/div>\r\n                                <span>(0)<\/span>\r\n                            <\/div>\r\n                                                    <\/div>\r\n                        <div class=\"xb-item--action ul_li mt-20\">\r\n                            <span class=\"xb-item--price\"><span class=\"woocommerce-Price-amount amount\"><span class=\"woocommerce-Price-currencySymbol\">&euro;<\/span>300.00<\/span><\/span>\r\n                            <a href=\"https:\/\/bodyshapenutrition.eu\/de\/product\/power-vegan-protein-shake-banana\/\"><span class=\"xb-item--cart-icon\"><img decoding=\"async\"\r\n                                            src=\"https:\/\/bodyshapenutrition.eu\/de\/wp-content\/plugins\/purefit-core\/assets\/img\/bag.svg\" alt=\"\"><\/span><span class=\"xb-item--cart\">add to cart<\/span><\/a>\r\n                        <\/div>\r\n                    <\/div>\r\n                                    <div class=\"swiper-slide product-item text-center\">\r\n                        <div class=\"xb-item--img\">\r\n                            <a href=\"https:\/\/bodyshapenutrition.eu\/de\/product\/collagen-shake-strawberry\/\"><img decoding=\"async\" src=\"https:\/\/bodyshapenutrition.eu\/de\/wp-content\/uploads\/2024\/08\/BodyShape-Protein-Bag-Collagen-Strawberry-mock-up-1.png\" alt=\"img\"><\/a>\r\n                        <\/div>\r\n                        <div class=\"xb-item--holder\">\r\n                            <h3 class=\"xb-item--title\"><a href=\"https:\/\/bodyshapenutrition.eu\/de\/product\/collagen-shake-strawberry\/\">Collagen Shake Strawberry<\/a><\/h3>\r\n                            <div class=\"xb-item--rating-inner ul_li_center\">\r\n                                <div class=\"xb-item--rating ul_li\">\r\n                                    <i class=\"far fa-star\"><\/i><i class=\"far fa-star\"><\/i><i class=\"far fa-star\"><\/i><i class=\"far fa-star\"><\/i><i class=\"far fa-star\"><\/i>                                <\/div>\r\n                                <span>(0)<\/span>\r\n                            <\/div>\r\n                                                    <\/div>\r\n                        <div class=\"xb-item--action ul_li mt-20\">\r\n                            <span class=\"xb-item--price\"><span class=\"woocommerce-Price-amount amount\"><span class=\"woocommerce-Price-currencySymbol\">&euro;<\/span>300.00<\/span><\/span>\r\n                            <a href=\"https:\/\/bodyshapenutrition.eu\/de\/product\/collagen-shake-strawberry\/\"><span class=\"xb-item--cart-icon\"><img decoding=\"async\"\r\n                                            src=\"https:\/\/bodyshapenutrition.eu\/de\/wp-content\/plugins\/purefit-core\/assets\/img\/bag.svg\" alt=\"\"><\/span><span class=\"xb-item--cart\">add to cart<\/span><\/a>\r\n                        <\/div>\r\n                    <\/div>\r\n                            <\/div>\r\n        <\/div>\r\n        \t\t<\/div>\n\t\t\t\t<\/div>\n\t\t\t\t<div class=\"elementor-element elementor-element-5f762bb elementor-widget elementor-widget-text-editor\" data-id=\"5f762bb\" data-element_type=\"widget\" data-widget_type=\"text-editor.default\">\n\t\t\t\t<div class=\"elementor-widget-container\">\n\t\t\t\t\t\t\t<p><span style=\"color: #000000;\"><b>Warum sollten Sie sich f\u00fcr BodyShape Nutrition Protein entscheiden?<br \/><\/b>Unsere Proteinshakes, einschlie\u00dflich unserer besten Proteinshakes auf pflanzlicher Basis, sind darauf ausgelegt, Muskelwachstum, Regeneration und die allgemeine Gesundheit zu unterst\u00fctzen. Diese hochwertigen Proteinshakes sind perfekt, egal ob Sie einen Proteinshake zur Muskelregeneration nach einem harten Training oder einen Proteinshake nach oder vor dem Training ben\u00f6tigen, um Ihre Leistung zu steigern. Mit sorgf\u00e4ltig ausgew\u00e4hlten Proteinquellen helfen Ihnen unsere Produkte, Ihre Fitnessziele zu erreichen und einen gesunden Lebensstil beizubehalten.<\/span><\/p><p><span style=\"color: #000000;\"><b>Wie profitiert Ihr K\u00f6rper von Protein?<br \/><\/b>Protein ist f\u00fcr die Muskelreparatur, das Muskelwachstum und die allgemeine K\u00f6rperfunktion unerl\u00e4sslich. Unsere Proteinshakes liefern die notwendigen N\u00e4hrstoffe, um diese Prozesse zu unterst\u00fctzen und Ihnen zu helfen, stark und energiegeladen zu bleiben. Zu wissen, wann Sie einen Proteinshake zu sich nehmen sollten, kann einen erheblichen Unterschied auf Ihrem Weg zur Fitness ausmachen. F\u00fcr optimale Ergebnisse w\u00e4hlen viele Fitnessbegeisterte je nach ihren spezifischen Bed\u00fcrfnissen einen Proteinshake nach oder vor dem Training.<\/span><\/p><p><span style=\"color: #000000;\"><b>Was zeichnet unsere Proteinprodukte aus?<br \/><\/b>Die Proteinshakes von BodyShape Nutrition werden aus erstklassigen Zutaten hergestellt, um maximale Wirksamkeit und Geschmack zu gew\u00e4hrleisten. Sie sind leicht verdaulich und daher perfekt f\u00fcr die Regeneration nach dem Training oder die t\u00e4gliche Ern\u00e4hrungsunterst\u00fctzung. Unsere besten Proteinshakes auf pflanzlicher Basis bieten eine saubere und nachhaltige Proteinquelle, frei von k\u00fcnstlichen Zusatzstoffen. Egal, ob Sie einen Proteinshake zur Muskelregeneration oder als regelm\u00e4\u00dfigen Bestandteil Ihrer Ern\u00e4hrung verwenden, Sie k\u00f6nnen darauf vertrauen, dass unsere Produkte Ihnen die N\u00e4hrstoffe liefern, die Sie brauchen.<\/span><\/p><p><span style=\"color: #000000;\">Wann Sie einen Proteinshake f\u00fcr optimale Ergebnisse zu sich nehmen sollten<\/span><br \/><span style=\"color: #000000;\">Zu wissen, wann Sie einen Proteinshake zu sich nehmen sollten, ist entscheidend, um seine Vorteile zu maximieren. Ein Proteinshake nach oder vor dem Training kann Ihre Muskeln mit den essentiellen N\u00e4hrstoffen versorgen, die sie f\u00fcr die Regeneration und das Wachstum ben\u00f6tigen. Die Einnahme eines Proteinshakes zur Muskelregeneration kurz nach dem Training hilft, die Energiespeicher wieder aufzuf\u00fcllen und unterst\u00fctzt die Muskelsynthese, w\u00e4hrend die Einnahme eines Shakes vor dem Training sicherstellen kann, dass Ihr K\u00f6rper den Treibstoff hat, den er braucht, um H\u00f6chstleistungen zu erbringen.<\/span><\/p>\t\t\t\t\t\t<\/div>\n\t\t\t\t<\/div>\n\t\t\t\t\t<\/div>\n\t\t<\/div>\n\t\t\t\t\t<\/div>\n\t\t<\/section>\n\t\t\t\t<\/div>\n\t\t","protected":false},"excerpt":{"rendered":"<p>Protein Nach Kategorie St\u00e4rke f\u00f6rdern, Wachstum optimieren Overview:Bei BodyhSape Nutrition bietet unsere Kategorie \u201eProtein\u201c eine vielf\u00e4ltige Auswahl an hochwertigen Proteinshakes und -produkten, die Ihre Fitnessziele, die Muskelregeneration und die allgemeine Gesundheit unterst\u00fctzen. Egal, ob Sie ein Sportler sind, der seine Leistung steigern m\u00f6chte, jemand, der Muskeln aufbauen m\u00f6chte, oder einfach nur eine ausreichende t\u00e4gliche Proteinzufuhr [&hellip;]<\/p>\n","protected":false},"author":1,"featured_media":0,"parent":0,"menu_order":0,"comment_status":"closed","ping_status":"closed","template":"","meta":{"inline_featured_image":false,"_uag_custom_page_level_css":"","footnotes":""},"class_list":["post-2344","page","type-page","status-publish","hentry"],"uagb_featured_image_src":{"full":false,"thumbnail":false,"medium":false,"medium_large":false,"large":false,"1536x1536":false,"2048x2048":false,"purefit-large":false,"purefit-medium":false,"purefit-blog":false,"woocommerce_thumbnail":false,"woocommerce_single":false,"woocommerce_gallery_thumbnail":false},"uagb_author_info":{"display_name":"metasticworld","author_link":"https:\/\/bodyshapenutrition.eu\/de\/author\/metasticworld\/"},"uagb_comment_info":0,"uagb_excerpt":"Protein Nach Kategorie St\u00e4rke f\u00f6rdern, Wachstum optimieren Overview:Bei BodyhSape Nutrition bietet unsere Kategorie \u201eProtein\u201c eine vielf\u00e4ltige Auswahl an hochwertigen Proteinshakes und -produkten, die Ihre Fitnessziele, die Muskelregeneration und die allgemeine Gesundheit unterst\u00fctzen. Egal, ob Sie ein Sportler sind, der seine Leistung steigern m\u00f6chte, jemand, der Muskeln aufbauen m\u00f6chte, oder einfach nur eine ausreichende t\u00e4gliche Proteinzufuhr&hellip;","_links":{"self":[{"href":"https:\/\/bodyshapenutrition.eu\/de\/wp-json\/wp\/v2\/pages\/2344"}],"collection":[{"href":"https:\/\/bodyshapenutrition.eu\/de\/wp-json\/wp\/v2\/pages"}],"about":[{"href":"https:\/\/bodyshapenutrition.eu\/de\/wp-json\/wp\/v2\/types\/page"}],"author":[{"embeddable":true,"href":"https:\/\/bodyshapenutrition.eu\/de\/wp-json\/wp\/v2\/users\/1"}],"replies":[{"embeddable":true,"href":"https:\/\/bodyshapenutrition.eu\/de\/wp-json\/wp\/v2\/comments?post=2344"}],"version-history":[{"count":28,"href":"https:\/\/bodyshapenutrition.eu\/de\/wp-json\/wp\/v2\/pages\/2344\/revisions"}],"predecessor-version":[{"id":2782,"href":"https:\/\/bodyshapenutrition.eu\/de\/wp-json\/wp\/v2\/pages\/2344\/revisions\/2782"}],"wp:attachment":[{"href":"https:\/\/bodyshapenutrition.eu\/de\/wp-json\/wp\/v2\/media?parent=2344"}],"curies":[{"name":"wp","href":"https:\/\/api.w.org\/{rel}","templated":true}]}}