{"id":2234,"date":"2024-07-26T08:21:36","date_gmt":"2024-07-26T08:21:36","guid":{"rendered":"https:\/\/check.metastic.world\/?page_id=2234"},"modified":"2024-11-28T08:01:00","modified_gmt":"2024-11-28T08:01:00","slug":"build-muscle","status":"publish","type":"page","link":"https:\/\/bodyshapenutrition.eu\/de\/build-muscle\/","title":{"rendered":"Build Muscle"},"content":{"rendered":"\t\t<div data-elementor-type=\"wp-page\" data-elementor-id=\"2234\" class=\"elementor elementor-2234\">\n\t\t\t\t\t\t<section class=\"elementor-section elementor-top-section elementor-element elementor-element-b437775 elementor-section-full_width elementor-section-stretched elementor-section-height-default elementor-section-height-default\" data-id=\"b437775\" data-element_type=\"section\" data-settings=\"{&quot;stretch_section&quot;:&quot;section-stretched&quot;,&quot;background_background&quot;:&quot;classic&quot;}\">\n\t\t\t\t\t\t<div class=\"elementor-container elementor-column-gap-default\">\n\t\t\t\t\t<div class=\"elementor-column elementor-col-100 elementor-top-column elementor-element elementor-element-51b505d\" data-id=\"51b505d\" data-element_type=\"column\">\n\t\t\t<div class=\"elementor-widget-wrap elementor-element-populated\">\n\t\t\t\t\t\t<div class=\"elementor-element elementor-element-d2531a6 elementor-widget elementor-widget-heading\" data-id=\"d2531a6\" data-element_type=\"widget\" data-widget_type=\"heading.default\">\n\t\t\t\t<div class=\"elementor-widget-container\">\n\t\t\t<style>\/*! elementor - v3.21.0 - 26-05-2024 *\/\n.elementor-heading-title{padding:0;margin:0;line-height:1}.elementor-widget-heading .elementor-heading-title[class*=elementor-size-]>a{color:inherit;font-size:inherit;line-height:inherit}.elementor-widget-heading .elementor-heading-title.elementor-size-small{font-size:15px}.elementor-widget-heading .elementor-heading-title.elementor-size-medium{font-size:19px}.elementor-widget-heading .elementor-heading-title.elementor-size-large{font-size:29px}.elementor-widget-heading .elementor-heading-title.elementor-size-xl{font-size:39px}.elementor-widget-heading .elementor-heading-title.elementor-size-xxl{font-size:59px}<\/style><h2 class=\"elementor-heading-title elementor-size-default\">Build Muscle<\/h2>\t\t<\/div>\n\t\t\t\t<\/div>\n\t\t\t\t\t<\/div>\n\t\t<\/div>\n\t\t\t\t\t<\/div>\n\t\t<\/section>\n\t\t\t\t<section class=\"elementor-section elementor-top-section elementor-element elementor-element-2b25536 elementor-section-boxed elementor-section-height-default elementor-section-height-default\" data-id=\"2b25536\" data-element_type=\"section\">\n\t\t\t\t\t\t<div class=\"elementor-container elementor-column-gap-default\">\n\t\t\t\t\t<div class=\"elementor-column elementor-col-100 elementor-top-column elementor-element elementor-element-7378d62\" data-id=\"7378d62\" data-element_type=\"column\">\n\t\t\t<div class=\"elementor-widget-wrap elementor-element-populated\">\n\t\t\t\t\t\t<div class=\"elementor-element elementor-element-fff1df4 elementor-widget elementor-widget-int-sec-title\" data-id=\"fff1df4\" data-element_type=\"widget\" data-widget_type=\"int-sec-title.default\">\n\t\t\t\t<div class=\"elementor-widget-container\">\n\t\t\t\r\n                <div class=\"sec-title sec-title--two\">\r\n                            <span class=\"sub-title\">Nach Ziel<\/span>\r\n                            <h2 class=\"title\">Kraft umwandeln, schnell Muskeln aufbauen<\/h2>\r\n                    <\/div>\r\n    \t\t<\/div>\n\t\t\t\t<\/div>\n\t\t\t\t<div class=\"elementor-element elementor-element-dc5ca6a elementor-widget elementor-widget-text-editor\" data-id=\"dc5ca6a\" data-element_type=\"widget\" data-widget_type=\"text-editor.default\">\n\t\t\t\t<div class=\"elementor-widget-container\">\n\t\t\t<style>\/*! elementor - v3.21.0 - 26-05-2024 *\/\n.elementor-widget-text-editor.elementor-drop-cap-view-stacked .elementor-drop-cap{background-color:#69727d;color:#fff}.elementor-widget-text-editor.elementor-drop-cap-view-framed .elementor-drop-cap{color:#69727d;border:3px solid;background-color:transparent}.elementor-widget-text-editor:not(.elementor-drop-cap-view-default) .elementor-drop-cap{margin-top:8px}.elementor-widget-text-editor:not(.elementor-drop-cap-view-default) .elementor-drop-cap-letter{width:1em;height:1em}.elementor-widget-text-editor .elementor-drop-cap{float:left;text-align:center;line-height:1;font-size:50px}.elementor-widget-text-editor .elementor-drop-cap-letter{display:inline-block}<\/style>\t\t\t\t<p><span style=\"color: #000000;\"><strong>Overview:<\/strong><br \/>Bei BodyShape Nutrition m\u00f6chten wir Ihnen helfen, Ihre Fitnessziele pr\u00e4zise und effizient zu erreichen. Unsere Build Muscle Fast-Kollektion ist f\u00fcr diejenigen gedacht, die ihre Kraft und ihren Muskelzuwachs maximieren m\u00f6chten. Von Premium-Nahrungserg\u00e4nzungsmitteln bis hin zu erstklassiger Trainingsausr\u00fcstung wird jedes Produkt sorgf\u00e4ltig ausgew\u00e4hlt, um Sie beim Muskelaufbau zu unterst\u00fctzen. Egal, ob Sie ein erfahrener Sportler sind oder gerade erst anfangen, BodyShape Nutrition bietet die besten Muskelaufbau-Shakes und -Grundnahrungsmittel, die Sie ben\u00f6tigen, um Ihre Kraft zu steigern und den K\u00f6rper zu formen, den Sie sich immer gew\u00fcnscht haben.<br \/><\/span><\/p>\t\t\t\t\t\t<\/div>\n\t\t\t\t<\/div>\n\t\t\t\t\t<\/div>\n\t\t<\/div>\n\t\t\t\t\t<\/div>\n\t\t<\/section>\n\t\t\t\t<section class=\"elementor-section elementor-top-section elementor-element elementor-element-aae4163 elementor-section-boxed elementor-section-height-default elementor-section-height-default\" data-id=\"aae4163\" data-element_type=\"section\">\n\t\t\t\t\t\t<div class=\"elementor-container elementor-column-gap-default\">\n\t\t\t\t\t<div class=\"elementor-column elementor-col-100 elementor-top-column elementor-element elementor-element-2f40884\" data-id=\"2f40884\" data-element_type=\"column\">\n\t\t\t<div class=\"elementor-widget-wrap elementor-element-populated\">\n\t\t\t\t\t\t<div class=\"elementor-element elementor-element-1109d92 elementor-widget elementor-widget-int-products\" data-id=\"1109d92\" data-element_type=\"widget\" data-widget_type=\"int-products.default\">\n\t\t\t\t<div class=\"elementor-widget-container\">\n\t\t\t        <div class=\"product-slider swiper-container\">\r\n            <div class=\"swiper-wrapper\">\r\n\r\n                                    <div class=\"swiper-slide product-item text-center\">\r\n                        <div class=\"xb-item--img\">\r\n                            <a href=\"https:\/\/bodyshapenutrition.eu\/de\/product\/power-whey-protein-shake-banana\/\"><img decoding=\"async\" src=\"https:\/\/bodyshapenutrition.eu\/de\/wp-content\/uploads\/2024\/08\/BodyShape-Protein-Bag-Banana-mock-up-2.png\" alt=\"img\"><\/a>\r\n                        <\/div>\r\n                        <div class=\"xb-item--holder\">\r\n                            <h3 class=\"xb-item--title\"><a href=\"https:\/\/bodyshapenutrition.eu\/de\/product\/power-whey-protein-shake-banana\/\">Power Whey Protein Shake Banana<\/a><\/h3>\r\n                            <div class=\"xb-item--rating-inner ul_li_center\">\r\n                                <div class=\"xb-item--rating ul_li\">\r\n                                    <i class=\"far fa-star\"><\/i><i class=\"far fa-star\"><\/i><i class=\"far fa-star\"><\/i><i class=\"far fa-star\"><\/i><i class=\"far fa-star\"><\/i>                                <\/div>\r\n                                <span>(0)<\/span>\r\n                            <\/div>\r\n                                                    <\/div>\r\n                        <div class=\"xb-item--action ul_li mt-20\">\r\n                            <span class=\"xb-item--price\"><span class=\"woocommerce-Price-amount amount\"><span class=\"woocommerce-Price-currencySymbol\">&euro;<\/span>230.00<\/span><\/span>\r\n                            <a href=\"https:\/\/bodyshapenutrition.eu\/de\/product\/power-whey-protein-shake-banana\/\"><span class=\"xb-item--cart-icon\"><img decoding=\"async\"\r\n                                            src=\"https:\/\/bodyshapenutrition.eu\/de\/wp-content\/plugins\/purefit-core\/assets\/img\/bag.svg\" alt=\"\"><\/span><span class=\"xb-item--cart\">add to cart<\/span><\/a>\r\n                        <\/div>\r\n                    <\/div>\r\n                                    <div class=\"swiper-slide product-item text-center\">\r\n                        <div class=\"xb-item--img\">\r\n                            <a href=\"https:\/\/bodyshapenutrition.eu\/de\/product\/power-vegan-protein-shake-salted-caramel\/\"><img decoding=\"async\" src=\"https:\/\/bodyshapenutrition.eu\/de\/wp-content\/uploads\/2024\/08\/BodyShape-Protein-Bag-Vegan-Salted-Caramel-mock-up-1.png\" alt=\"img\"><\/a>\r\n                        <\/div>\r\n                        <div class=\"xb-item--holder\">\r\n                            <h3 class=\"xb-item--title\"><a href=\"https:\/\/bodyshapenutrition.eu\/de\/product\/power-vegan-protein-shake-salted-caramel\/\">Power Vegan Protein Shake Salted Caramel<\/a><\/h3>\r\n                            <div class=\"xb-item--rating-inner ul_li_center\">\r\n                                <div class=\"xb-item--rating ul_li\">\r\n                                    <i class=\"far fa-star\"><\/i><i class=\"far fa-star\"><\/i><i class=\"far fa-star\"><\/i><i class=\"far fa-star\"><\/i><i class=\"far fa-star\"><\/i>                                <\/div>\r\n                                <span>(0)<\/span>\r\n                            <\/div>\r\n                                                    <\/div>\r\n                        <div class=\"xb-item--action ul_li mt-20\">\r\n                            <span class=\"xb-item--price\"><span class=\"woocommerce-Price-amount amount\"><span class=\"woocommerce-Price-currencySymbol\">&euro;<\/span>400.00<\/span><\/span>\r\n                            <a href=\"https:\/\/bodyshapenutrition.eu\/de\/product\/power-vegan-protein-shake-salted-caramel\/\"><span class=\"xb-item--cart-icon\"><img decoding=\"async\"\r\n                                            src=\"https:\/\/bodyshapenutrition.eu\/de\/wp-content\/plugins\/purefit-core\/assets\/img\/bag.svg\" alt=\"\"><\/span><span class=\"xb-item--cart\">add to cart<\/span><\/a>\r\n                        <\/div>\r\n                    <\/div>\r\n                                    <div class=\"swiper-slide product-item text-center\">\r\n                        <div class=\"xb-item--img\">\r\n                            <a href=\"https:\/\/bodyshapenutrition.eu\/de\/product\/power-vegan-protein-shake-banana\/\"><img decoding=\"async\" src=\"https:\/\/bodyshapenutrition.eu\/de\/wp-content\/uploads\/2024\/08\/BodyShape-Protein-Bag-Vegan-Banana-mock-up-1.png\" alt=\"img\"><\/a>\r\n                        <\/div>\r\n                        <div class=\"xb-item--holder\">\r\n                            <h3 class=\"xb-item--title\"><a href=\"https:\/\/bodyshapenutrition.eu\/de\/product\/power-vegan-protein-shake-banana\/\">Power Vegan Protein Shake Banana<\/a><\/h3>\r\n                            <div class=\"xb-item--rating-inner ul_li_center\">\r\n                                <div class=\"xb-item--rating ul_li\">\r\n                                    <i class=\"far fa-star\"><\/i><i class=\"far fa-star\"><\/i><i class=\"far fa-star\"><\/i><i class=\"far fa-star\"><\/i><i class=\"far fa-star\"><\/i>                                <\/div>\r\n                                <span>(0)<\/span>\r\n                            <\/div>\r\n                                                    <\/div>\r\n                        <div class=\"xb-item--action ul_li mt-20\">\r\n                            <span class=\"xb-item--price\"><span class=\"woocommerce-Price-amount amount\"><span class=\"woocommerce-Price-currencySymbol\">&euro;<\/span>300.00<\/span><\/span>\r\n                            <a href=\"https:\/\/bodyshapenutrition.eu\/de\/product\/power-vegan-protein-shake-banana\/\"><span class=\"xb-item--cart-icon\"><img decoding=\"async\"\r\n                                            src=\"https:\/\/bodyshapenutrition.eu\/de\/wp-content\/plugins\/purefit-core\/assets\/img\/bag.svg\" alt=\"\"><\/span><span class=\"xb-item--cart\">add to cart<\/span><\/a>\r\n                        <\/div>\r\n                    <\/div>\r\n                                    <div class=\"swiper-slide product-item text-center\">\r\n                        <div class=\"xb-item--img\">\r\n                            <a href=\"https:\/\/bodyshapenutrition.eu\/de\/product\/collagen-shake-strawberry\/\"><img decoding=\"async\" src=\"https:\/\/bodyshapenutrition.eu\/de\/wp-content\/uploads\/2024\/08\/BodyShape-Protein-Bag-Collagen-Strawberry-mock-up-1.png\" alt=\"img\"><\/a>\r\n                        <\/div>\r\n                        <div class=\"xb-item--holder\">\r\n                            <h3 class=\"xb-item--title\"><a href=\"https:\/\/bodyshapenutrition.eu\/de\/product\/collagen-shake-strawberry\/\">Collagen Shake Strawberry<\/a><\/h3>\r\n                            <div class=\"xb-item--rating-inner ul_li_center\">\r\n                                <div class=\"xb-item--rating ul_li\">\r\n                                    <i class=\"far fa-star\"><\/i><i class=\"far fa-star\"><\/i><i class=\"far fa-star\"><\/i><i class=\"far fa-star\"><\/i><i class=\"far fa-star\"><\/i>                                <\/div>\r\n                                <span>(0)<\/span>\r\n                            <\/div>\r\n                                                    <\/div>\r\n                        <div class=\"xb-item--action ul_li mt-20\">\r\n                            <span class=\"xb-item--price\"><span class=\"woocommerce-Price-amount amount\"><span class=\"woocommerce-Price-currencySymbol\">&euro;<\/span>300.00<\/span><\/span>\r\n                            <a href=\"https:\/\/bodyshapenutrition.eu\/de\/product\/collagen-shake-strawberry\/\"><span class=\"xb-item--cart-icon\"><img decoding=\"async\"\r\n                                            src=\"https:\/\/bodyshapenutrition.eu\/de\/wp-content\/plugins\/purefit-core\/assets\/img\/bag.svg\" alt=\"\"><\/span><span class=\"xb-item--cart\">add to cart<\/span><\/a>\r\n                        <\/div>\r\n                    <\/div>\r\n                            <\/div>\r\n        <\/div>\r\n        \t\t<\/div>\n\t\t\t\t<\/div>\n\t\t\t\t<div class=\"elementor-element elementor-element-7c87088 elementor-widget elementor-widget-text-editor\" data-id=\"7c87088\" data-element_type=\"widget\" data-widget_type=\"text-editor.default\">\n\t\t\t\t<div class=\"elementor-widget-container\">\n\t\t\t\t\t\t\t<p><b><span style=\"color: #000000;\">Warum sollten Sie sich f\u00fcr die Muskelaufbaupr\u00e4parate von BodyShape Nutrition entscheiden?<\/span><br \/><\/b><span style=\"color: #000000;\">Wir bei BodyShape Nutrition wissen, dass Muskelaufbau mehr als nur ein Ziel ist; es ist eine Verpflichtung auf Ihrem Weg zur Fitness. Unser Sortiment an Muskelaufbaupr\u00e4paraten, einschlie\u00dflich unserer besten Proteinshakes zum Muskelaufbau, wurde sorgf\u00e4ltig zusammengestellt, um die Bed\u00fcrfnisse Ihres K\u00f6rpers zu erf\u00fcllen. Ob Sie sich fragen, ob Proteinshakes beim Muskelaufbau helfen, oder ob Sie von den Vorteilen \u00fcberzeugt sind, die Wahl unserer Produkte stellt sicher, dass Ihr K\u00f6rper die notwendigen N\u00e4hrstoffe erh\u00e4lt, um Muskelgewebe zu reparieren und aufzubauen. Dies verbessert Ihre Trainingsergebnisse und hilft Ihnen, Ihre Fitnessziele schneller und effektiver zu erreichen.<\/span><\/p><p><b><span style=\"color: #000000;\">Wie f\u00f6rdern unsere Nahrungserg\u00e4nzungsmittel Ihr Muskelwachstum?<\/span><br \/><\/b><span style=\"color: #000000;\">Wir bei BodyShape Nutrition wissen, dass Muskelaufbau mehr als nur ein Ziel ist; es ist eine Verpflichtung auf Ihrem Weg zur Fitness. Unser Sortiment an Muskelaufbaupr\u00e4paraten, einschlie\u00dflich unserer besten Proteinshakes zum Muskelaufbau, wurde sorgf\u00e4ltig zusammengestellt, um die Bed\u00fcrfnisse Ihres K\u00f6rpers zu erf\u00fcllen. Ob Sie sich fragen, ob Proteinshakes beim Muskelaufbau helfen, oder ob Sie von den Vorteilen \u00fcberzeugt sind: Wenn Sie sich f\u00fcr unsere Produkte entscheiden, stellen Sie sicher, dass Ihr K\u00f6rper die notwendigen N\u00e4hrstoffe erh\u00e4lt, um Muskelgewebe zu reparieren und aufzubauen. Dies verbessert Ihre Trainingsergebnisse und hilft Ihnen, Ihre Fitnessziele schneller und effektiver zu erreichen.<\/span><\/p><p><span style=\"color: #000000;\"><b>Was macht BodyShape Nutrition Shakes ideal f\u00fcr den Muskelaufbau?<\/b><\/span><\/p><p><span style=\"color: #000000;\">Unsere Muskelaufbau-Shakes sind nicht nur eine praktische Option nach dem Training; sie sind ein Kraftpaket an N\u00e4hrstoffen, die eine entscheidende Rolle bei der Muskelregeneration und dem Muskelwachstum spielen. BodyShape Nutrition Shakes sind vollgepackt mit hochwertigem Protein, Vitaminen und Mineralien und wurden so konzipiert, dass sie schnell vom K\u00f6rper aufgenommen werden und Ihre Muskeln sofort mit N\u00e4hrstoffen versorgen. Ob Sie nach einem Mahlzeitenersatz oder einem schnellen Energieschub suchen, unsere besten Proteinshakes zum Muskelaufbau sind darauf zugeschnitten, Ihnen zu helfen, Ihre Muskelaufbauziele zu erreichen, ohne Kompromisse bei Geschmack oder Ern\u00e4hrung eingehen zu m\u00fcssen.<\/span><\/p><p><b><span style=\"color: #000000;\">K\u00f6nnen unsere Produkte Ihnen helfen, Plateaus auf Ihrem Weg zum Muskelaufbau zu \u00fcberwinden?<\/span><br \/><\/b><span style=\"color: #000000;\">Es kann frustrierend sein, auf Ihrem Weg zum Muskelaufbau ein Plateau zu erreichen, aber mit BodyShape Nutrition haben Sie die Werkzeuge, um weiterzumachen und Fortschritte zu machen. Unsere Nahrungserg\u00e4nzungsmittel und Muskelaufbau-Shakes sind so formuliert, dass sie Stoffwechselprozesse unterst\u00fctzen, die helfen k\u00f6nnen, diese Plateaus zu durchbrechen, und Ihren Muskeln den zus\u00e4tzlichen Treibstoff bieten, den sie brauchen, um weiter zu wachsen. Indem Sie unsere besten Muskelaufbau-Shakes in Ihre Routine einbauen, k\u00f6nnen Sie konstante Zuw\u00e4chse aufrechterhalten und Ihre Motivation hoch halten, sodass Ihrem Wunschk\u00f6rper nichts im Wege steht.<\/span><\/p><p><span style=\"color: #000000;\"><b>Sind Proteinshakes notwendig, um Muskeln aufzubauen?<\/b><\/span><\/p><p><span style=\"color: #000000;\">Obwohl Proteinshakes nicht unbedingt notwendig sind, um Muskeln aufzubauen, sind sie eine unglaublich praktische und effektive M\u00f6glichkeit, um sicherzustellen, dass Sie genug Protein in Ihrer Ern\u00e4hrung haben. F\u00fcr diejenigen, die Schwierigkeiten haben, ihren t\u00e4glichen Proteinbedarf allein durch Nahrung zu decken, k\u00f6nnen Proteinshakes den zus\u00e4tzlichen Schub geben, der f\u00fcr das Muskelwachstum und die Regeneration erforderlich ist, und sind daher eine wertvolle Erg\u00e4nzung Ihrer Fitnessroutine.<\/span><\/p><p><span style=\"color: #000000;\"><b>Helfen Proteinshakes beim Muskelaufbau?<\/b><\/span><\/p><p><span style=\"color: #000000;\">Ja, Proteinshakes helfen beim Muskelaufbau, indem sie Ihren K\u00f6rper mit den notwendigen Aminos\u00e4uren versorgen, die die Muskelreparatur und das Muskelwachstum nach dem Training unterst\u00fctzen. Durch die Einnahme eines Proteinshakes nach dem Training stellen Sie sicher, dass Ihre Muskeln die N\u00e4hrstoffe erhalten, die sie zur Erholung und St\u00e4rkung ben\u00f6tigen.<\/span><\/p>\t\t\t\t\t\t<\/div>\n\t\t\t\t<\/div>\n\t\t\t\t\t<\/div>\n\t\t<\/div>\n\t\t\t\t\t<\/div>\n\t\t<\/section>\n\t\t\t\t<\/div>\n\t\t","protected":false},"excerpt":{"rendered":"<p>Build Muscle Nach Ziel Kraft umwandeln, schnell Muskeln aufbauen Overview:Bei BodyShape Nutrition m\u00f6chten wir Ihnen helfen, Ihre Fitnessziele pr\u00e4zise und effizient zu erreichen. Unsere Build Muscle Fast-Kollektion ist f\u00fcr diejenigen gedacht, die ihre Kraft und ihren Muskelzuwachs maximieren m\u00f6chten. Von Premium-Nahrungserg\u00e4nzungsmitteln bis hin zu erstklassiger Trainingsausr\u00fcstung wird jedes Produkt sorgf\u00e4ltig ausgew\u00e4hlt, um Sie beim Muskelaufbau [&hellip;]<\/p>\n","protected":false},"author":1,"featured_media":0,"parent":0,"menu_order":0,"comment_status":"closed","ping_status":"closed","template":"","meta":{"inline_featured_image":false,"_uag_custom_page_level_css":"","footnotes":""},"class_list":["post-2234","page","type-page","status-publish","hentry"],"uagb_featured_image_src":{"full":false,"thumbnail":false,"medium":false,"medium_large":false,"large":false,"1536x1536":false,"2048x2048":false,"purefit-large":false,"purefit-medium":false,"purefit-blog":false,"woocommerce_thumbnail":false,"woocommerce_single":false,"woocommerce_gallery_thumbnail":false},"uagb_author_info":{"display_name":"metasticworld","author_link":"https:\/\/bodyshapenutrition.eu\/de\/author\/metasticworld\/"},"uagb_comment_info":0,"uagb_excerpt":"Build Muscle Nach Ziel Kraft umwandeln, schnell Muskeln aufbauen Overview:Bei BodyShape Nutrition m\u00f6chten wir Ihnen helfen, Ihre Fitnessziele pr\u00e4zise und effizient zu erreichen. Unsere Build Muscle Fast-Kollektion ist f\u00fcr diejenigen gedacht, die ihre Kraft und ihren Muskelzuwachs maximieren m\u00f6chten. Von Premium-Nahrungserg\u00e4nzungsmitteln bis hin zu erstklassiger Trainingsausr\u00fcstung wird jedes Produkt sorgf\u00e4ltig ausgew\u00e4hlt, um Sie beim Muskelaufbau&hellip;","_links":{"self":[{"href":"https:\/\/bodyshapenutrition.eu\/de\/wp-json\/wp\/v2\/pages\/2234"}],"collection":[{"href":"https:\/\/bodyshapenutrition.eu\/de\/wp-json\/wp\/v2\/pages"}],"about":[{"href":"https:\/\/bodyshapenutrition.eu\/de\/wp-json\/wp\/v2\/types\/page"}],"author":[{"embeddable":true,"href":"https:\/\/bodyshapenutrition.eu\/de\/wp-json\/wp\/v2\/users\/1"}],"replies":[{"embeddable":true,"href":"https:\/\/bodyshapenutrition.eu\/de\/wp-json\/wp\/v2\/comments?post=2234"}],"version-history":[{"count":40,"href":"https:\/\/bodyshapenutrition.eu\/de\/wp-json\/wp\/v2\/pages\/2234\/revisions"}],"predecessor-version":[{"id":2794,"href":"https:\/\/bodyshapenutrition.eu\/de\/wp-json\/wp\/v2\/pages\/2234\/revisions\/2794"}],"wp:attachment":[{"href":"https:\/\/bodyshapenutrition.eu\/de\/wp-json\/wp\/v2\/media?parent=2234"}],"curies":[{"name":"wp","href":"https:\/\/api.w.org\/{rel}","templated":true}]}}