{"id":2225,"date":"2024-07-26T08:17:31","date_gmt":"2024-07-26T08:17:31","guid":{"rendered":"https:\/\/check.metastic.world\/?page_id=2225"},"modified":"2024-08-17T06:37:19","modified_gmt":"2024-08-17T06:37:19","slug":"loose-weight","status":"publish","type":"page","link":"https:\/\/bodyshapenutrition.eu\/de\/loose-weight\/","title":{"rendered":"Loose Weight"},"content":{"rendered":"\t\t<div data-elementor-type=\"wp-page\" data-elementor-id=\"2225\" class=\"elementor elementor-2225\">\n\t\t\t\t\t\t<section class=\"elementor-section elementor-top-section elementor-element elementor-element-cf11b01 elementor-section-full_width elementor-section-stretched elementor-section-height-default elementor-section-height-default\" data-id=\"cf11b01\" data-element_type=\"section\" data-settings=\"{&quot;stretch_section&quot;:&quot;section-stretched&quot;,&quot;background_background&quot;:&quot;classic&quot;}\">\n\t\t\t\t\t\t<div class=\"elementor-container elementor-column-gap-default\">\n\t\t\t\t\t<div class=\"elementor-column elementor-col-100 elementor-top-column elementor-element elementor-element-bf51373\" data-id=\"bf51373\" data-element_type=\"column\">\n\t\t\t<div class=\"elementor-widget-wrap elementor-element-populated\">\n\t\t\t\t\t\t<div class=\"elementor-element elementor-element-2018a2a elementor-widget elementor-widget-heading\" data-id=\"2018a2a\" data-element_type=\"widget\" data-widget_type=\"heading.default\">\n\t\t\t\t<div class=\"elementor-widget-container\">\n\t\t\t<style>\/*! elementor - v3.21.0 - 26-05-2024 *\/\n.elementor-heading-title{padding:0;margin:0;line-height:1}.elementor-widget-heading .elementor-heading-title[class*=elementor-size-]>a{color:inherit;font-size:inherit;line-height:inherit}.elementor-widget-heading .elementor-heading-title.elementor-size-small{font-size:15px}.elementor-widget-heading .elementor-heading-title.elementor-size-medium{font-size:19px}.elementor-widget-heading .elementor-heading-title.elementor-size-large{font-size:29px}.elementor-widget-heading .elementor-heading-title.elementor-size-xl{font-size:39px}.elementor-widget-heading .elementor-heading-title.elementor-size-xxl{font-size:59px}<\/style><h2 class=\"elementor-heading-title elementor-size-default\">Loose weight<\/h2>\t\t<\/div>\n\t\t\t\t<\/div>\n\t\t\t\t\t<\/div>\n\t\t<\/div>\n\t\t\t\t\t<\/div>\n\t\t<\/section>\n\t\t\t\t<section class=\"elementor-section elementor-top-section elementor-element elementor-element-eb9eab3 elementor-section-boxed elementor-section-height-default elementor-section-height-default\" data-id=\"eb9eab3\" data-element_type=\"section\">\n\t\t\t\t\t\t<div class=\"elementor-container elementor-column-gap-default\">\n\t\t\t\t\t<div class=\"elementor-column elementor-col-100 elementor-top-column elementor-element elementor-element-9963a04\" data-id=\"9963a04\" data-element_type=\"column\">\n\t\t\t<div class=\"elementor-widget-wrap elementor-element-populated\">\n\t\t\t\t\t\t<div class=\"elementor-element elementor-element-a4a4aba elementor-widget elementor-widget-int-sec-title\" data-id=\"a4a4aba\" data-element_type=\"widget\" data-widget_type=\"int-sec-title.default\">\n\t\t\t\t<div class=\"elementor-widget-container\">\n\t\t\t\r\n                <div class=\"sec-title sec-title--two\">\r\n                            <span class=\"sub-title\">Nach Ziel<\/span>\r\n                            <h2 class=\"title\">Verlieren Sie Pfunde und gewinnen Sie schnell an Selbstvertrauen<\/h2>\r\n                    <\/div>\r\n    \t\t<\/div>\n\t\t\t\t<\/div>\n\t\t\t\t<div class=\"elementor-element elementor-element-2403ce3 elementor-widget elementor-widget-text-editor\" data-id=\"2403ce3\" data-element_type=\"widget\" data-widget_type=\"text-editor.default\">\n\t\t\t\t<div class=\"elementor-widget-container\">\n\t\t\t<style>\/*! elementor - v3.21.0 - 26-05-2024 *\/\n.elementor-widget-text-editor.elementor-drop-cap-view-stacked .elementor-drop-cap{background-color:#69727d;color:#fff}.elementor-widget-text-editor.elementor-drop-cap-view-framed .elementor-drop-cap{color:#69727d;border:3px solid;background-color:transparent}.elementor-widget-text-editor:not(.elementor-drop-cap-view-default) .elementor-drop-cap{margin-top:8px}.elementor-widget-text-editor:not(.elementor-drop-cap-view-default) .elementor-drop-cap-letter{width:1em;height:1em}.elementor-widget-text-editor .elementor-drop-cap{float:left;text-align:center;line-height:1;font-size:50px}.elementor-widget-text-editor .elementor-drop-cap-letter{display:inline-block}<\/style>\t\t\t\t<p><span style=\"color: #000000;\"><strong>Overview:<\/strong><br \/>Bei BodyShape Nutrition ist unsere \u201eLose Weight\u201c-Kollektion auf diejenigen zugeschnitten, die \u00fcbersch\u00fcssige Pfunde verlieren und ihr Idealgewicht erreichen m\u00f6chten. Dieses sorgf\u00e4ltig ausgew\u00e4hlte Sortiment umfasst fettverbrennende Nahrungserg\u00e4nzungsmittel, gesunde Mahlzeitenersatzprodukte, Abnehmshakes, Fitnessger\u00e4te und Lifestyle-Ratgeber, die Ihnen dabei helfen sollen, effektiv und nachhaltig abzunehmen. Egal, ob Sie Ihre Gewichtsabnahme ankurbeln, ein Plateau durchbrechen oder Ihren Fortschritt einhalten m\u00f6chten, unsere Produkte unterst\u00fctzen Sie bei jedem Schritt auf dem Weg. Mit BodyShape Nutrition wird das Abnehmen zu einer \u00fcberschaubaren und lohnenden Erfahrung.<br \/><\/span><\/p>\t\t\t\t\t\t<\/div>\n\t\t\t\t<\/div>\n\t\t\t\t\t<\/div>\n\t\t<\/div>\n\t\t\t\t\t<\/div>\n\t\t<\/section>\n\t\t\t\t<section class=\"elementor-section elementor-top-section elementor-element elementor-element-006d16a elementor-section-boxed elementor-section-height-default elementor-section-height-default\" data-id=\"006d16a\" data-element_type=\"section\">\n\t\t\t\t\t\t<div class=\"elementor-container elementor-column-gap-default\">\n\t\t\t\t\t<div class=\"elementor-column elementor-col-100 elementor-top-column elementor-element elementor-element-7112b4c\" data-id=\"7112b4c\" data-element_type=\"column\">\n\t\t\t<div class=\"elementor-widget-wrap elementor-element-populated\">\n\t\t\t\t\t\t<div class=\"elementor-element elementor-element-e2ee992 elementor-widget elementor-widget-int-products\" data-id=\"e2ee992\" data-element_type=\"widget\" data-widget_type=\"int-products.default\">\n\t\t\t\t<div class=\"elementor-widget-container\">\n\t\t\t        <div class=\"product-slider swiper-container\">\r\n            <div class=\"swiper-wrapper\">\r\n\r\n                                    <div class=\"swiper-slide product-item text-center\">\r\n                        <div class=\"xb-item--img\">\r\n                            <a href=\"https:\/\/bodyshapenutrition.eu\/de\/product\/power-whey-protein-shake-banana\/\"><img decoding=\"async\" src=\"https:\/\/check.metastic.world\/wp-content\/uploads\/2024\/08\/BodyShape-Protein-Bag-Banana-mock-up-2.png\" alt=\"img\"><\/a>\r\n                        <\/div>\r\n                        <div class=\"xb-item--holder\">\r\n                            <h3 class=\"xb-item--title\"><a href=\"https:\/\/bodyshapenutrition.eu\/de\/product\/power-whey-protein-shake-banana\/\">Power Whey Protein Shake Banana<\/a><\/h3>\r\n                            <div class=\"xb-item--rating-inner ul_li_center\">\r\n                                <div class=\"xb-item--rating ul_li\">\r\n                                    <i class=\"far fa-star\"><\/i><i class=\"far fa-star\"><\/i><i class=\"far fa-star\"><\/i><i class=\"far fa-star\"><\/i><i class=\"far fa-star\"><\/i>                                <\/div>\r\n                                <span>(0)<\/span>\r\n                            <\/div>\r\n                                                    <\/div>\r\n                        <div class=\"xb-item--action ul_li mt-20\">\r\n                            <span class=\"xb-item--price\"><span class=\"woocommerce-Price-amount amount\"><span class=\"woocommerce-Price-currencySymbol\">&euro;<\/span>230.00<\/span><\/span>\r\n                            <a href=\"https:\/\/bodyshapenutrition.eu\/de\/product\/power-whey-protein-shake-banana\/\"><span class=\"xb-item--cart-icon\"><img decoding=\"async\"\r\n                                            src=\"https:\/\/bodyshapenutrition.eu\/de\/wp-content\/plugins\/purefit-core\/assets\/img\/bag.svg\" alt=\"\"><\/span><span class=\"xb-item--cart\">add to cart<\/span><\/a>\r\n                        <\/div>\r\n                    <\/div>\r\n                                    <div class=\"swiper-slide product-item text-center\">\r\n                        <div class=\"xb-item--img\">\r\n                            <a href=\"https:\/\/bodyshapenutrition.eu\/de\/product\/power-vegan-protein-shake-salted-caramel\/\"><img decoding=\"async\" src=\"https:\/\/check.metastic.world\/wp-content\/uploads\/2024\/08\/BodyShape-Protein-Bag-Vegan-Salted-Caramel-mock-up-1.png\" alt=\"img\"><\/a>\r\n                        <\/div>\r\n                        <div class=\"xb-item--holder\">\r\n                            <h3 class=\"xb-item--title\"><a href=\"https:\/\/bodyshapenutrition.eu\/de\/product\/power-vegan-protein-shake-salted-caramel\/\">Power Vegan Protein Shake Salted Caramel<\/a><\/h3>\r\n                            <div class=\"xb-item--rating-inner ul_li_center\">\r\n                                <div class=\"xb-item--rating ul_li\">\r\n                                    <i class=\"far fa-star\"><\/i><i class=\"far fa-star\"><\/i><i class=\"far fa-star\"><\/i><i class=\"far fa-star\"><\/i><i class=\"far fa-star\"><\/i>                                <\/div>\r\n                                <span>(0)<\/span>\r\n                            <\/div>\r\n                                                    <\/div>\r\n                        <div class=\"xb-item--action ul_li mt-20\">\r\n                            <span class=\"xb-item--price\"><span class=\"woocommerce-Price-amount amount\"><span class=\"woocommerce-Price-currencySymbol\">&euro;<\/span>400.00<\/span><\/span>\r\n                            <a href=\"https:\/\/bodyshapenutrition.eu\/de\/product\/power-vegan-protein-shake-salted-caramel\/\"><span class=\"xb-item--cart-icon\"><img decoding=\"async\"\r\n                                            src=\"https:\/\/bodyshapenutrition.eu\/de\/wp-content\/plugins\/purefit-core\/assets\/img\/bag.svg\" alt=\"\"><\/span><span class=\"xb-item--cart\">add to cart<\/span><\/a>\r\n                        <\/div>\r\n                    <\/div>\r\n                                    <div class=\"swiper-slide product-item text-center\">\r\n                        <div class=\"xb-item--img\">\r\n                            <a href=\"https:\/\/bodyshapenutrition.eu\/de\/product\/power-vegan-protein-shake-banana\/\"><img decoding=\"async\" src=\"https:\/\/check.metastic.world\/wp-content\/uploads\/2024\/08\/BodyShape-Protein-Bag-Vegan-Banana-mock-up-1.png\" alt=\"img\"><\/a>\r\n                        <\/div>\r\n                        <div class=\"xb-item--holder\">\r\n                            <h3 class=\"xb-item--title\"><a href=\"https:\/\/bodyshapenutrition.eu\/de\/product\/power-vegan-protein-shake-banana\/\">Power Vegan Protein Shake Banana<\/a><\/h3>\r\n                            <div class=\"xb-item--rating-inner ul_li_center\">\r\n                                <div class=\"xb-item--rating ul_li\">\r\n                                    <i class=\"far fa-star\"><\/i><i class=\"far fa-star\"><\/i><i class=\"far fa-star\"><\/i><i class=\"far fa-star\"><\/i><i class=\"far fa-star\"><\/i>                                <\/div>\r\n                                <span>(0)<\/span>\r\n                            <\/div>\r\n                                                    <\/div>\r\n                        <div class=\"xb-item--action ul_li mt-20\">\r\n                            <span class=\"xb-item--price\"><span class=\"woocommerce-Price-amount amount\"><span class=\"woocommerce-Price-currencySymbol\">&euro;<\/span>300.00<\/span><\/span>\r\n                            <a href=\"https:\/\/bodyshapenutrition.eu\/de\/product\/power-vegan-protein-shake-banana\/\"><span class=\"xb-item--cart-icon\"><img decoding=\"async\"\r\n                                            src=\"https:\/\/bodyshapenutrition.eu\/de\/wp-content\/plugins\/purefit-core\/assets\/img\/bag.svg\" alt=\"\"><\/span><span class=\"xb-item--cart\">add to cart<\/span><\/a>\r\n                        <\/div>\r\n                    <\/div>\r\n                                    <div class=\"swiper-slide product-item text-center\">\r\n                        <div class=\"xb-item--img\">\r\n                            <a href=\"https:\/\/bodyshapenutrition.eu\/de\/product\/collagen-shake-strawberry\/\"><img decoding=\"async\" src=\"https:\/\/check.metastic.world\/wp-content\/uploads\/2024\/08\/BodyShape-Protein-Bag-Collagen-Strawberry-mock-up-1.png\" alt=\"img\"><\/a>\r\n                        <\/div>\r\n                        <div class=\"xb-item--holder\">\r\n                            <h3 class=\"xb-item--title\"><a href=\"https:\/\/bodyshapenutrition.eu\/de\/product\/collagen-shake-strawberry\/\">Collagen Shake Strawberry<\/a><\/h3>\r\n                            <div class=\"xb-item--rating-inner ul_li_center\">\r\n                                <div class=\"xb-item--rating ul_li\">\r\n                                    <i class=\"far fa-star\"><\/i><i class=\"far fa-star\"><\/i><i class=\"far fa-star\"><\/i><i class=\"far fa-star\"><\/i><i class=\"far fa-star\"><\/i>                                <\/div>\r\n                                <span>(0)<\/span>\r\n                            <\/div>\r\n                                                    <\/div>\r\n                        <div class=\"xb-item--action ul_li mt-20\">\r\n                            <span class=\"xb-item--price\"><span class=\"woocommerce-Price-amount amount\"><span class=\"woocommerce-Price-currencySymbol\">&euro;<\/span>300.00<\/span><\/span>\r\n                            <a href=\"https:\/\/bodyshapenutrition.eu\/de\/product\/collagen-shake-strawberry\/\"><span class=\"xb-item--cart-icon\"><img decoding=\"async\"\r\n                                            src=\"https:\/\/bodyshapenutrition.eu\/de\/wp-content\/plugins\/purefit-core\/assets\/img\/bag.svg\" alt=\"\"><\/span><span class=\"xb-item--cart\">add to cart<\/span><\/a>\r\n                        <\/div>\r\n                    <\/div>\r\n                            <\/div>\r\n        <\/div>\r\n        \t\t<\/div>\n\t\t\t\t<\/div>\n\t\t\t\t<div class=\"elementor-element elementor-element-d7665e8 elementor-widget elementor-widget-text-editor\" data-id=\"d7665e8\" data-element_type=\"widget\" data-widget_type=\"text-editor.default\">\n\t\t\t\t<div class=\"elementor-widget-container\">\n\t\t\t\t\t\t\t<p><span style=\"color: #000000;\"><strong>Warum sollten Sie BodyShape Nutrition f\u00fcr Ihre Gewichtsabnahme w\u00e4hlen?<\/strong><\/span><br \/><span style=\"color: #000000;\">BodyShape Nutrition bietet sorgf\u00e4ltig formulierte Nahrungserg\u00e4nzungsmittel und Abnehmshakes, die Sie bei Ihren Gewichtsabnahmezielen unterst\u00fctzen sollen. Aber sind Proteinshakes gut f\u00fcr die Gewichtsabnahme? Auf jeden Fall. Unsere Produkte sind darauf ausgelegt, den Stoffwechsel anzukurbeln, den Appetit zu kontrollieren und wichtige N\u00e4hrstoffe bereitzustellen, damit Sie effektiv abnehmen und gleichzeitig Ihre allgemeine Gesundheit bewahren. Mit unseren L\u00f6sungen k\u00f6nnen Sie nachhaltige Ergebnisse erzielen und einen ges\u00fcnderen Lebensstil annehmen.<\/span><\/p><p><b><span style=\"color: #000000;\">Wie helfen unsere Produkte bei der Gewichtsabnahme?<\/span><br \/><\/b><span style=\"color: #000000;\">Unsere Nahrungserg\u00e4nzungsmittel und Abnehmshakes zur Gewichtsabnahme werden mit Inhaltsstoffen hergestellt, die die Fettverbrennung und den Energieverbrauch f\u00f6rdern. Sie helfen, Hei\u00dfhunger zu z\u00fcgeln und den Hunger zu kontrollieren, sodass es einfacher ist, sich an eine gesunde Ern\u00e4hrung zu halten. Indem sie Ihren Stoffwechsel ankurbeln, unterst\u00fctzen die Produkte von BodyShape Nutrition Ihren K\u00f6rper dabei, mehr Kalorien zu verbrennen, was zu einer effektiven und nachhaltigen Gewichtsabnahme f\u00fchrt. Wenn Sie sich jemals gefragt haben, ob Proteinshakes gut f\u00fcr die Gewichtsabnahme sind, liefern unsere sorgf\u00e4ltig zusammengestellten Shakes die Antwort, indem sie eine k\u00f6stliche und zufriedenstellende M\u00f6glichkeit bieten, Ihre Kalorien unter Kontrolle zu halten.<\/span><\/p><p><b><span style=\"color: #000000;\">Was macht unsere Shakes ideal f\u00fcr die Gewichtskontrolle?<\/span><br \/><\/b><span style=\"color: #000000;\">Die Abnehmshakes von BodyShape Nutrition sind kalorienarm, aber reich an essentiellen N\u00e4hrstoffen und daher perfekt f\u00fcr alle, die ihr Gewicht kontrollieren m\u00f6chten. Diese Shakes sind ein s\u00e4ttigender Mahlzeitenersatz, der Sie l\u00e4nger satt h\u00e4lt und Ihnen hilft, ungesunde Snacks zu vermeiden. Mit dem richtigen Verh\u00e4ltnis von Proteinen und Ballaststoffen unterst\u00fctzen unsere Shakes Ihre Abnehmbem\u00fchungen und stellen gleichzeitig sicher, dass Sie die N\u00e4hrstoffe erhalten, die Sie ben\u00f6tigen. F\u00fcr alle, die sich fragen, ob Proteinshakes gut zum Abnehmen sind: Unsere Shakes zeigen, wie effektiv sie sein k\u00f6nnen, wenn sie in eine ausgewogene Ern\u00e4hrung integriert werden.<\/span><\/p>\t\t\t\t\t\t<\/div>\n\t\t\t\t<\/div>\n\t\t\t\t\t<\/div>\n\t\t<\/div>\n\t\t\t\t\t<\/div>\n\t\t<\/section>\n\t\t\t\t<\/div>\n\t\t","protected":false},"excerpt":{"rendered":"<p>Loose weight Nach Ziel Verlieren Sie Pfunde und gewinnen Sie schnell an Selbstvertrauen Overview:Bei BodyShape Nutrition ist unsere \u201eLose Weight\u201c-Kollektion auf diejenigen zugeschnitten, die \u00fcbersch\u00fcssige Pfunde verlieren und ihr Idealgewicht erreichen m\u00f6chten. Dieses sorgf\u00e4ltig ausgew\u00e4hlte Sortiment umfasst fettverbrennende Nahrungserg\u00e4nzungsmittel, gesunde Mahlzeitenersatzprodukte, Abnehmshakes, Fitnessger\u00e4te und Lifestyle-Ratgeber, die Ihnen dabei helfen sollen, effektiv und nachhaltig abzunehmen. Egal, [&hellip;]<\/p>\n","protected":false},"author":1,"featured_media":0,"parent":0,"menu_order":0,"comment_status":"closed","ping_status":"closed","template":"","meta":{"inline_featured_image":false,"_uag_custom_page_level_css":"","footnotes":""},"class_list":["post-2225","page","type-page","status-publish","hentry"],"uagb_featured_image_src":{"full":false,"thumbnail":false,"medium":false,"medium_large":false,"large":false,"1536x1536":false,"2048x2048":false,"purefit-large":false,"purefit-medium":false,"purefit-blog":false,"woocommerce_thumbnail":false,"woocommerce_single":false,"woocommerce_gallery_thumbnail":false},"uagb_author_info":{"display_name":"metasticworld","author_link":"https:\/\/bodyshapenutrition.eu\/de\/author\/metasticworld\/"},"uagb_comment_info":0,"uagb_excerpt":"Loose weight Nach Ziel Verlieren Sie Pfunde und gewinnen Sie schnell an Selbstvertrauen Overview:Bei BodyShape Nutrition ist unsere \u201eLose Weight\u201c-Kollektion auf diejenigen zugeschnitten, die \u00fcbersch\u00fcssige Pfunde verlieren und ihr Idealgewicht erreichen m\u00f6chten. Dieses sorgf\u00e4ltig ausgew\u00e4hlte Sortiment umfasst fettverbrennende Nahrungserg\u00e4nzungsmittel, gesunde Mahlzeitenersatzprodukte, Abnehmshakes, Fitnessger\u00e4te und Lifestyle-Ratgeber, die Ihnen dabei helfen sollen, effektiv und nachhaltig abzunehmen. Egal,&hellip;","_links":{"self":[{"href":"https:\/\/bodyshapenutrition.eu\/de\/wp-json\/wp\/v2\/pages\/2225"}],"collection":[{"href":"https:\/\/bodyshapenutrition.eu\/de\/wp-json\/wp\/v2\/pages"}],"about":[{"href":"https:\/\/bodyshapenutrition.eu\/de\/wp-json\/wp\/v2\/types\/page"}],"author":[{"embeddable":true,"href":"https:\/\/bodyshapenutrition.eu\/de\/wp-json\/wp\/v2\/users\/1"}],"replies":[{"embeddable":true,"href":"https:\/\/bodyshapenutrition.eu\/de\/wp-json\/wp\/v2\/comments?post=2225"}],"version-history":[{"count":25,"href":"https:\/\/bodyshapenutrition.eu\/de\/wp-json\/wp\/v2\/pages\/2225\/revisions"}],"predecessor-version":[{"id":2691,"href":"https:\/\/bodyshapenutrition.eu\/de\/wp-json\/wp\/v2\/pages\/2225\/revisions\/2691"}],"wp:attachment":[{"href":"https:\/\/bodyshapenutrition.eu\/de\/wp-json\/wp\/v2\/media?parent=2225"}],"curies":[{"name":"wp","href":"https:\/\/api.w.org\/{rel}","templated":true}]}}