{"id":2152,"date":"2024-07-24T10:11:52","date_gmt":"2024-07-24T10:11:52","guid":{"rendered":"https:\/\/check.metastic.world\/?page_id=2152"},"modified":"2024-08-17T06:30:46","modified_gmt":"2024-08-17T06:30:46","slug":"by-goal","status":"publish","type":"page","link":"https:\/\/bodyshapenutrition.eu\/de\/by-goal\/","title":{"rendered":"By Goal cardio"},"content":{"rendered":"\t\t<div data-elementor-type=\"wp-page\" data-elementor-id=\"2152\" class=\"elementor elementor-2152\">\n\t\t\t\t\t\t<section class=\"elementor-section elementor-top-section elementor-element elementor-element-b94581d elementor-section-full_width elementor-section-stretched elementor-section-height-default elementor-section-height-default\" data-id=\"b94581d\" data-element_type=\"section\" data-settings=\"{&quot;stretch_section&quot;:&quot;section-stretched&quot;,&quot;background_background&quot;:&quot;classic&quot;}\">\n\t\t\t\t\t\t<div class=\"elementor-container elementor-column-gap-default\">\n\t\t\t\t\t<div class=\"elementor-column elementor-col-100 elementor-top-column elementor-element elementor-element-90d9e70\" data-id=\"90d9e70\" data-element_type=\"column\">\n\t\t\t<div class=\"elementor-widget-wrap elementor-element-populated\">\n\t\t\t\t\t\t<div class=\"elementor-element elementor-element-01cc545 elementor-widget elementor-widget-heading\" data-id=\"01cc545\" data-element_type=\"widget\" data-widget_type=\"heading.default\">\n\t\t\t\t<div class=\"elementor-widget-container\">\n\t\t\t<style>\/*! elementor - v3.21.0 - 26-05-2024 *\/\n.elementor-heading-title{padding:0;margin:0;line-height:1}.elementor-widget-heading .elementor-heading-title[class*=elementor-size-]>a{color:inherit;font-size:inherit;line-height:inherit}.elementor-widget-heading .elementor-heading-title.elementor-size-small{font-size:15px}.elementor-widget-heading .elementor-heading-title.elementor-size-medium{font-size:19px}.elementor-widget-heading .elementor-heading-title.elementor-size-large{font-size:29px}.elementor-widget-heading .elementor-heading-title.elementor-size-xl{font-size:39px}.elementor-widget-heading .elementor-heading-title.elementor-size-xxl{font-size:59px}<\/style><h2 class=\"elementor-heading-title elementor-size-default\">Improve Cardio<\/h2>\t\t<\/div>\n\t\t\t\t<\/div>\n\t\t\t\t\t<\/div>\n\t\t<\/div>\n\t\t\t\t\t<\/div>\n\t\t<\/section>\n\t\t\t\t<section class=\"elementor-section elementor-top-section elementor-element elementor-element-c06284e elementor-section-boxed elementor-section-height-default elementor-section-height-default\" data-id=\"c06284e\" data-element_type=\"section\">\n\t\t\t\t\t\t<div class=\"elementor-container elementor-column-gap-default\">\n\t\t\t\t\t<div class=\"elementor-column elementor-col-100 elementor-top-column elementor-element elementor-element-f2ffa10\" data-id=\"f2ffa10\" data-element_type=\"column\">\n\t\t\t<div class=\"elementor-widget-wrap elementor-element-populated\">\n\t\t\t\t\t\t<div class=\"elementor-element elementor-element-28a5783 elementor-widget elementor-widget-int-sec-title\" data-id=\"28a5783\" data-element_type=\"widget\" data-widget_type=\"int-sec-title.default\">\n\t\t\t\t<div class=\"elementor-widget-container\">\n\t\t\t\r\n                <div class=\"sec-title sec-title--two\">\r\n                            <span class=\"sub-title\">By Goal<\/span>\r\n                            <h2 class=\"title\">Kraft tanken, starke Muskeln aufbauen<\/h2>\r\n                    <\/div>\r\n    \t\t<\/div>\n\t\t\t\t<\/div>\n\t\t\t\t<div class=\"elementor-element elementor-element-17a36f9 elementor-widget elementor-widget-text-editor\" data-id=\"17a36f9\" data-element_type=\"widget\" data-widget_type=\"text-editor.default\">\n\t\t\t\t<div class=\"elementor-widget-container\">\n\t\t\t<style>\/*! elementor - v3.21.0 - 26-05-2024 *\/\n.elementor-widget-text-editor.elementor-drop-cap-view-stacked .elementor-drop-cap{background-color:#69727d;color:#fff}.elementor-widget-text-editor.elementor-drop-cap-view-framed .elementor-drop-cap{color:#69727d;border:3px solid;background-color:transparent}.elementor-widget-text-editor:not(.elementor-drop-cap-view-default) .elementor-drop-cap{margin-top:8px}.elementor-widget-text-editor:not(.elementor-drop-cap-view-default) .elementor-drop-cap-letter{width:1em;height:1em}.elementor-widget-text-editor .elementor-drop-cap{float:left;text-align:center;line-height:1;font-size:50px}.elementor-widget-text-editor .elementor-drop-cap-letter{display:inline-block}<\/style>\t\t\t\t<p><span style=\"color: #000000;\"><strong>Overview:<\/strong><br \/>Herz-Kreislauf-Training, allgemein als Cardiotraining bezeichnet, spielt eine entscheidende Rolle bei der Erhaltung der Herzgesundheit, der Verbesserung der Ausdauer und der Unterst\u00fctzung der Gewichtsabnahme. Viele Menschen \u00fcbersehen jedoch oft die Bedeutung der Ern\u00e4hrung nach dem Cardiotraining, insbesondere die Vorteile eines Proteinshakes nach dem Cardiotraining. Zu wissen, ob Sie nach dem Cardiotraining einen Proteinshake trinken sollten, kann einen erheblichen Unterschied f\u00fcr Ihren allgemeinen Fitnessfortschritt ausmachen, egal ob Sie abnehmen, Muskelmasse aufbauen oder einfach Ihre Ausdauer verbessern m\u00f6chten.<br \/><\/span><\/p>\t\t\t\t\t\t<\/div>\n\t\t\t\t<\/div>\n\t\t\t\t\t<\/div>\n\t\t<\/div>\n\t\t\t\t\t<\/div>\n\t\t<\/section>\n\t\t\t\t<section class=\"elementor-section elementor-top-section elementor-element elementor-element-d02f255 elementor-section-boxed elementor-section-height-default elementor-section-height-default\" data-id=\"d02f255\" data-element_type=\"section\">\n\t\t\t\t\t\t<div class=\"elementor-container elementor-column-gap-default\">\n\t\t\t\t\t<div class=\"elementor-column elementor-col-100 elementor-top-column elementor-element elementor-element-60d53bb\" data-id=\"60d53bb\" data-element_type=\"column\">\n\t\t\t<div class=\"elementor-widget-wrap elementor-element-populated\">\n\t\t\t\t\t\t<div class=\"elementor-element elementor-element-d6a2b4c elementor-widget elementor-widget-int-products\" data-id=\"d6a2b4c\" data-element_type=\"widget\" data-widget_type=\"int-products.default\">\n\t\t\t\t<div class=\"elementor-widget-container\">\n\t\t\t        <div class=\"product-slider swiper-container\">\r\n            <div class=\"swiper-wrapper\">\r\n\r\n                                    <div class=\"swiper-slide product-item text-center\">\r\n                        <div class=\"xb-item--img\">\r\n                            <a href=\"https:\/\/bodyshapenutrition.eu\/de\/product\/power-whey-protein-shake-banana\/\"><img decoding=\"async\" src=\"https:\/\/check.metastic.world\/wp-content\/uploads\/2024\/08\/BodyShape-Protein-Bag-Banana-mock-up-2.png\" alt=\"img\"><\/a>\r\n                        <\/div>\r\n                        <div class=\"xb-item--holder\">\r\n                            <h3 class=\"xb-item--title\"><a href=\"https:\/\/bodyshapenutrition.eu\/de\/product\/power-whey-protein-shake-banana\/\">Power Whey Protein Shake Banana<\/a><\/h3>\r\n                            <div class=\"xb-item--rating-inner ul_li_center\">\r\n                                <div class=\"xb-item--rating ul_li\">\r\n                                    <i class=\"far fa-star\"><\/i><i class=\"far fa-star\"><\/i><i class=\"far fa-star\"><\/i><i class=\"far fa-star\"><\/i><i class=\"far fa-star\"><\/i>                                <\/div>\r\n                                <span>(0)<\/span>\r\n                            <\/div>\r\n                                                    <\/div>\r\n                        <div class=\"xb-item--action ul_li mt-20\">\r\n                            <span class=\"xb-item--price\"><span class=\"woocommerce-Price-amount amount\"><span class=\"woocommerce-Price-currencySymbol\">&euro;<\/span>230.00<\/span><\/span>\r\n                            <a href=\"https:\/\/bodyshapenutrition.eu\/de\/product\/power-whey-protein-shake-banana\/\"><span class=\"xb-item--cart-icon\"><img decoding=\"async\"\r\n                                            src=\"https:\/\/bodyshapenutrition.eu\/de\/wp-content\/plugins\/purefit-core\/assets\/img\/bag.svg\" alt=\"\"><\/span><span class=\"xb-item--cart\">add to cart<\/span><\/a>\r\n                        <\/div>\r\n                    <\/div>\r\n                                    <div class=\"swiper-slide product-item text-center\">\r\n                        <div class=\"xb-item--img\">\r\n                            <a href=\"https:\/\/bodyshapenutrition.eu\/de\/product\/power-vegan-protein-shake-salted-caramel\/\"><img decoding=\"async\" src=\"https:\/\/check.metastic.world\/wp-content\/uploads\/2024\/08\/BodyShape-Protein-Bag-Vegan-Salted-Caramel-mock-up-1.png\" alt=\"img\"><\/a>\r\n                        <\/div>\r\n                        <div class=\"xb-item--holder\">\r\n                            <h3 class=\"xb-item--title\"><a href=\"https:\/\/bodyshapenutrition.eu\/de\/product\/power-vegan-protein-shake-salted-caramel\/\">Power Vegan Protein Shake Salted Caramel<\/a><\/h3>\r\n                            <div class=\"xb-item--rating-inner ul_li_center\">\r\n                                <div class=\"xb-item--rating ul_li\">\r\n                                    <i class=\"far fa-star\"><\/i><i class=\"far fa-star\"><\/i><i class=\"far fa-star\"><\/i><i class=\"far fa-star\"><\/i><i class=\"far fa-star\"><\/i>                                <\/div>\r\n                                <span>(0)<\/span>\r\n                            <\/div>\r\n                                                    <\/div>\r\n                        <div class=\"xb-item--action ul_li mt-20\">\r\n                            <span class=\"xb-item--price\"><span class=\"woocommerce-Price-amount amount\"><span class=\"woocommerce-Price-currencySymbol\">&euro;<\/span>400.00<\/span><\/span>\r\n                            <a href=\"https:\/\/bodyshapenutrition.eu\/de\/product\/power-vegan-protein-shake-salted-caramel\/\"><span class=\"xb-item--cart-icon\"><img decoding=\"async\"\r\n                                            src=\"https:\/\/bodyshapenutrition.eu\/de\/wp-content\/plugins\/purefit-core\/assets\/img\/bag.svg\" alt=\"\"><\/span><span class=\"xb-item--cart\">add to cart<\/span><\/a>\r\n                        <\/div>\r\n                    <\/div>\r\n                                    <div class=\"swiper-slide product-item text-center\">\r\n                        <div class=\"xb-item--img\">\r\n                            <a href=\"https:\/\/bodyshapenutrition.eu\/de\/product\/power-vegan-protein-shake-banana\/\"><img decoding=\"async\" src=\"https:\/\/check.metastic.world\/wp-content\/uploads\/2024\/08\/BodyShape-Protein-Bag-Vegan-Banana-mock-up-1.png\" alt=\"img\"><\/a>\r\n                        <\/div>\r\n                        <div class=\"xb-item--holder\">\r\n                            <h3 class=\"xb-item--title\"><a href=\"https:\/\/bodyshapenutrition.eu\/de\/product\/power-vegan-protein-shake-banana\/\">Power Vegan Protein Shake Banana<\/a><\/h3>\r\n                            <div class=\"xb-item--rating-inner ul_li_center\">\r\n                                <div class=\"xb-item--rating ul_li\">\r\n                                    <i class=\"far fa-star\"><\/i><i class=\"far fa-star\"><\/i><i class=\"far fa-star\"><\/i><i class=\"far fa-star\"><\/i><i class=\"far fa-star\"><\/i>                                <\/div>\r\n                                <span>(0)<\/span>\r\n                            <\/div>\r\n                                                    <\/div>\r\n                        <div class=\"xb-item--action ul_li mt-20\">\r\n                            <span class=\"xb-item--price\"><span class=\"woocommerce-Price-amount amount\"><span class=\"woocommerce-Price-currencySymbol\">&euro;<\/span>300.00<\/span><\/span>\r\n                            <a href=\"https:\/\/bodyshapenutrition.eu\/de\/product\/power-vegan-protein-shake-banana\/\"><span class=\"xb-item--cart-icon\"><img decoding=\"async\"\r\n                                            src=\"https:\/\/bodyshapenutrition.eu\/de\/wp-content\/plugins\/purefit-core\/assets\/img\/bag.svg\" alt=\"\"><\/span><span class=\"xb-item--cart\">add to cart<\/span><\/a>\r\n                        <\/div>\r\n                    <\/div>\r\n                                    <div class=\"swiper-slide product-item text-center\">\r\n                        <div class=\"xb-item--img\">\r\n                            <a href=\"https:\/\/bodyshapenutrition.eu\/de\/product\/collagen-shake-strawberry\/\"><img decoding=\"async\" src=\"https:\/\/check.metastic.world\/wp-content\/uploads\/2024\/08\/BodyShape-Protein-Bag-Collagen-Strawberry-mock-up-1.png\" alt=\"img\"><\/a>\r\n                        <\/div>\r\n                        <div class=\"xb-item--holder\">\r\n                            <h3 class=\"xb-item--title\"><a href=\"https:\/\/bodyshapenutrition.eu\/de\/product\/collagen-shake-strawberry\/\">Collagen Shake Strawberry<\/a><\/h3>\r\n                            <div class=\"xb-item--rating-inner ul_li_center\">\r\n                                <div class=\"xb-item--rating ul_li\">\r\n                                    <i class=\"far fa-star\"><\/i><i class=\"far fa-star\"><\/i><i class=\"far fa-star\"><\/i><i class=\"far fa-star\"><\/i><i class=\"far fa-star\"><\/i>                                <\/div>\r\n                                <span>(0)<\/span>\r\n                            <\/div>\r\n                                                    <\/div>\r\n                        <div class=\"xb-item--action ul_li mt-20\">\r\n                            <span class=\"xb-item--price\"><span class=\"woocommerce-Price-amount amount\"><span class=\"woocommerce-Price-currencySymbol\">&euro;<\/span>300.00<\/span><\/span>\r\n                            <a href=\"https:\/\/bodyshapenutrition.eu\/de\/product\/collagen-shake-strawberry\/\"><span class=\"xb-item--cart-icon\"><img decoding=\"async\"\r\n                                            src=\"https:\/\/bodyshapenutrition.eu\/de\/wp-content\/plugins\/purefit-core\/assets\/img\/bag.svg\" alt=\"\"><\/span><span class=\"xb-item--cart\">add to cart<\/span><\/a>\r\n                        <\/div>\r\n                    <\/div>\r\n                            <\/div>\r\n        <\/div>\r\n        \t\t<\/div>\n\t\t\t\t<\/div>\n\t\t\t\t<div class=\"elementor-element elementor-element-b1cf1e0 elementor-widget elementor-widget-text-editor\" data-id=\"b1cf1e0\" data-element_type=\"widget\" data-widget_type=\"text-editor.default\">\n\t\t\t\t<div class=\"elementor-widget-container\">\n\t\t\t\t\t\t\t<div class=\"elementor-element elementor-element-b1cf1e0 elementor-widget elementor-widget-text-editor\" data-id=\"b1cf1e0\" data-element_type=\"widget\" data-widget_type=\"text-editor.default\">\n<div class=\"elementor-widget-container\">\n<p><strong><span style=\"color: #000000;\">Warum sollten Sie BodyShape Nutrition f\u00fcr Ihre Muskelaufbauziele w\u00e4hlen?<\/span><\/strong><\/p>\n<p><span style=\"color: #000000;\">Cardio-Training, insbesondere hochintensive Einheiten, k\u00f6nnen Ihre Muskeln stark beanspruchen. W\u00e4hrend Cardio in erster Linie mit dem Verbrennen von Kalorien und der Verbesserung der Herz-Kreislauf-Gesundheit verbunden ist, belastet es auch Ihre Muskeln, was zu einem m\u00f6glichen Muskelabbau f\u00fchren kann, wenn Sie nicht richtig aufgetankt werden. Hier kommt ein Proteinshake nach dem Cardio ins Spiel.<\/span><\/p>\n<p><span style=\"color: #000000;\">Der Konsum eines Proteinshakes f\u00fcr Cardio-\u00dcbungen hilft dabei, die Aminos\u00e4uren wieder aufzuf\u00fcllen, die Ihre Muskeln zur Reparatur und zum Wiederaufbau ben\u00f6tigen. Dieser Prozess ist wichtig f\u00fcr den Erhalt der Muskelmasse, die wiederum einen gesunden Stoffwechsel unterst\u00fctzt. Indem Sie nach dem Cardio einen Proteinshake trinken, versorgen Sie Ihren K\u00f6rper mit den notwendigen N\u00e4hrstoffen, um sich schnell zu erholen, Muskelkater zu reduzieren und Ihre Gesamtleistung bei nachfolgenden Trainingseinheiten zu verbessern.<br><b>Vorteile eines Proteinshakes nach dem Cardiotraining<br>1. Muskelregeneration und -reparatur:<\/b> Einer der Hauptvorteile eines Proteinshakes nach dem Cardiotraining ist seine F\u00e4higkeit, die Muskelregeneration und -reparatur zu unterst\u00fctzen. Cardio\u00fcbungen, insbesondere solche mit Intervalltraining oder Widerstandsbewegungen, k\u00f6nnen zu Mikrorissen in den Muskelfasern f\u00fchren. Proteinshakes liefern die essentiellen Aminos\u00e4uren, die zur Reparatur dieser Risse erforderlich sind, und helfen beim Wiederaufbau st\u00e4rkerer und widerstandsf\u00e4higerer Muskeln.<br><b>2. Dauerhaftes Energieniveau:<\/b> Nach einer Cardioeinheit sind Ihre Glykogenspeicher ersch\u00f6pft, was zu M\u00fcdigkeit f\u00fchren kann. Ein Proteinshake f\u00fcr das Cardiotraining hilft nicht nur bei der Muskelregeneration, sondern stabilisiert auch Ihr Energieniveau, indem er einen Abfall des Blutzuckerspiegels verhindert. Dies kann insbesondere dann von Vorteil sein, wenn Sie einen anstrengenden Tag vor sich haben oder zus\u00e4tzliche k\u00f6rperliche Aktivit\u00e4ten planen.<br><b>3. Unterst\u00fctzung der Muskelmasse:<\/b> F\u00fcr diejenigen, die beim regelm\u00e4\u00dfigen Cardiotraining Muskelmasse erhalten oder aufbauen m\u00f6chten, ist die Einnahme eines Proteinshakes nach dem Cardiotraining von entscheidender Bedeutung. Protein hilft, die Muskelmasse zu erhalten, indem es dem K\u00f6rper die Bausteine liefert, die er braucht, um Muskelkatabolismus (Muskelabbau) zu verhindern. Dies ist besonders wichtig f\u00fcr Personen, die Cardio mit einem Kaloriendefizit kombinieren, um abzunehmen.<br><b>4.Hydratation und N\u00e4hrstoffaufnahme:<\/b> Viele Proteinshakes werden mit Fl\u00fcssigkeiten wie Wasser oder Milch gemischt, die Ihren Fl\u00fcssigkeitsbedarf decken. Eine ausreichende Fl\u00fcssigkeitszufuhr ist f\u00fcr die allgemeine Erholung unerl\u00e4sslich, und die Einnahme eines Proteinshakes nach dem Cardio kann helfen, sowohl Ihren Fl\u00fcssigkeits- als auch Ihren N\u00e4hrstoffbedarf in einem Rutsch zu decken. Dar\u00fcber hinaus enthalten Proteinshakes oft andere n\u00fctzliche N\u00e4hrstoffe wie Vitamine und Mineralien, die die allgemeine Gesundheit und Erholung unterst\u00fctzen.<br><b>Sollten Sie nach dem Cardiotraining einen Proteinshake trinken?<br><\/b>Die Frage, ob Sie nach dem Cardiotraining einen Proteinshake trinken sollten, wird von Fitnessbegeisterten h\u00e4ufig gestellt und die Antwort lautet im Allgemeinen \u201eJa\u201c. W\u00e4hrend der Hauptfokus beim Cardiotraining auf der Herz-Kreislauf-Gesundheit und der Kalorienverbrennung liegt, spielt die Proteinaufnahme nach dem Cardiotraining eine entscheidende Rolle bei der Erholung und dem Muskelerhalt. Wenn Ihr Ziel darin besteht, Ihre Fitness zu verbessern, die Muskelgesundheit zu unterst\u00fctzen und Ihr Energieniveau aufrechtzuerhalten, kann die Einnahme eines Proteinshakes nach dem Cardiotraining \u00e4u\u00dferst vorteilhaft sein.<br><\/span><\/p>\n<\/div>\n<\/div>\t\t\t\t\t\t<\/div>\n\t\t\t\t<\/div>\n\t\t\t\t\t<\/div>\n\t\t<\/div>\n\t\t\t\t\t<\/div>\n\t\t<\/section>\n\t\t\t\t<\/div>\n\t\t","protected":false},"excerpt":{"rendered":"<p>Improve Cardio By Goal Kraft tanken, starke Muskeln aufbauen Overview:Herz-Kreislauf-Training, allgemein als Cardiotraining bezeichnet, spielt eine entscheidende Rolle bei der Erhaltung der Herzgesundheit, der Verbesserung der Ausdauer und der Unterst\u00fctzung der Gewichtsabnahme. Viele Menschen \u00fcbersehen jedoch oft die Bedeutung der Ern\u00e4hrung nach dem Cardiotraining, insbesondere die Vorteile eines Proteinshakes nach dem Cardiotraining. Zu wissen, ob [&hellip;]<\/p>\n","protected":false},"author":1,"featured_media":0,"parent":0,"menu_order":0,"comment_status":"closed","ping_status":"closed","template":"","meta":{"inline_featured_image":false,"_uag_custom_page_level_css":"","footnotes":""},"class_list":["post-2152","page","type-page","status-publish","hentry"],"uagb_featured_image_src":{"full":false,"thumbnail":false,"medium":false,"medium_large":false,"large":false,"1536x1536":false,"2048x2048":false,"purefit-large":false,"purefit-medium":false,"purefit-blog":false,"woocommerce_thumbnail":false,"woocommerce_single":false,"woocommerce_gallery_thumbnail":false},"uagb_author_info":{"display_name":"metasticworld","author_link":"https:\/\/bodyshapenutrition.eu\/de\/author\/metasticworld\/"},"uagb_comment_info":0,"uagb_excerpt":"Improve Cardio By Goal Kraft tanken, starke Muskeln aufbauen Overview:Herz-Kreislauf-Training, allgemein als Cardiotraining bezeichnet, spielt eine entscheidende Rolle bei der Erhaltung der Herzgesundheit, der Verbesserung der Ausdauer und der Unterst\u00fctzung der Gewichtsabnahme. Viele Menschen \u00fcbersehen jedoch oft die Bedeutung der Ern\u00e4hrung nach dem Cardiotraining, insbesondere die Vorteile eines Proteinshakes nach dem Cardiotraining. Zu wissen, ob&hellip;","_links":{"self":[{"href":"https:\/\/bodyshapenutrition.eu\/de\/wp-json\/wp\/v2\/pages\/2152"}],"collection":[{"href":"https:\/\/bodyshapenutrition.eu\/de\/wp-json\/wp\/v2\/pages"}],"about":[{"href":"https:\/\/bodyshapenutrition.eu\/de\/wp-json\/wp\/v2\/types\/page"}],"author":[{"embeddable":true,"href":"https:\/\/bodyshapenutrition.eu\/de\/wp-json\/wp\/v2\/users\/1"}],"replies":[{"embeddable":true,"href":"https:\/\/bodyshapenutrition.eu\/de\/wp-json\/wp\/v2\/comments?post=2152"}],"version-history":[{"count":26,"href":"https:\/\/bodyshapenutrition.eu\/de\/wp-json\/wp\/v2\/pages\/2152\/revisions"}],"predecessor-version":[{"id":2682,"href":"https:\/\/bodyshapenutrition.eu\/de\/wp-json\/wp\/v2\/pages\/2152\/revisions\/2682"}],"wp:attachment":[{"href":"https:\/\/bodyshapenutrition.eu\/de\/wp-json\/wp\/v2\/media?parent=2152"}],"curies":[{"name":"wp","href":"https:\/\/api.w.org\/{rel}","templated":true}]}}