{"id":2074,"date":"2024-07-21T15:50:22","date_gmt":"2024-07-21T15:50:22","guid":{"rendered":"https:\/\/bodyshape.metastic.world\/?page_id=2074"},"modified":"2024-08-17T06:45:28","modified_gmt":"2024-08-17T06:45:28","slug":"student-discount-form","status":"publish","type":"page","link":"https:\/\/bodyshapenutrition.eu\/de\/student-discount-form\/","title":{"rendered":"Student discount form"},"content":{"rendered":"\t\t<div data-elementor-type=\"wp-page\" data-elementor-id=\"2074\" class=\"elementor elementor-2074\">\n\t\t\t\t\t\t<section class=\"elementor-section elementor-top-section elementor-element elementor-element-98853f2 elementor-section-stretched elementor-hidden-tablet elementor-hidden-mobile elementor-section-boxed elementor-section-height-default elementor-section-height-default\" data-id=\"98853f2\" data-element_type=\"section\" data-settings=\"{&quot;stretch_section&quot;:&quot;section-stretched&quot;,&quot;background_background&quot;:&quot;classic&quot;}\">\n\t\t\t\t\t\t<div class=\"elementor-container elementor-column-gap-default\">\n\t\t\t\t\t<div class=\"elementor-column elementor-col-100 elementor-top-column elementor-element elementor-element-5d13d6d\" data-id=\"5d13d6d\" data-element_type=\"column\">\n\t\t\t<div class=\"elementor-widget-wrap elementor-element-populated\">\n\t\t\t\t\t\t\t<\/div>\n\t\t<\/div>\n\t\t\t\t\t<\/div>\n\t\t<\/section>\n\t\t\t\t<section class=\"elementor-section elementor-top-section elementor-element elementor-element-a841737 elementor-section-boxed elementor-section-height-default elementor-section-height-default\" data-id=\"a841737\" data-element_type=\"section\">\n\t\t\t\t\t\t<div class=\"elementor-container elementor-column-gap-default\">\n\t\t\t\t\t<div class=\"elementor-column elementor-col-100 elementor-top-column elementor-element elementor-element-0a046cd\" data-id=\"0a046cd\" data-element_type=\"column\">\n\t\t\t<div class=\"elementor-widget-wrap elementor-element-populated\">\n\t\t\t\t\t\t<div class=\"elementor-element elementor-element-c18ed4c eael-dual-header-content-align-center elementor-widget elementor-widget-eael-dual-color-header\" data-id=\"c18ed4c\" data-element_type=\"widget\" data-widget_type=\"eael-dual-color-header.default\">\n\t\t\t\t<div class=\"elementor-widget-container\">\n\t\t\t\n\t\t        <div class=\"eael-dual-header\">\n\t\t\t\t<h2 class=\"title\">\n\t\t\t<span  class=\"lead solid-color\">Student<\/span>\n\t\t\t<span>Discount<\/span>\n\t\t<\/h2>\n\t\t\t\t<span class=\"subtext\"><p>Fill the below form to get Special Membership Discount exclusive for Students only.<\/p><\/span>\n\t\t\t\t\t<span class=\"eael-dch-svg-icon\"><\/span>\t\t\t\t<\/div>\n\t\n\t\t\n\t\t\n\t\t\n\t\t\t\t<\/div>\n\t\t\t\t<\/div>\n\t\t\t\t\t<\/div>\n\t\t<\/div>\n\t\t\t\t\t<\/div>\n\t\t<\/section>\n\t\t\t\t<section class=\"elementor-section elementor-top-section elementor-element elementor-element-9752b0b elementor-section-boxed elementor-section-height-default elementor-section-height-default\" data-id=\"9752b0b\" data-element_type=\"section\">\n\t\t\t\t\t\t<div class=\"elementor-container elementor-column-gap-default\">\n\t\t\t\t\t<div class=\"elementor-column elementor-col-100 elementor-top-column elementor-element elementor-element-c17a3ab\" data-id=\"c17a3ab\" data-element_type=\"column\">\n\t\t\t<div class=\"elementor-widget-wrap elementor-element-populated\">\n\t\t\t\t\t\t<div class=\"elementor-element elementor-element-f9c6e36 fluentform-widget-submit-button-custom elementor-widget elementor-widget-fluent-form-widget\" data-id=\"f9c6e36\" data-element_type=\"widget\" data-widget_type=\"fluent-form-widget.default\">\n\t\t\t\t<div class=\"elementor-widget-container\">\n\t\t\t\n            <div class=\"fluentform-widget-wrapper fluentform-widget-align-default\">\n\n            \n            <div class='fluentform ff-default fluentform_wrapper_3 ffs_default_wrap'><form data-form_id=\"3\" id=\"fluentform_3\" class=\"frm-fluent-form fluent_form_3 ff-el-form-top ff_form_instance_3_1 ff-form-loading ffs_default\" data-form_instance=\"ff_form_instance_3_1\" method=\"POST\" ><fieldset  style=\"border: none!important;margin: 0!important;padding: 0!important;background-color: transparent!important;box-shadow: none!important;outline: none!important; min-inline-size: 100%;\">\n                    <legend class=\"ff_screen_reader_title\" style=\"display: block; margin: 0!important;padding: 0!important;height: 0!important;text-indent: -999999px;width: 0!important;overflow:hidden;\">Support Form (#3)<\/legend><input type='hidden' name='__fluent_form_embded_post_id' value='2074' \/><input type=\"hidden\" id=\"_fluentform_3_fluentformnonce\" name=\"_fluentform_3_fluentformnonce\" value=\"3fa0b0c911\" \/><input type=\"hidden\" name=\"_wp_http_referer\" value=\"\/de\/wp-json\/wp\/v2\/pages\/2074\" \/><div data-type=\"name-element\" data-name=\"names\" class=\" ff-field_container ff-name-field-wrapper\" ><div class='ff-t-container'><div class='ff-t-cell '><div class='ff-el-group'><div class=\"ff-el-input--label ff-el-is-required asterisk-right\"><label for='ff_3_names_first_name_' aria-label=\"First Name\">First Name<\/label><\/div><div class='ff-el-input--content'><input type=\"text\" name=\"names[first_name]\" id=\"ff_3_names_first_name_\" class=\"ff-el-form-control\" aria-invalid=\"false\" aria-required=true><\/div><\/div><\/div><div class='ff-t-cell '><div class='ff-el-group'><div class=\"ff-el-input--label asterisk-right\"><label for='ff_3_names_last_name_' aria-label=\"Last Name\">Last Name<\/label><\/div><div class='ff-el-input--content'><input type=\"text\" name=\"names[last_name]\" id=\"ff_3_names_last_name_\" class=\"ff-el-form-control\" aria-invalid=\"false\" aria-required=false><\/div><\/div><\/div><\/div><\/div><div class='ff-el-group'><div class=\"ff-el-input--label ff-el-is-required asterisk-right\"><label for='ff_3_email' aria-label=\"Email\">Email<\/label><\/div><div class='ff-el-input--content'><input type=\"email\" name=\"email\" id=\"ff_3_email\" class=\"ff-el-form-control\" placeholder=\"you@domain.com\" data-name=\"email\"  aria-invalid=\"false\" aria-required=true><\/div><\/div><div class='ff-el-group'><div class=\"ff-el-input--label ff-el-is-required asterisk-right\"><label for='ff_3_department' aria-label=\"Department\">Department<\/label><\/div><div class='ff-el-input--content'><select name=\"department\" id=\"ff_3_department\" class=\"ff-el-form-control\" data-name=\"department\" data-calc_value=\"0\"  aria-invalid=\"false\" aria-required=true><option value=\"\">- Select Department -<\/option><option value=\"Web Design\"  >Web Design<\/option><option value=\"Web Development\"  >Web Development<\/option><option value=\"WordPress Development\"  >WordPress Development<\/option><option value=\"DevOps\"  >DevOps<\/option><\/select><\/div><\/div><div class='ff-el-group'><div class=\"ff-el-input--label ff-el-is-required asterisk-right\"><label for='ff_3_subject' aria-label=\"Subject\">Subject<\/label><\/div><div class='ff-el-input--content'><input type=\"text\" name=\"subject\" class=\"ff-el-form-control\" placeholder=\"Type your subject\" data-name=\"subject\" id=\"ff_3_subject\"  aria-invalid=\"false\" aria-required=true><\/div><\/div><div class='ff-el-group'><div class=\"ff-el-input--label asterisk-right\"><label for='ff_3_description' aria-label=\"Description\">Description<\/label><\/div><div class='ff-el-input--content'><textarea aria-invalid=\"false\" aria-required=false name=\"description\" id=\"ff_3_description\" class=\"ff-el-form-control\" rows=\"4\" cols=\"2\" data-name=\"description\" ><\/textarea><\/div><\/div><div class='ff-el-group ff-text-left ff_submit_btn_wrapper'><button type=\"submit\" class=\"ff-btn ff-btn-submit ff-btn-md ff_btn_style\" >Submit Form<\/button><\/div><\/fieldset><\/form><div id='fluentform_3_errors' class='ff-errors-in-stack ff_form_instance_3_1 ff-form-loading_errors ff_form_instance_3_1_errors'><\/div><\/div>        <script type=\"text\/javascript\">\n            window.fluent_form_ff_form_instance_3_1 = {\"id\":\"3\",\"settings\":{\"layout\":{\"labelPlacement\":\"top\",\"helpMessagePlacement\":\"with_label\",\"errorMessagePlacement\":\"inline\",\"cssClassName\":\"\",\"asteriskPlacement\":\"asterisk-right\"},\"restrictions\":{\"denyEmptySubmission\":{\"enabled\":false}}},\"form_instance\":\"ff_form_instance_3_1\",\"form_id_selector\":\"fluentform_3\",\"rules\":{\"names[first_name]\":{\"required\":{\"value\":true,\"message\":\"This field is required\",\"global\":true,\"global_message\":\"This field is required\"}},\"names[middle_name]\":{\"required\":{\"value\":false,\"message\":\"This field is required\",\"global\":true,\"global_message\":\"This field is required\"}},\"names[last_name]\":{\"required\":{\"value\":false,\"message\":\"This field is required\",\"global\":true,\"global_message\":\"This field is required\"}},\"email\":{\"required\":{\"value\":true,\"message\":\"Email field is required\",\"global\":false,\"global_message\":\"This field is required\"},\"email\":{\"value\":true,\"message\":\"This field must contain a valid email\",\"global\":true,\"global_message\":\"This field must contain a valid email\"}},\"department\":{\"required\":{\"value\":true,\"message\":\"Department field is required\",\"global\":false,\"global_message\":\"This field is required\"}},\"subject\":{\"required\":{\"value\":true,\"message\":\"Subject field is required\",\"global\":false,\"global_message\":\"This field is required\"}},\"description\":{\"required\":{\"value\":false,\"message\":\"This field is required\",\"global\":true,\"global_message\":\"This field is required\"}}}};\n                    <\/script>\n                    <\/div>\n\n            \t\t<\/div>\n\t\t\t\t<\/div>\n\t\t\t\t\t<\/div>\n\t\t<\/div>\n\t\t\t\t\t<\/div>\n\t\t<\/section>\n\t\t\t\t<section class=\"elementor-section elementor-top-section elementor-element elementor-element-6f8738d elementor-section-boxed elementor-section-height-default elementor-section-height-default\" data-id=\"6f8738d\" data-element_type=\"section\">\n\t\t\t\t\t\t<div class=\"elementor-container elementor-column-gap-default\">\n\t\t\t\t\t<div class=\"elementor-column elementor-col-100 elementor-top-column elementor-element elementor-element-5eb400f\" data-id=\"5eb400f\" data-element_type=\"column\">\n\t\t\t<div class=\"elementor-widget-wrap elementor-element-populated\">\n\t\t\t\t\t\t<div class=\"elementor-element elementor-element-8766716 elementor-widget elementor-widget-int-sec-title\" data-id=\"8766716\" data-element_type=\"widget\" data-widget_type=\"int-sec-title.default\">\n\t\t\t\t<div class=\"elementor-widget-container\">\n\t\t\t\r\n                <div class=\"sec-title sec-title--two\">\r\n                            <h2 class=\"title\">Eligibility Criteria<\/h2>\r\n                    <\/div>\r\n    \t\t<\/div>\n\t\t\t\t<\/div>\n\t\t\t\t<div class=\"elementor-element elementor-element-78a6dd4 elementor-widget elementor-widget-text-editor\" data-id=\"78a6dd4\" data-element_type=\"widget\" data-widget_type=\"text-editor.default\">\n\t\t\t\t<div class=\"elementor-widget-container\">\n\t\t\t<style>\/*! elementor - v3.21.0 - 26-05-2024 *\/\n.elementor-widget-text-editor.elementor-drop-cap-view-stacked .elementor-drop-cap{background-color:#69727d;color:#fff}.elementor-widget-text-editor.elementor-drop-cap-view-framed .elementor-drop-cap{color:#69727d;border:3px solid;background-color:transparent}.elementor-widget-text-editor:not(.elementor-drop-cap-view-default) .elementor-drop-cap{margin-top:8px}.elementor-widget-text-editor:not(.elementor-drop-cap-view-default) .elementor-drop-cap-letter{width:1em;height:1em}.elementor-widget-text-editor .elementor-drop-cap{float:left;text-align:center;line-height:1;font-size:50px}.elementor-widget-text-editor .elementor-drop-cap-letter{display:inline-block}<\/style>\t\t\t\t<p><b><span style=\"color: #000000;\">\u00dcbersicht:<\/span><br><\/b><span style=\"color: #000000;\">Sind Sie Student und m\u00f6chten Ihre Fitness auf die n\u00e4chste Stufe heben? Wir bei BodyShape Nutrition glauben, dass die richtige Ern\u00e4hrung die Grundlage eines gesunden Lebensstils ist, insbesondere f\u00fcr Studenten, die Studium, Sport und pers\u00f6nliches Wachstum unter einen Hut bringen m\u00fcssen. Um Sie auf diesem Weg zu unterst\u00fctzen, freuen wir uns, Ihnen einen exklusiven Rabatt von bis zu 50 % auf unsere Mitgliedschaftspl\u00e4ne anbieten zu k\u00f6nnen!<\/span><\/p>\n<p><span style=\"color: #000000;\"><b>Berechtigungskriterien:<\/b><\/span><\/p>\n<p><span style=\"color: #000000;\">Dieses exklusive Angebot gilt f\u00fcr Studenten, die die folgenden Kriterien erf\u00fcllen:<\/span><\/p>\n<p><span style=\"color: #000000;\">Wer kann sich bewerben: Jeder Student, der derzeit an einer Schule oder Hochschule eingeschrieben ist.<\/span><\/p>\n<p><span style=\"color: #000000;\">Erforderliche Unterlagen: Ein g\u00fcltiger Studentenausweis und eine g\u00fcltige E-Mail-ID Ihrer Bildungseinrichtung.<\/span><\/p>\n<p><span style=\"color: #000000;\"><b>Wie erhalten Sie Ihre erm\u00e4\u00dfigte Mitgliedschaft?<\/b><\/span><\/p>\n<p><span style=\"color: #000000;\">Verifizierung: Sobald Sie sich bewerben, \u00fcberpr\u00fcft unser Team Ihren Studentenstatus.<\/span><br><span style=\"color: #000000;\">Rabattcode: Nach erfolgreicher Verifizierung senden wir Ihnen per E-Mail einen Aktionsrabattcode.<\/span><\/p>\n<p><span style=\"color: #000000;\">Verpassen Sie nicht diese Gelegenheit, zu einem Bruchteil der Kosten in Ihre Gesundheit zu investieren! Melden Sie sich jetzt an und genie\u00dfen Sie die Vorteile einer Premium-Ern\u00e4hrung, die Ihren akademischen und sportlichen Erfolg f\u00f6rdert.<\/span><\/p>\t\t\t\t\t\t<\/div>\n\t\t\t\t<\/div>\n\t\t\t\t\t<\/div>\n\t\t<\/div>\n\t\t\t\t\t<\/div>\n\t\t<\/section>\n\t\t\t\t<\/div>\n\t\t","protected":false},"excerpt":{"rendered":"<p>Student Discount Fill the below form to get Special Membership Discount exclusive for Students only. Support Form (#3) First NameLast NameEmailDepartment&#8211; Select Department &#8211;Web DesignWeb DevelopmentWordPress DevelopmentDevOpsSubjectDescriptionSubmit Form Eligibility Criteria \u00dcbersicht:Sind Sie Student und m\u00f6chten Ihre Fitness auf die n\u00e4chste Stufe heben? Wir bei BodyShape Nutrition glauben, dass die richtige Ern\u00e4hrung die Grundlage eines gesunden [&hellip;]<\/p>\n","protected":false},"author":1,"featured_media":0,"parent":0,"menu_order":0,"comment_status":"closed","ping_status":"closed","template":"","meta":{"inline_featured_image":false,"_uag_custom_page_level_css":"","footnotes":""},"class_list":["post-2074","page","type-page","status-publish","hentry"],"uagb_featured_image_src":{"full":false,"thumbnail":false,"medium":false,"medium_large":false,"large":false,"1536x1536":false,"2048x2048":false,"purefit-large":false,"purefit-medium":false,"purefit-blog":false,"woocommerce_thumbnail":false,"woocommerce_single":false,"woocommerce_gallery_thumbnail":false},"uagb_author_info":{"display_name":"metasticworld","author_link":"https:\/\/bodyshapenutrition.eu\/de\/author\/metasticworld\/"},"uagb_comment_info":0,"uagb_excerpt":"Student Discount Fill the below form to get Special Membership Discount exclusive for Students only. Support Form (#3) First NameLast NameEmailDepartment&#8211; Select Department &#8211;Web DesignWeb DevelopmentWordPress DevelopmentDevOpsSubjectDescriptionSubmit Form Eligibility Criteria \u00dcbersicht:Sind Sie Student und m\u00f6chten Ihre Fitness auf die n\u00e4chste Stufe heben? Wir bei BodyShape Nutrition glauben, dass die richtige Ern\u00e4hrung die Grundlage eines gesunden&hellip;","_links":{"self":[{"href":"https:\/\/bodyshapenutrition.eu\/de\/wp-json\/wp\/v2\/pages\/2074"}],"collection":[{"href":"https:\/\/bodyshapenutrition.eu\/de\/wp-json\/wp\/v2\/pages"}],"about":[{"href":"https:\/\/bodyshapenutrition.eu\/de\/wp-json\/wp\/v2\/types\/page"}],"author":[{"embeddable":true,"href":"https:\/\/bodyshapenutrition.eu\/de\/wp-json\/wp\/v2\/users\/1"}],"replies":[{"embeddable":true,"href":"https:\/\/bodyshapenutrition.eu\/de\/wp-json\/wp\/v2\/comments?post=2074"}],"version-history":[{"count":15,"href":"https:\/\/bodyshapenutrition.eu\/de\/wp-json\/wp\/v2\/pages\/2074\/revisions"}],"predecessor-version":[{"id":2709,"href":"https:\/\/bodyshapenutrition.eu\/de\/wp-json\/wp\/v2\/pages\/2074\/revisions\/2709"}],"wp:attachment":[{"href":"https:\/\/bodyshapenutrition.eu\/de\/wp-json\/wp\/v2\/media?parent=2074"}],"curies":[{"name":"wp","href":"https:\/\/api.w.org\/{rel}","templated":true}]}}